{"id":1652,"date":"2025-02-20T09:08:26","date_gmt":"2025-02-20T09:08:26","guid":{"rendered":"https:\/\/artmed.ee\/?post_type=product&#038;p=1652"},"modified":"2026-01-07T22:39:15","modified_gmt":"2026-01-07T22:39:15","slug":"arkadas-serum-gel","status":"publish","type":"product","link":"https:\/\/artmed.ee\/ee\/shop\/arkada\/regeneration-line\/arkadas-serum-gel\/","title":{"rendered":"Arkada\u2019s Serum Gel"},"content":{"rendered":"<p><strong>S\u00fcgavniisutav ja taastav seerum k\u00fc\u00fcntele ja nahale.<\/strong><\/p>\n<p><strong>Maht:<\/strong> 15 ml<\/p>\n<div class=\"prose mt-2\">\n<p><strong>Sarja Regeneratsioon<\/strong>\u00a0 \u2014 see on intensiivselt toimivate toodete sari, mis on loodud kuiva, l\u00f5henenud ja kahjustatud naha hoolduseks.<\/p>\n<p><strong>Toote eelised:<\/strong><\/p>\n<ul>\n<li class=\"\" data-start=\"604\" data-end=\"666\">\n<p class=\"\" data-start=\"606\" data-end=\"666\">Toetab k\u00fc\u00fcneplaadi taastumist ja tugevdamist<\/p>\n<\/li>\n<li class=\"\" data-start=\"667\" data-end=\"704\">\n<p class=\"\" data-start=\"669\" data-end=\"704\">S\u00fcgavniisutab ja pehmendab nahka<\/p>\n<\/li>\n<li class=\"\" data-start=\"705\" data-end=\"742\">\n<p class=\"\" data-start=\"707\" data-end=\"742\">Leevendab \u00e4rritust ja punetust<\/p>\n<\/li>\n<li class=\"\" data-start=\"743\" data-end=\"787\">\n<p class=\"\" data-start=\"745\" data-end=\"787\">Omab p\u00f5letikuvastast toimet<\/p>\n<\/li>\n<li class=\"\" data-start=\"788\" data-end=\"834\">\n<p class=\"\" data-start=\"790\" data-end=\"834\">Pidurdab bakterite, viiruste ja seente arengut<\/p>\n<\/li>\n<\/ul>\n<\/div>\n<h3 class=\"\" data-start=\"22\" data-end=\"37\"><strong data-start=\"26\" data-end=\"37\">Tulemused:<\/strong><\/h3>\n<p class=\"\" data-start=\"39\" data-end=\"57\"><strong data-start=\"39\" data-end=\"57\">Taastamine<\/strong><\/p>\n<p class=\"\" data-start=\"59\" data-end=\"234\">Soodustab taastumist p\u00e4rast kahjustusi<br data-start=\"103\" data-end=\"106\" \/>Seerum v\u00f5ib aidata k\u00fc\u00fcsi taastada p\u00e4rast mehaanilisi vigastusi, ennetades nende edasist murdumist ja kihistumist.<\/p>\n<p class=\"\" data-start=\"236\" data-end=\"270\"><strong data-start=\"236\" data-end=\"270\">P\u00f5letikuvastane toime<\/strong><\/p>\n<p class=\"\" data-start=\"272\" data-end=\"487\">Kaitse infektsioonide eest<br data-start=\"290\" data-end=\"293\" \/>Teepuu\u00f5lil on p\u00f5letikuvastased omadused ning see aitab kaitsta nahka bakterite, viiruste ja seente eest, mis on eriti oluline nahaprobleemide korral, nagu n\u00e4iteks seeninfektsioonid v\u00f5i psoriaas.<\/p>\n<p class=\"\" data-start=\"489\" data-end=\"497\"><strong data-start=\"489\" data-end=\"497\">Hooldus<\/strong><\/p>\n<p class=\"\" data-start=\"499\" data-end=\"713\">Niisutus ja toitumine<br data-start=\"524\" data-end=\"527\" \/>T\u00e4nu gl\u00fctseriini ja taimsete \u00f5lide sisaldusele niisutab seerum intensiivselt k\u00e4enahka ja k\u00fc\u00fcneplaati, ennetades kuivust. Nahk muutub pehmeks, siledaks ja elastseks.<\/p>","protected":false},"excerpt":{"rendered":"<p><strong>15 ml<\/strong><\/p>\n<p>S\u00fcgavniisutav ja taastav seerum k\u00fc\u00fcntele<\/p>","protected":false},"featured_media":1654,"comment_status":"open","ping_status":"closed","template":"","meta":{"_acf_changed":false},"product_brand":[29],"product_cat":[44,36],"product_tag":[],"class_list":{"0":"post-1652","1":"product","2":"type-product","3":"status-publish","4":"has-post-thumbnail","6":"product_brand-arkada","7":"product_cat-staleks","8":"product_cat-regeneration-line","10":"first","11":"outofstock","12":"taxable","13":"shipping-taxable","14":"purchasable","15":"product-type-simple"},"acf":[],"yoast_head":"<!-- This site is optimized with the Yoast SEO plugin v27.3 - https:\/\/yoast.com\/product\/yoast-seo-wordpress\/ -->\n<title>Arkada\u2019s Serum Gel - Artmed Podoakadeemia<\/title>\n<meta name=\"robots\" content=\"index, follow, max-snippet:-1, max-image-preview:large, max-video-preview:-1\" \/>\n<link rel=\"canonical\" href=\"https:\/\/artmed.ee\/ee\/shop\/arkada\/regeneration-line\/arkadas-serum-gel\/\" \/>\n<meta property=\"og:locale\" content=\"et_EE\" \/>\n<meta property=\"og:type\" content=\"article\" \/>\n<meta property=\"og:title\" content=\"Arkada\u2019s Serum Gel - Artmed Podoakadeemia\" \/>\n<meta property=\"og:description\" content=\"15 \u043c\u043b  \u0423\u0432\u043b\u0430\u0436\u043d\u044f\u044e\u0449\u0430\u044f \u0441\u044b\u0432\u043e\u0440\u043e\u0442\u043a\u0430 \u0434\u043b\u044f \u043d\u043e\u0433\u0442\u0435\u0439 \u0438 \u043a\u043e\u0436\u0438\" \/>\n<meta property=\"og:url\" content=\"https:\/\/artmed.ee\/ee\/shop\/arkada\/regeneration-line\/arkadas-serum-gel\/\" \/>\n<meta property=\"og:site_name\" content=\"Artmed Podoakadeemia\" \/>\n<meta property=\"article:publisher\" content=\"https:\/\/www.facebook.com\/artmedstuudio\" \/>\n<meta property=\"article:modified_time\" content=\"2026-01-07T22:39:15+00:00\" \/>\n<meta property=\"og:image\" content=\"https:\/\/artmed.ee\/wp-content\/uploads\/2025\/02\/Serum-w-zelu_1.webp\" \/>\n\t<meta property=\"og:image:width\" content=\"1500\" \/>\n\t<meta property=\"og:image:height\" content=\"1500\" \/>\n\t<meta property=\"og:image:type\" content=\"image\/webp\" \/>\n<meta name=\"twitter:card\" content=\"summary_large_image\" \/>\n<meta name=\"twitter:label1\" content=\"Est. reading time\" \/>\n\t<meta name=\"twitter:data1\" content=\"1 minut\" \/>\n<script type=\"application\/ld+json\" class=\"yoast-schema-graph\">{\"@context\":\"https:\\\/\\\/schema.org\",\"@graph\":[{\"@type\":\"WebPage\",\"@id\":\"https:\\\/\\\/artmed.ee\\\/shop\\\/arkada\\\/regeneration-line\\\/arkadas-serum-gel\\\/\",\"url\":\"https:\\\/\\\/artmed.ee\\\/shop\\\/arkada\\\/regeneration-line\\\/arkadas-serum-gel\\\/\",\"name\":\"Arkada\u2019s Serum Gel - Artmed Podoakadeemia\",\"isPartOf\":{\"@id\":\"https:\\\/\\\/artmed.ee\\\/#website\"},\"primaryImageOfPage\":{\"@id\":\"https:\\\/\\\/artmed.ee\\\/shop\\\/arkada\\\/regeneration-line\\\/arkadas-serum-gel\\\/#primaryimage\"},\"image\":{\"@id\":\"https:\\\/\\\/artmed.ee\\\/shop\\\/arkada\\\/regeneration-line\\\/arkadas-serum-gel\\\/#primaryimage\"},\"thumbnailUrl\":\"https:\\\/\\\/artmed.ee\\\/wp-content\\\/uploads\\\/2025\\\/02\\\/Serum-w-zelu_1.webp\",\"datePublished\":\"2025-02-20T09:08:26+00:00\",\"dateModified\":\"2026-01-07T22:39:15+00:00\",\"breadcrumb\":{\"@id\":\"https:\\\/\\\/artmed.ee\\\/shop\\\/arkada\\\/regeneration-line\\\/arkadas-serum-gel\\\/#breadcrumb\"},\"inLanguage\":\"et\",\"potentialAction\":[{\"@type\":\"ReadAction\",\"target\":[\"https:\\\/\\\/artmed.ee\\\/shop\\\/arkada\\\/regeneration-line\\\/arkadas-serum-gel\\\/\"]}]},{\"@type\":\"ImageObject\",\"inLanguage\":\"et\",\"@id\":\"https:\\\/\\\/artmed.ee\\\/shop\\\/arkada\\\/regeneration-line\\\/arkadas-serum-gel\\\/#primaryimage\",\"url\":\"https:\\\/\\\/artmed.ee\\\/wp-content\\\/uploads\\\/2025\\\/02\\\/Serum-w-zelu_1.webp\",\"contentUrl\":\"https:\\\/\\\/artmed.ee\\\/wp-content\\\/uploads\\\/2025\\\/02\\\/Serum-w-zelu_1.webp\",\"width\":1500,\"height\":1500},{\"@type\":\"BreadcrumbList\",\"@id\":\"https:\\\/\\\/artmed.ee\\\/shop\\\/arkada\\\/regeneration-line\\\/arkadas-serum-gel\\\/#breadcrumb\",\"itemListElement\":[{\"@type\":\"ListItem\",\"position\":1,\"name\":\"\u0413\u043b\u0430\u0432\u043d\u0430\u044f \u0441\u0442\u0440\u0430\u043d\u0438\u0446\u0430\",\"item\":\"https:\\\/\\\/artmed.ee\\\/\"},{\"@type\":\"ListItem\",\"position\":2,\"name\":\"\u0422\u043e\u0432\u0430\u0440\u044b\",\"item\":\"https:\\\/\\\/artmed.ee\\\/shop\\\/\"},{\"@type\":\"ListItem\",\"position\":3,\"name\":\"Arkada\u2019s Serum Gel\"}]},{\"@type\":\"WebSite\",\"@id\":\"https:\\\/\\\/artmed.ee\\\/#website\",\"url\":\"https:\\\/\\\/artmed.ee\\\/\",\"name\":\"Artmed.ee\",\"description\":\"\u041c\u044b \u0437\u0430\u0431\u043e\u0442\u0438\u043c\u0441\u044f \u043e \u0432\u0430\u0448\u0438\u0445 \u043d\u043e\u0433\u0430\u0445! \u041b\u0435\u0447\u0435\u0431\u043d\u044b\u0439 \u043f\u0435\u0434\u0438\u043a\u044e\u0440 \u0432 \u0422\u0430\u043b\u043b\u0438\u043d\u043d\u0435, \u0446\u0435\u043d\u0442\u0440 \u043e\u0431\u0443\u0447\u0435\u043d\u0438\u044f \u0430\u043f\u043f\u0430\u0440\u0430\u0442\u043d\u043e\u043c\u0443 \u043f\u0435\u0434\u0438\u043a\u044e\u0440\u0443. \u0423\u0441\u0442\u0430\u043d\u043e\u0432\u043a\u0430 \u043a\u043e\u0440\u0440\u0435\u043a\u0446\u0438\u043e\u043d\u043d\u043e\u0439 \u0441\u0438\u0441\u0442\u0435\u043c\u044b. \u041b\u0435\u0447\u0435\u043d\u0438\u0435 \u043d\u043e\u0433. \u0413\u0440\u0438\u0431\u043e\u043a, \u043c\u043e\u0437\u043e\u043b\u0438, \u043d\u0430\u0442\u043e\u043f\u0442\u044b\u0448\u0438, \u043f\u0435\u0434\u0438\u043a\u044e\u0440.\",\"publisher\":{\"@id\":\"https:\\\/\\\/artmed.ee\\\/#organization\"},\"potentialAction\":[{\"@type\":\"SearchAction\",\"target\":{\"@type\":\"EntryPoint\",\"urlTemplate\":\"https:\\\/\\\/artmed.ee\\\/?s={search_term_string}\"},\"query-input\":{\"@type\":\"PropertyValueSpecification\",\"valueRequired\":true,\"valueName\":\"search_term_string\"}}],\"inLanguage\":\"et\"},{\"@type\":\"Organization\",\"@id\":\"https:\\\/\\\/artmed.ee\\\/#organization\",\"name\":\"Artmed Podoakadeemia\",\"url\":\"https:\\\/\\\/artmed.ee\\\/\",\"logo\":{\"@type\":\"ImageObject\",\"inLanguage\":\"et\",\"@id\":\"https:\\\/\\\/artmed.ee\\\/#\\\/schema\\\/logo\\\/image\\\/\",\"url\":\"https:\\\/\\\/artmed.ee\\\/wp-content\\\/uploads\\\/2025\\\/01\\\/cropped-artmed_logo_png-1.png\",\"contentUrl\":\"https:\\\/\\\/artmed.ee\\\/wp-content\\\/uploads\\\/2025\\\/01\\\/cropped-artmed_logo_png-1.png\",\"width\":639,\"height\":391,\"caption\":\"Artmed Podoakadeemia\"},\"image\":{\"@id\":\"https:\\\/\\\/artmed.ee\\\/#\\\/schema\\\/logo\\\/image\\\/\"},\"sameAs\":[\"https:\\\/\\\/www.facebook.com\\\/artmedstuudio\",\"https:\\\/\\\/www.instagram.com\\\/artmed_podoakadeemia\\\/\"]}]}<\/script>\n<!-- \/ Yoast SEO plugin. -->","yoast_head_json":{"title":"Arkada\u2019s Serum Gel - Artmed Podoakadeemia","robots":{"index":"index","follow":"follow","max-snippet":"max-snippet:-1","max-image-preview":"max-image-preview:large","max-video-preview":"max-video-preview:-1"},"canonical":"https:\/\/artmed.ee\/ee\/shop\/arkada\/regeneration-line\/arkadas-serum-gel\/","og_locale":"et_EE","og_type":"article","og_title":"Arkada\u2019s Serum Gel - Artmed Podoakadeemia","og_description":"15 \u043c\u043b  \u0423\u0432\u043b\u0430\u0436\u043d\u044f\u044e\u0449\u0430\u044f \u0441\u044b\u0432\u043e\u0440\u043e\u0442\u043a\u0430 \u0434\u043b\u044f \u043d\u043e\u0433\u0442\u0435\u0439 \u0438 \u043a\u043e\u0436\u0438","og_url":"https:\/\/artmed.ee\/ee\/shop\/arkada\/regeneration-line\/arkadas-serum-gel\/","og_site_name":"Artmed Podoakadeemia","article_publisher":"https:\/\/www.facebook.com\/artmedstuudio","article_modified_time":"2026-01-07T22:39:15+00:00","og_image":[{"width":1500,"height":1500,"url":"https:\/\/artmed.ee\/wp-content\/uploads\/2025\/02\/Serum-w-zelu_1.webp","type":"image\/webp"}],"twitter_card":"summary_large_image","twitter_misc":{"Est. reading time":"1 minut"},"schema":{"@context":"https:\/\/schema.org","@graph":[{"@type":"WebPage","@id":"https:\/\/artmed.ee\/shop\/arkada\/regeneration-line\/arkadas-serum-gel\/","url":"https:\/\/artmed.ee\/shop\/arkada\/regeneration-line\/arkadas-serum-gel\/","name":"Arkada\u2019s Serum Gel - Artmed Podoakadeemia","isPartOf":{"@id":"https:\/\/artmed.ee\/#website"},"primaryImageOfPage":{"@id":"https:\/\/artmed.ee\/shop\/arkada\/regeneration-line\/arkadas-serum-gel\/#primaryimage"},"image":{"@id":"https:\/\/artmed.ee\/shop\/arkada\/regeneration-line\/arkadas-serum-gel\/#primaryimage"},"thumbnailUrl":"https:\/\/artmed.ee\/wp-content\/uploads\/2025\/02\/Serum-w-zelu_1.webp","datePublished":"2025-02-20T09:08:26+00:00","dateModified":"2026-01-07T22:39:15+00:00","breadcrumb":{"@id":"https:\/\/artmed.ee\/shop\/arkada\/regeneration-line\/arkadas-serum-gel\/#breadcrumb"},"inLanguage":"et","potentialAction":[{"@type":"ReadAction","target":["https:\/\/artmed.ee\/shop\/arkada\/regeneration-line\/arkadas-serum-gel\/"]}]},{"@type":"ImageObject","inLanguage":"et","@id":"https:\/\/artmed.ee\/shop\/arkada\/regeneration-line\/arkadas-serum-gel\/#primaryimage","url":"https:\/\/artmed.ee\/wp-content\/uploads\/2025\/02\/Serum-w-zelu_1.webp","contentUrl":"https:\/\/artmed.ee\/wp-content\/uploads\/2025\/02\/Serum-w-zelu_1.webp","width":1500,"height":1500},{"@type":"BreadcrumbList","@id":"https:\/\/artmed.ee\/shop\/arkada\/regeneration-line\/arkadas-serum-gel\/#breadcrumb","itemListElement":[{"@type":"ListItem","position":1,"name":"\u0413\u043b\u0430\u0432\u043d\u0430\u044f \u0441\u0442\u0440\u0430\u043d\u0438\u0446\u0430","item":"https:\/\/artmed.ee\/"},{"@type":"ListItem","position":2,"name":"\u0422\u043e\u0432\u0430\u0440\u044b","item":"https:\/\/artmed.ee\/shop\/"},{"@type":"ListItem","position":3,"name":"Arkada\u2019s Serum Gel"}]},{"@type":"WebSite","@id":"https:\/\/artmed.ee\/#website","url":"https:\/\/artmed.ee\/","name":"Artmed.ee","description":"\u041c\u044b \u0437\u0430\u0431\u043e\u0442\u0438\u043c\u0441\u044f \u043e \u0432\u0430\u0448\u0438\u0445 \u043d\u043e\u0433\u0430\u0445! \u041b\u0435\u0447\u0435\u0431\u043d\u044b\u0439 \u043f\u0435\u0434\u0438\u043a\u044e\u0440 \u0432 \u0422\u0430\u043b\u043b\u0438\u043d\u043d\u0435, \u0446\u0435\u043d\u0442\u0440 \u043e\u0431\u0443\u0447\u0435\u043d\u0438\u044f \u0430\u043f\u043f\u0430\u0440\u0430\u0442\u043d\u043e\u043c\u0443 \u043f\u0435\u0434\u0438\u043a\u044e\u0440\u0443. \u0423\u0441\u0442\u0430\u043d\u043e\u0432\u043a\u0430 \u043a\u043e\u0440\u0440\u0435\u043a\u0446\u0438\u043e\u043d\u043d\u043e\u0439 \u0441\u0438\u0441\u0442\u0435\u043c\u044b. \u041b\u0435\u0447\u0435\u043d\u0438\u0435 \u043d\u043e\u0433. \u0413\u0440\u0438\u0431\u043e\u043a, \u043c\u043e\u0437\u043e\u043b\u0438, \u043d\u0430\u0442\u043e\u043f\u0442\u044b\u0448\u0438, \u043f\u0435\u0434\u0438\u043a\u044e\u0440.","publisher":{"@id":"https:\/\/artmed.ee\/#organization"},"potentialAction":[{"@type":"SearchAction","target":{"@type":"EntryPoint","urlTemplate":"https:\/\/artmed.ee\/?s={search_term_string}"},"query-input":{"@type":"PropertyValueSpecification","valueRequired":true,"valueName":"search_term_string"}}],"inLanguage":"et"},{"@type":"Organization","@id":"https:\/\/artmed.ee\/#organization","name":"Artmed Podoakadeemia","url":"https:\/\/artmed.ee\/","logo":{"@type":"ImageObject","inLanguage":"et","@id":"https:\/\/artmed.ee\/#\/schema\/logo\/image\/","url":"https:\/\/artmed.ee\/wp-content\/uploads\/2025\/01\/cropped-artmed_logo_png-1.png","contentUrl":"https:\/\/artmed.ee\/wp-content\/uploads\/2025\/01\/cropped-artmed_logo_png-1.png","width":639,"height":391,"caption":"Artmed Podoakadeemia"},"image":{"@id":"https:\/\/artmed.ee\/#\/schema\/logo\/image\/"},"sameAs":["https:\/\/www.facebook.com\/artmedstuudio","https:\/\/www.instagram.com\/artmed_podoakadeemia\/"]}]}},"_links":{"self":[{"href":"https:\/\/artmed.ee\/ee\/wp-json\/wp\/v2\/product\/1652","targetHints":{"allow":["GET"]}}],"collection":[{"href":"https:\/\/artmed.ee\/ee\/wp-json\/wp\/v2\/product"}],"about":[{"href":"https:\/\/artmed.ee\/ee\/wp-json\/wp\/v2\/types\/product"}],"replies":[{"embeddable":true,"href":"https:\/\/artmed.ee\/ee\/wp-json\/wp\/v2\/comments?post=1652"}],"wp:featuredmedia":[{"embeddable":true,"href":"https:\/\/artmed.ee\/ee\/wp-json\/wp\/v2\/media\/1654"}],"wp:attachment":[{"href":"https:\/\/artmed.ee\/ee\/wp-json\/wp\/v2\/media?parent=1652"}],"wp:term":[{"taxonomy":"product_brand","embeddable":true,"href":"https:\/\/artmed.ee\/ee\/wp-json\/wp\/v2\/product_brand?post=1652"},{"taxonomy":"product_cat","embeddable":true,"href":"https:\/\/artmed.ee\/ee\/wp-json\/wp\/v2\/product_cat?post=1652"},{"taxonomy":"product_tag","embeddable":true,"href":"https:\/\/artmed.ee\/ee\/wp-json\/wp\/v2\/product_tag?post=1652"}],"curies":[{"name":"wp","href":"https:\/\/api.w.org\/{rel}","templated":true}]}}