{"id":1655,"date":"2025-02-20T09:11:17","date_gmt":"2025-02-20T09:11:17","guid":{"rendered":"https:\/\/artmed.ee\/?post_type=product&#038;p=1655"},"modified":"2026-01-01T16:24:01","modified_gmt":"2026-01-01T16:24:01","slug":"arkadas-podologic-bath-salt","status":"publish","type":"product","link":"https:\/\/artmed.ee\/ee\/shop\/arkada\/%d1%81%d0%b5%d1%80%d0%b8%d1%8f-%d0%b7%d0%b0%d1%89%d0%b8%d1%82%d0%b0\/arkadas-podologic-bath-salt\/","title":{"rendered":"Arkada\u2019s Podologic Bath Salt"},"content":{"rendered":"<p><strong>Puhastav sool naha ja k\u00fc\u00fcnte hoolduseks.<\/strong><\/p>\n<p><strong>Maht: 500 g<\/strong><\/p>\n<div class=\"prose mt-2\">\n<p class=\"\" data-start=\"60\" data-end=\"214\"><strong>Sarja Kaitse<\/strong> on tootesari, mis on loodud naha ja k\u00fc\u00fcnte igak\u00fclgseks hoolduseks, kui need vajavad intensiivset kaitset, niisutust ja taastamist.<\/p>\n<p class=\"\" data-start=\"0\" data-end=\"26\"><strong data-start=\"0\" data-end=\"26\">Toote eelised:<\/strong><\/p>\n<ul data-start=\"28\" data-end=\"215\" data-is-last-node=\"\" data-is-only-node=\"\">\n<li class=\"\" data-start=\"28\" data-end=\"68\">\n<p class=\"\" data-start=\"30\" data-end=\"68\">Leevendab \u00e4rritusi ja p\u00f5letikke<\/p>\n<\/li>\n<li class=\"\" data-start=\"69\" data-end=\"115\">\n<p class=\"\" data-start=\"71\" data-end=\"115\">Toetab kudede taastumise protsessi<\/p>\n<\/li>\n<li class=\"\" data-start=\"116\" data-end=\"166\">\n<p class=\"\" data-start=\"118\" data-end=\"166\">Aitab pidurdada bakterite, seente ja viiruste arengut<\/p>\n<\/li>\n<li class=\"\" data-start=\"167\" data-end=\"201\">\n<p class=\"\" data-start=\"169\" data-end=\"201\">Neutraliseerib ebameeldivad l\u00f5hnad<\/p>\n<\/li>\n<li class=\"\" data-start=\"202\" data-end=\"215\">\n<p class=\"\" data-start=\"204\" data-end=\"215\">V\u00e4hendab s\u00fcgelustunnet<\/p>\n<\/li>\n<\/ul>\n<\/div>\n<p class=\"\" data-start=\"0\" data-end=\"11\"><strong data-start=\"0\" data-end=\"11\">Tulemused:<\/strong><\/p>\n<p class=\"\" data-start=\"13\" data-end=\"241\"><strong data-start=\"13\" data-end=\"36\">Leevendus nahale<\/strong><br data-start=\"36\" data-end=\"39\" \/>S\u00fcgeluse v\u00e4hendamine.<br data-start=\"61\" data-end=\"64\" \/>Toode aitab v\u00e4hendada s\u00fcgelust, mis v\u00f5ib esineda jalgade seentehaiguste, naha\u00e4rrituste v\u00f5i p\u00f5letike korral. Piparm\u00fcndi\u00f5li rahustab \u00e4rritusi ja samal ajal jahutab nahka, pakkudes leevendust.<\/p>\n<p class=\"\" data-start=\"243\" data-end=\"497\"><strong data-start=\"243\" data-end=\"257\">Paranemine<\/strong><br data-start=\"257\" data-end=\"260\" \/>Toetab naha ja k\u00fc\u00fcnte taastumist.<br data-start=\"298\" data-end=\"301\" \/>Magneesiumsulfaat toetab kudede taastumisprotsessi, kiirendades naha ja k\u00fc\u00fcnte vigastuste paranemist. See on eriti oluline k\u00fc\u00fcnealuste p\u00f5letike ja liighigistamisest tingitud kahjustuste korral.<\/p>\n<p class=\"\" data-start=\"499\" data-end=\"743\"><strong data-start=\"499\" data-end=\"517\">Terved jalad<\/strong><br data-start=\"517\" data-end=\"520\" \/>Bakterite, seente ja viiruste arengu pidurdamine.<br data-start=\"567\" data-end=\"570\" \/>Teepuu\u00f5li, oregaano\u00f5li ja sidruni\u00f5li omavad tugevat antibakteriaalset, seenevastast ja viirusevastast toimet, t\u00f5husalt takistades infektsioonide teket ja aitavad hoida jalad tervena.<\/p>","protected":false},"excerpt":{"rendered":"<p><strong>500 g<\/strong><\/p>\n<p>Puhastav sool naha ja k\u00fc\u00fcnte hoolduseks<\/p>","protected":false},"featured_media":1657,"comment_status":"open","ping_status":"closed","template":"","meta":{"_acf_changed":false},"product_brand":[29],"product_cat":[66,110,44,38],"product_tag":[],"class_list":{"0":"post-1655","1":"product","2":"type-product","3":"status-publish","4":"has-post-thumbnail","6":"product_brand-arkada","7":"product_cat-arkada","8":"product_cat-110","9":"product_cat-staleks","10":"product_cat-38","12":"first","13":"instock","14":"sale","15":"taxable","16":"shipping-taxable","17":"purchasable","18":"product-type-simple"},"acf":[],"yoast_head":"<!-- This site is optimized with the Yoast SEO plugin v27.3 - https:\/\/yoast.com\/product\/yoast-seo-wordpress\/ -->\n<title>Arkada\u2019s Podologic Bath Salt - Artmed Podoakadeemia<\/title>\n<meta name=\"robots\" content=\"index, follow, max-snippet:-1, max-image-preview:large, max-video-preview:-1\" \/>\n<link rel=\"canonical\" href=\"https:\/\/artmed.ee\/ee\/shop\/arkada\/\u0441\u0435\u0440\u0438\u044f-\u0437\u0430\u0449\u0438\u0442\u0430\/arkadas-podologic-bath-salt\/\" \/>\n<meta property=\"og:locale\" content=\"et_EE\" \/>\n<meta property=\"og:type\" content=\"article\" \/>\n<meta property=\"og:title\" content=\"Arkada\u2019s Podologic Bath Salt - Artmed Podoakadeemia\" \/>\n<meta property=\"og:description\" content=\"500 \u0433  \u041e\u0447\u0438\u0449\u0430\u044e\u0449\u0430\u044f \u0441\u043e\u043b\u044c \u0434\u043b\u044f \u0443\u0445\u043e\u0434\u0430 \u0437\u0430 \u043a\u043e\u0436\u0435\u0439 \u0438 \u043d\u043e\u0433\u0442\u044f\u043c\u0438\" \/>\n<meta property=\"og:url\" content=\"https:\/\/artmed.ee\/ee\/shop\/arkada\/\u0441\u0435\u0440\u0438\u044f-\u0437\u0430\u0449\u0438\u0442\u0430\/arkadas-podologic-bath-salt\/\" \/>\n<meta property=\"og:site_name\" content=\"Artmed Podoakadeemia\" \/>\n<meta property=\"article:publisher\" content=\"https:\/\/www.facebook.com\/artmedstuudio\" \/>\n<meta property=\"article:modified_time\" content=\"2026-01-01T16:24:01+00:00\" \/>\n<meta property=\"og:image\" content=\"https:\/\/artmed.ee\/wp-content\/uploads\/2025\/02\/Arkadas-Sol-podologiczna_1.webp\" \/>\n\t<meta property=\"og:image:width\" content=\"1500\" \/>\n\t<meta property=\"og:image:height\" content=\"1500\" \/>\n\t<meta property=\"og:image:type\" content=\"image\/webp\" \/>\n<meta name=\"twitter:card\" content=\"summary_large_image\" \/>\n<meta name=\"twitter:label1\" content=\"Est. reading time\" \/>\n\t<meta name=\"twitter:data1\" content=\"1 minut\" \/>\n<script type=\"application\/ld+json\" class=\"yoast-schema-graph\">{\"@context\":\"https:\\\/\\\/schema.org\",\"@graph\":[{\"@type\":\"WebPage\",\"@id\":\"https:\\\/\\\/artmed.ee\\\/shop\\\/arkada\\\/%d1%81%d0%b5%d1%80%d0%b8%d1%8f-%d0%b7%d0%b0%d1%89%d0%b8%d1%82%d0%b0\\\/arkadas-podologic-bath-salt\\\/\",\"url\":\"https:\\\/\\\/artmed.ee\\\/shop\\\/arkada\\\/%d1%81%d0%b5%d1%80%d0%b8%d1%8f-%d0%b7%d0%b0%d1%89%d0%b8%d1%82%d0%b0\\\/arkadas-podologic-bath-salt\\\/\",\"name\":\"Arkada\u2019s Podologic Bath Salt - Artmed Podoakadeemia\",\"isPartOf\":{\"@id\":\"https:\\\/\\\/artmed.ee\\\/#website\"},\"primaryImageOfPage\":{\"@id\":\"https:\\\/\\\/artmed.ee\\\/shop\\\/arkada\\\/%d1%81%d0%b5%d1%80%d0%b8%d1%8f-%d0%b7%d0%b0%d1%89%d0%b8%d1%82%d0%b0\\\/arkadas-podologic-bath-salt\\\/#primaryimage\"},\"image\":{\"@id\":\"https:\\\/\\\/artmed.ee\\\/shop\\\/arkada\\\/%d1%81%d0%b5%d1%80%d0%b8%d1%8f-%d0%b7%d0%b0%d1%89%d0%b8%d1%82%d0%b0\\\/arkadas-podologic-bath-salt\\\/#primaryimage\"},\"thumbnailUrl\":\"https:\\\/\\\/artmed.ee\\\/wp-content\\\/uploads\\\/2025\\\/02\\\/Arkadas-Sol-podologiczna_1.webp\",\"datePublished\":\"2025-02-20T09:11:17+00:00\",\"dateModified\":\"2026-01-01T16:24:01+00:00\",\"breadcrumb\":{\"@id\":\"https:\\\/\\\/artmed.ee\\\/shop\\\/arkada\\\/%d1%81%d0%b5%d1%80%d0%b8%d1%8f-%d0%b7%d0%b0%d1%89%d0%b8%d1%82%d0%b0\\\/arkadas-podologic-bath-salt\\\/#breadcrumb\"},\"inLanguage\":\"et\",\"potentialAction\":[{\"@type\":\"ReadAction\",\"target\":[\"https:\\\/\\\/artmed.ee\\\/shop\\\/arkada\\\/%d1%81%d0%b5%d1%80%d0%b8%d1%8f-%d0%b7%d0%b0%d1%89%d0%b8%d1%82%d0%b0\\\/arkadas-podologic-bath-salt\\\/\"]}]},{\"@type\":\"ImageObject\",\"inLanguage\":\"et\",\"@id\":\"https:\\\/\\\/artmed.ee\\\/shop\\\/arkada\\\/%d1%81%d0%b5%d1%80%d0%b8%d1%8f-%d0%b7%d0%b0%d1%89%d0%b8%d1%82%d0%b0\\\/arkadas-podologic-bath-salt\\\/#primaryimage\",\"url\":\"https:\\\/\\\/artmed.ee\\\/wp-content\\\/uploads\\\/2025\\\/02\\\/Arkadas-Sol-podologiczna_1.webp\",\"contentUrl\":\"https:\\\/\\\/artmed.ee\\\/wp-content\\\/uploads\\\/2025\\\/02\\\/Arkadas-Sol-podologiczna_1.webp\",\"width\":1500,\"height\":1500},{\"@type\":\"BreadcrumbList\",\"@id\":\"https:\\\/\\\/artmed.ee\\\/shop\\\/arkada\\\/%d1%81%d0%b5%d1%80%d0%b8%d1%8f-%d0%b7%d0%b0%d1%89%d0%b8%d1%82%d0%b0\\\/arkadas-podologic-bath-salt\\\/#breadcrumb\",\"itemListElement\":[{\"@type\":\"ListItem\",\"position\":1,\"name\":\"\u0413\u043b\u0430\u0432\u043d\u0430\u044f \u0441\u0442\u0440\u0430\u043d\u0438\u0446\u0430\",\"item\":\"https:\\\/\\\/artmed.ee\\\/\"},{\"@type\":\"ListItem\",\"position\":2,\"name\":\"\u0422\u043e\u0432\u0430\u0440\u044b\",\"item\":\"https:\\\/\\\/artmed.ee\\\/shop\\\/\"},{\"@type\":\"ListItem\",\"position\":3,\"name\":\"Arkada\u2019s Podologic Bath Salt\"}]},{\"@type\":\"WebSite\",\"@id\":\"https:\\\/\\\/artmed.ee\\\/#website\",\"url\":\"https:\\\/\\\/artmed.ee\\\/\",\"name\":\"Artmed.ee\",\"description\":\"\u041c\u044b \u0437\u0430\u0431\u043e\u0442\u0438\u043c\u0441\u044f \u043e \u0432\u0430\u0448\u0438\u0445 \u043d\u043e\u0433\u0430\u0445! \u041b\u0435\u0447\u0435\u0431\u043d\u044b\u0439 \u043f\u0435\u0434\u0438\u043a\u044e\u0440 \u0432 \u0422\u0430\u043b\u043b\u0438\u043d\u043d\u0435, \u0446\u0435\u043d\u0442\u0440 \u043e\u0431\u0443\u0447\u0435\u043d\u0438\u044f \u0430\u043f\u043f\u0430\u0440\u0430\u0442\u043d\u043e\u043c\u0443 \u043f\u0435\u0434\u0438\u043a\u044e\u0440\u0443. \u0423\u0441\u0442\u0430\u043d\u043e\u0432\u043a\u0430 \u043a\u043e\u0440\u0440\u0435\u043a\u0446\u0438\u043e\u043d\u043d\u043e\u0439 \u0441\u0438\u0441\u0442\u0435\u043c\u044b. \u041b\u0435\u0447\u0435\u043d\u0438\u0435 \u043d\u043e\u0433. \u0413\u0440\u0438\u0431\u043e\u043a, \u043c\u043e\u0437\u043e\u043b\u0438, \u043d\u0430\u0442\u043e\u043f\u0442\u044b\u0448\u0438, \u043f\u0435\u0434\u0438\u043a\u044e\u0440.\",\"publisher\":{\"@id\":\"https:\\\/\\\/artmed.ee\\\/#organization\"},\"potentialAction\":[{\"@type\":\"SearchAction\",\"target\":{\"@type\":\"EntryPoint\",\"urlTemplate\":\"https:\\\/\\\/artmed.ee\\\/?s={search_term_string}\"},\"query-input\":{\"@type\":\"PropertyValueSpecification\",\"valueRequired\":true,\"valueName\":\"search_term_string\"}}],\"inLanguage\":\"et\"},{\"@type\":\"Organization\",\"@id\":\"https:\\\/\\\/artmed.ee\\\/#organization\",\"name\":\"Artmed Podoakadeemia\",\"url\":\"https:\\\/\\\/artmed.ee\\\/\",\"logo\":{\"@type\":\"ImageObject\",\"inLanguage\":\"et\",\"@id\":\"https:\\\/\\\/artmed.ee\\\/#\\\/schema\\\/logo\\\/image\\\/\",\"url\":\"https:\\\/\\\/artmed.ee\\\/wp-content\\\/uploads\\\/2025\\\/01\\\/cropped-artmed_logo_png-1.png\",\"contentUrl\":\"https:\\\/\\\/artmed.ee\\\/wp-content\\\/uploads\\\/2025\\\/01\\\/cropped-artmed_logo_png-1.png\",\"width\":639,\"height\":391,\"caption\":\"Artmed Podoakadeemia\"},\"image\":{\"@id\":\"https:\\\/\\\/artmed.ee\\\/#\\\/schema\\\/logo\\\/image\\\/\"},\"sameAs\":[\"https:\\\/\\\/www.facebook.com\\\/artmedstuudio\",\"https:\\\/\\\/www.instagram.com\\\/artmed_podoakadeemia\\\/\"]}]}<\/script>\n<!-- \/ Yoast SEO plugin. -->","yoast_head_json":{"title":"Arkada\u2019s Podologic Bath Salt - Artmed Podoakadeemia","robots":{"index":"index","follow":"follow","max-snippet":"max-snippet:-1","max-image-preview":"max-image-preview:large","max-video-preview":"max-video-preview:-1"},"canonical":"https:\/\/artmed.ee\/ee\/shop\/arkada\/\u0441\u0435\u0440\u0438\u044f-\u0437\u0430\u0449\u0438\u0442\u0430\/arkadas-podologic-bath-salt\/","og_locale":"et_EE","og_type":"article","og_title":"Arkada\u2019s Podologic Bath Salt - Artmed Podoakadeemia","og_description":"500 \u0433  \u041e\u0447\u0438\u0449\u0430\u044e\u0449\u0430\u044f \u0441\u043e\u043b\u044c \u0434\u043b\u044f \u0443\u0445\u043e\u0434\u0430 \u0437\u0430 \u043a\u043e\u0436\u0435\u0439 \u0438 \u043d\u043e\u0433\u0442\u044f\u043c\u0438","og_url":"https:\/\/artmed.ee\/ee\/shop\/arkada\/\u0441\u0435\u0440\u0438\u044f-\u0437\u0430\u0449\u0438\u0442\u0430\/arkadas-podologic-bath-salt\/","og_site_name":"Artmed Podoakadeemia","article_publisher":"https:\/\/www.facebook.com\/artmedstuudio","article_modified_time":"2026-01-01T16:24:01+00:00","og_image":[{"width":1500,"height":1500,"url":"https:\/\/artmed.ee\/wp-content\/uploads\/2025\/02\/Arkadas-Sol-podologiczna_1.webp","type":"image\/webp"}],"twitter_card":"summary_large_image","twitter_misc":{"Est. reading time":"1 minut"},"schema":{"@context":"https:\/\/schema.org","@graph":[{"@type":"WebPage","@id":"https:\/\/artmed.ee\/shop\/arkada\/%d1%81%d0%b5%d1%80%d0%b8%d1%8f-%d0%b7%d0%b0%d1%89%d0%b8%d1%82%d0%b0\/arkadas-podologic-bath-salt\/","url":"https:\/\/artmed.ee\/shop\/arkada\/%d1%81%d0%b5%d1%80%d0%b8%d1%8f-%d0%b7%d0%b0%d1%89%d0%b8%d1%82%d0%b0\/arkadas-podologic-bath-salt\/","name":"Arkada\u2019s Podologic Bath Salt - Artmed Podoakadeemia","isPartOf":{"@id":"https:\/\/artmed.ee\/#website"},"primaryImageOfPage":{"@id":"https:\/\/artmed.ee\/shop\/arkada\/%d1%81%d0%b5%d1%80%d0%b8%d1%8f-%d0%b7%d0%b0%d1%89%d0%b8%d1%82%d0%b0\/arkadas-podologic-bath-salt\/#primaryimage"},"image":{"@id":"https:\/\/artmed.ee\/shop\/arkada\/%d1%81%d0%b5%d1%80%d0%b8%d1%8f-%d0%b7%d0%b0%d1%89%d0%b8%d1%82%d0%b0\/arkadas-podologic-bath-salt\/#primaryimage"},"thumbnailUrl":"https:\/\/artmed.ee\/wp-content\/uploads\/2025\/02\/Arkadas-Sol-podologiczna_1.webp","datePublished":"2025-02-20T09:11:17+00:00","dateModified":"2026-01-01T16:24:01+00:00","breadcrumb":{"@id":"https:\/\/artmed.ee\/shop\/arkada\/%d1%81%d0%b5%d1%80%d0%b8%d1%8f-%d0%b7%d0%b0%d1%89%d0%b8%d1%82%d0%b0\/arkadas-podologic-bath-salt\/#breadcrumb"},"inLanguage":"et","potentialAction":[{"@type":"ReadAction","target":["https:\/\/artmed.ee\/shop\/arkada\/%d1%81%d0%b5%d1%80%d0%b8%d1%8f-%d0%b7%d0%b0%d1%89%d0%b8%d1%82%d0%b0\/arkadas-podologic-bath-salt\/"]}]},{"@type":"ImageObject","inLanguage":"et","@id":"https:\/\/artmed.ee\/shop\/arkada\/%d1%81%d0%b5%d1%80%d0%b8%d1%8f-%d0%b7%d0%b0%d1%89%d0%b8%d1%82%d0%b0\/arkadas-podologic-bath-salt\/#primaryimage","url":"https:\/\/artmed.ee\/wp-content\/uploads\/2025\/02\/Arkadas-Sol-podologiczna_1.webp","contentUrl":"https:\/\/artmed.ee\/wp-content\/uploads\/2025\/02\/Arkadas-Sol-podologiczna_1.webp","width":1500,"height":1500},{"@type":"BreadcrumbList","@id":"https:\/\/artmed.ee\/shop\/arkada\/%d1%81%d0%b5%d1%80%d0%b8%d1%8f-%d0%b7%d0%b0%d1%89%d0%b8%d1%82%d0%b0\/arkadas-podologic-bath-salt\/#breadcrumb","itemListElement":[{"@type":"ListItem","position":1,"name":"\u0413\u043b\u0430\u0432\u043d\u0430\u044f \u0441\u0442\u0440\u0430\u043d\u0438\u0446\u0430","item":"https:\/\/artmed.ee\/"},{"@type":"ListItem","position":2,"name":"\u0422\u043e\u0432\u0430\u0440\u044b","item":"https:\/\/artmed.ee\/shop\/"},{"@type":"ListItem","position":3,"name":"Arkada\u2019s Podologic Bath Salt"}]},{"@type":"WebSite","@id":"https:\/\/artmed.ee\/#website","url":"https:\/\/artmed.ee\/","name":"Artmed.ee","description":"\u041c\u044b \u0437\u0430\u0431\u043e\u0442\u0438\u043c\u0441\u044f \u043e \u0432\u0430\u0448\u0438\u0445 \u043d\u043e\u0433\u0430\u0445! \u041b\u0435\u0447\u0435\u0431\u043d\u044b\u0439 \u043f\u0435\u0434\u0438\u043a\u044e\u0440 \u0432 \u0422\u0430\u043b\u043b\u0438\u043d\u043d\u0435, \u0446\u0435\u043d\u0442\u0440 \u043e\u0431\u0443\u0447\u0435\u043d\u0438\u044f \u0430\u043f\u043f\u0430\u0440\u0430\u0442\u043d\u043e\u043c\u0443 \u043f\u0435\u0434\u0438\u043a\u044e\u0440\u0443. \u0423\u0441\u0442\u0430\u043d\u043e\u0432\u043a\u0430 \u043a\u043e\u0440\u0440\u0435\u043a\u0446\u0438\u043e\u043d\u043d\u043e\u0439 \u0441\u0438\u0441\u0442\u0435\u043c\u044b. \u041b\u0435\u0447\u0435\u043d\u0438\u0435 \u043d\u043e\u0433. \u0413\u0440\u0438\u0431\u043e\u043a, \u043c\u043e\u0437\u043e\u043b\u0438, \u043d\u0430\u0442\u043e\u043f\u0442\u044b\u0448\u0438, \u043f\u0435\u0434\u0438\u043a\u044e\u0440.","publisher":{"@id":"https:\/\/artmed.ee\/#organization"},"potentialAction":[{"@type":"SearchAction","target":{"@type":"EntryPoint","urlTemplate":"https:\/\/artmed.ee\/?s={search_term_string}"},"query-input":{"@type":"PropertyValueSpecification","valueRequired":true,"valueName":"search_term_string"}}],"inLanguage":"et"},{"@type":"Organization","@id":"https:\/\/artmed.ee\/#organization","name":"Artmed Podoakadeemia","url":"https:\/\/artmed.ee\/","logo":{"@type":"ImageObject","inLanguage":"et","@id":"https:\/\/artmed.ee\/#\/schema\/logo\/image\/","url":"https:\/\/artmed.ee\/wp-content\/uploads\/2025\/01\/cropped-artmed_logo_png-1.png","contentUrl":"https:\/\/artmed.ee\/wp-content\/uploads\/2025\/01\/cropped-artmed_logo_png-1.png","width":639,"height":391,"caption":"Artmed Podoakadeemia"},"image":{"@id":"https:\/\/artmed.ee\/#\/schema\/logo\/image\/"},"sameAs":["https:\/\/www.facebook.com\/artmedstuudio","https:\/\/www.instagram.com\/artmed_podoakadeemia\/"]}]}},"_links":{"self":[{"href":"https:\/\/artmed.ee\/ee\/wp-json\/wp\/v2\/product\/1655","targetHints":{"allow":["GET"]}}],"collection":[{"href":"https:\/\/artmed.ee\/ee\/wp-json\/wp\/v2\/product"}],"about":[{"href":"https:\/\/artmed.ee\/ee\/wp-json\/wp\/v2\/types\/product"}],"replies":[{"embeddable":true,"href":"https:\/\/artmed.ee\/ee\/wp-json\/wp\/v2\/comments?post=1655"}],"wp:featuredmedia":[{"embeddable":true,"href":"https:\/\/artmed.ee\/ee\/wp-json\/wp\/v2\/media\/1657"}],"wp:attachment":[{"href":"https:\/\/artmed.ee\/ee\/wp-json\/wp\/v2\/media?parent=1655"}],"wp:term":[{"taxonomy":"product_brand","embeddable":true,"href":"https:\/\/artmed.ee\/ee\/wp-json\/wp\/v2\/product_brand?post=1655"},{"taxonomy":"product_cat","embeddable":true,"href":"https:\/\/artmed.ee\/ee\/wp-json\/wp\/v2\/product_cat?post=1655"},{"taxonomy":"product_tag","embeddable":true,"href":"https:\/\/artmed.ee\/ee\/wp-json\/wp\/v2\/product_tag?post=1655"}],"curies":[{"name":"wp","href":"https:\/\/api.w.org\/{rel}","templated":true}]}}