{"id":3085,"date":"2025-04-03T15:16:01","date_gmt":"2025-04-03T15:16:01","guid":{"rendered":"https:\/\/artmed.ee\/?post_type=product&#038;p=3085"},"modified":"2025-11-30T23:00:38","modified_gmt":"2025-11-30T23:00:38","slug":"%d0%ba%d1%83%d1%81%d0%b0%d1%87%d0%ba%d0%b8-%d0%bf%d1%80%d0%be%d1%84%d0%b5%d1%81%d1%81%d0%b8%d0%be%d0%bd%d0%b0%d0%bb%d1%8c%d0%bd%d1%8b%d0%b5-%d0%b4%d0%bb%d1%8f-%d0%b2%d1%80%d0%be%d1%81%d1%88%d0%b5","status":"publish","type":"product","link":"https:\/\/artmed.ee\/ee\/shop\/stalekspro\/%d0%ba%d1%83%d1%81%d0%b0%d1%87%d0%ba%d0%b8\/%d0%ba%d1%83%d1%81%d0%b0%d1%87%d0%ba%d0%b8-%d0%bf%d1%80%d0%be%d1%84%d0%b5%d1%81%d1%81%d0%b8%d0%be%d0%bd%d0%b0%d0%bb%d1%8c%d0%bd%d1%8b%d0%b5-%d0%b4%d0%bb%d1%8f-%d0%b2%d1%80%d0%be%d1%81%d1%88%d0%b5\/","title":{"rendered":"Professionaalsed tangid sissekasvanud k\u00fc\u00fcnte jaoks EXPERT 61"},"content":{"rendered":"<p class=\"\" data-start=\"0\" data-end=\"36\"><strong>Saadaval on suurused: 12 mm ja 16 mm<\/strong><\/p>\n<p class=\"\" data-start=\"38\" data-end=\"135\">16 mm l\u00f5ikeosaga tangid sobivad tihketele ja j\u00e4medatele k\u00fc\u00fcntele, 12 mm \u2013 \u00f5hematele ja pehmematele.<\/p>\n<p><strong style=\"font-family: -apple-system, BlinkMacSystemFont, 'Segoe UI', Roboto, 'Helvetica Neue', Arial, 'Noto Sans', sans-serif, 'Apple Color Emoji', 'Segoe UI Emoji', 'Segoe UI Symbol', 'Noto Color Emoji';\">Peamised omadused<\/strong><\/p>\n<div class=\"woocommerce-product-details__short-description\">\n<div class=\"u-toggle-text-next-btn --short --expanded\">\n<ul>\n<li>Sobivad \u00f5hukestele ja pehmetele k\u00fc\u00fcntele<\/li>\n<li>Sirged l\u00f5ikeservad ilma kaldenurga ja v\u00e4ljaulatuva osata<\/li>\n<li>Kitsas ja \u00f5huke t\u00f6\u00f6osa \u2013 t\u00e4pseks ja mugavaks sissekasvanud k\u00fc\u00fcne eemaldamiseks<\/li>\n<li>T\u00f6\u00f6tlemata, \u00fcmardatud otsad \u2013 v\u00e4hendavad vigastuste riski<\/li>\n<li>T\u00e4iuslik teravus ja t\u00e4ielik l\u00f5ikeservade sulgumine \u2013 professionaalse k\u00e4sitsi terituse tulemus<\/li>\n<\/ul>\n<\/div>\n<\/div>","protected":false},"excerpt":{"rendered":"<p>Professionaalsed sissekasvanud k\u00fc\u00fcnte tangid, roostevaba teras 40\u042513<\/p>\n<p><strong>12mm, 16mm<\/strong><\/p>","protected":false},"featured_media":3086,"comment_status":"open","ping_status":"closed","template":"","meta":{"_acf_changed":false},"product_brand":[43],"product_cat":[68,44,45],"product_tag":[51,52],"class_list":{"0":"post-3085","1":"product","2":"type-product","3":"status-publish","4":"has-post-thumbnail","6":"product_brand-staleks","7":"product_cat-stalekspro","8":"product_cat-staleks","9":"product_cat-45","10":"product_tag-51","11":"product_tag-52","13":"first","14":"instock","15":"taxable","16":"shipping-taxable","17":"purchasable","18":"product-type-variable"},"acf":[],"yoast_head":"<!-- This site is optimized with the Yoast SEO plugin v27.3 - https:\/\/yoast.com\/product\/yoast-seo-wordpress\/ -->\n<title>\u041a\u0443\u0441\u0430\u0447\u043a\u0438 \u043f\u0440\u043e\u0444\u0435\u0441\u0441\u0438\u043e\u043d\u0430\u043b\u044c\u043d\u044b\u0435 \u0434\u043b\u044f \u0432\u0440\u043e\u0441\u0448\u0435\u0433\u043e \u043d\u043e\u0433\u0442\u044f EXPERT 61 - Artmed Podoakadeemia<\/title>\n<meta name=\"robots\" content=\"index, follow, max-snippet:-1, max-image-preview:large, max-video-preview:-1\" \/>\n<link rel=\"canonical\" href=\"https:\/\/artmed.ee\/ee\/shop\/stalekspro\/\u043a\u0443\u0441\u0430\u0447\u043a\u0438\/\u043a\u0443\u0441\u0430\u0447\u043a\u0438-\u043f\u0440\u043e\u0444\u0435\u0441\u0441\u0438\u043e\u043d\u0430\u043b\u044c\u043d\u044b\u0435-\u0434\u043b\u044f-\u0432\u0440\u043e\u0441\u0448\u0435\/\" \/>\n<meta property=\"og:locale\" content=\"et_EE\" \/>\n<meta property=\"og:type\" content=\"article\" \/>\n<meta property=\"og:title\" content=\"\u041a\u0443\u0441\u0430\u0447\u043a\u0438 \u043f\u0440\u043e\u0444\u0435\u0441\u0441\u0438\u043e\u043d\u0430\u043b\u044c\u043d\u044b\u0435 \u0434\u043b\u044f \u0432\u0440\u043e\u0441\u0448\u0435\u0433\u043e \u043d\u043e\u0433\u0442\u044f EXPERT 61 - Artmed Podoakadeemia\" \/>\n<meta property=\"og:description\" content=\"\u041f\u0440\u043e\u0444\u0435\u0441\u0441\u0438\u043e\u043d\u0430\u043b\u044c\u043d\u044b\u0435 \u043a\u0443\u0441\u0430\u0447\u043a\u0438 \u0434\u043b\u044f \u0432\u0440\u043e\u0441\u0448\u0435\u0433\u043e \u043d\u043e\u0433\u0442\u044f 40\u044513  12\u043c\u043c, 16\u043c\u043c\" \/>\n<meta property=\"og:url\" content=\"https:\/\/artmed.ee\/ee\/shop\/stalekspro\/\u043a\u0443\u0441\u0430\u0447\u043a\u0438\/\u043a\u0443\u0441\u0430\u0447\u043a\u0438-\u043f\u0440\u043e\u0444\u0435\u0441\u0441\u0438\u043e\u043d\u0430\u043b\u044c\u043d\u044b\u0435-\u0434\u043b\u044f-\u0432\u0440\u043e\u0441\u0448\u0435\/\" \/>\n<meta property=\"og:site_name\" content=\"Artmed Podoakadeemia\" \/>\n<meta property=\"article:publisher\" content=\"https:\/\/www.facebook.com\/artmedstuudio\" \/>\n<meta property=\"article:modified_time\" content=\"2025-11-30T23:00:38+00:00\" \/>\n<meta property=\"og:image\" content=\"https:\/\/artmed.ee\/wp-content\/uploads\/2025\/04\/expert61.jpg\" \/>\n\t<meta property=\"og:image:width\" content=\"2000\" \/>\n\t<meta property=\"og:image:height\" content=\"2000\" \/>\n\t<meta property=\"og:image:type\" content=\"image\/jpeg\" \/>\n<meta name=\"twitter:card\" content=\"summary_large_image\" \/>\n<meta name=\"twitter:label1\" content=\"Est. reading time\" \/>\n\t<meta name=\"twitter:data1\" content=\"1 minut\" \/>\n<script type=\"application\/ld+json\" class=\"yoast-schema-graph\">{\"@context\":\"https:\\\/\\\/schema.org\",\"@graph\":[{\"@type\":\"WebPage\",\"@id\":\"https:\\\/\\\/artmed.ee\\\/shop\\\/stalekspro\\\/%d0%ba%d1%83%d1%81%d0%b0%d1%87%d0%ba%d0%b8\\\/%d0%ba%d1%83%d1%81%d0%b0%d1%87%d0%ba%d0%b8-%d0%bf%d1%80%d0%be%d1%84%d0%b5%d1%81%d1%81%d0%b8%d0%be%d0%bd%d0%b0%d0%bb%d1%8c%d0%bd%d1%8b%d0%b5-%d0%b4%d0%bb%d1%8f-%d0%b2%d1%80%d0%be%d1%81%d1%88%d0%b5\\\/\",\"url\":\"https:\\\/\\\/artmed.ee\\\/shop\\\/stalekspro\\\/%d0%ba%d1%83%d1%81%d0%b0%d1%87%d0%ba%d0%b8\\\/%d0%ba%d1%83%d1%81%d0%b0%d1%87%d0%ba%d0%b8-%d0%bf%d1%80%d0%be%d1%84%d0%b5%d1%81%d1%81%d0%b8%d0%be%d0%bd%d0%b0%d0%bb%d1%8c%d0%bd%d1%8b%d0%b5-%d0%b4%d0%bb%d1%8f-%d0%b2%d1%80%d0%be%d1%81%d1%88%d0%b5\\\/\",\"name\":\"\u041a\u0443\u0441\u0430\u0447\u043a\u0438 \u043f\u0440\u043e\u0444\u0435\u0441\u0441\u0438\u043e\u043d\u0430\u043b\u044c\u043d\u044b\u0435 \u0434\u043b\u044f \u0432\u0440\u043e\u0441\u0448\u0435\u0433\u043e \u043d\u043e\u0433\u0442\u044f EXPERT 61 - Artmed Podoakadeemia\",\"isPartOf\":{\"@id\":\"https:\\\/\\\/artmed.ee\\\/#website\"},\"primaryImageOfPage\":{\"@id\":\"https:\\\/\\\/artmed.ee\\\/shop\\\/stalekspro\\\/%d0%ba%d1%83%d1%81%d0%b0%d1%87%d0%ba%d0%b8\\\/%d0%ba%d1%83%d1%81%d0%b0%d1%87%d0%ba%d0%b8-%d0%bf%d1%80%d0%be%d1%84%d0%b5%d1%81%d1%81%d0%b8%d0%be%d0%bd%d0%b0%d0%bb%d1%8c%d0%bd%d1%8b%d0%b5-%d0%b4%d0%bb%d1%8f-%d0%b2%d1%80%d0%be%d1%81%d1%88%d0%b5\\\/#primaryimage\"},\"image\":{\"@id\":\"https:\\\/\\\/artmed.ee\\\/shop\\\/stalekspro\\\/%d0%ba%d1%83%d1%81%d0%b0%d1%87%d0%ba%d0%b8\\\/%d0%ba%d1%83%d1%81%d0%b0%d1%87%d0%ba%d0%b8-%d0%bf%d1%80%d0%be%d1%84%d0%b5%d1%81%d1%81%d0%b8%d0%be%d0%bd%d0%b0%d0%bb%d1%8c%d0%bd%d1%8b%d0%b5-%d0%b4%d0%bb%d1%8f-%d0%b2%d1%80%d0%be%d1%81%d1%88%d0%b5\\\/#primaryimage\"},\"thumbnailUrl\":\"https:\\\/\\\/artmed.ee\\\/wp-content\\\/uploads\\\/2025\\\/04\\\/expert61.jpg\",\"datePublished\":\"2025-04-03T15:16:01+00:00\",\"dateModified\":\"2025-11-30T23:00:38+00:00\",\"breadcrumb\":{\"@id\":\"https:\\\/\\\/artmed.ee\\\/shop\\\/stalekspro\\\/%d0%ba%d1%83%d1%81%d0%b0%d1%87%d0%ba%d0%b8\\\/%d0%ba%d1%83%d1%81%d0%b0%d1%87%d0%ba%d0%b8-%d0%bf%d1%80%d0%be%d1%84%d0%b5%d1%81%d1%81%d0%b8%d0%be%d0%bd%d0%b0%d0%bb%d1%8c%d0%bd%d1%8b%d0%b5-%d0%b4%d0%bb%d1%8f-%d0%b2%d1%80%d0%be%d1%81%d1%88%d0%b5\\\/#breadcrumb\"},\"inLanguage\":\"et\",\"potentialAction\":[{\"@type\":\"ReadAction\",\"target\":[\"https:\\\/\\\/artmed.ee\\\/shop\\\/stalekspro\\\/%d0%ba%d1%83%d1%81%d0%b0%d1%87%d0%ba%d0%b8\\\/%d0%ba%d1%83%d1%81%d0%b0%d1%87%d0%ba%d0%b8-%d0%bf%d1%80%d0%be%d1%84%d0%b5%d1%81%d1%81%d0%b8%d0%be%d0%bd%d0%b0%d0%bb%d1%8c%d0%bd%d1%8b%d0%b5-%d0%b4%d0%bb%d1%8f-%d0%b2%d1%80%d0%be%d1%81%d1%88%d0%b5\\\/\"]}]},{\"@type\":\"ImageObject\",\"inLanguage\":\"et\",\"@id\":\"https:\\\/\\\/artmed.ee\\\/shop\\\/stalekspro\\\/%d0%ba%d1%83%d1%81%d0%b0%d1%87%d0%ba%d0%b8\\\/%d0%ba%d1%83%d1%81%d0%b0%d1%87%d0%ba%d0%b8-%d0%bf%d1%80%d0%be%d1%84%d0%b5%d1%81%d1%81%d0%b8%d0%be%d0%bd%d0%b0%d0%bb%d1%8c%d0%bd%d1%8b%d0%b5-%d0%b4%d0%bb%d1%8f-%d0%b2%d1%80%d0%be%d1%81%d1%88%d0%b5\\\/#primaryimage\",\"url\":\"https:\\\/\\\/artmed.ee\\\/wp-content\\\/uploads\\\/2025\\\/04\\\/expert61.jpg\",\"contentUrl\":\"https:\\\/\\\/artmed.ee\\\/wp-content\\\/uploads\\\/2025\\\/04\\\/expert61.jpg\",\"width\":2000,\"height\":2000},{\"@type\":\"BreadcrumbList\",\"@id\":\"https:\\\/\\\/artmed.ee\\\/shop\\\/stalekspro\\\/%d0%ba%d1%83%d1%81%d0%b0%d1%87%d0%ba%d0%b8\\\/%d0%ba%d1%83%d1%81%d0%b0%d1%87%d0%ba%d0%b8-%d0%bf%d1%80%d0%be%d1%84%d0%b5%d1%81%d1%81%d0%b8%d0%be%d0%bd%d0%b0%d0%bb%d1%8c%d0%bd%d1%8b%d0%b5-%d0%b4%d0%bb%d1%8f-%d0%b2%d1%80%d0%be%d1%81%d1%88%d0%b5\\\/#breadcrumb\",\"itemListElement\":[{\"@type\":\"ListItem\",\"position\":1,\"name\":\"\u0413\u043b\u0430\u0432\u043d\u0430\u044f \u0441\u0442\u0440\u0430\u043d\u0438\u0446\u0430\",\"item\":\"https:\\\/\\\/artmed.ee\\\/\"},{\"@type\":\"ListItem\",\"position\":2,\"name\":\"\u0422\u043e\u0432\u0430\u0440\u044b\",\"item\":\"https:\\\/\\\/artmed.ee\\\/shop\\\/\"},{\"@type\":\"ListItem\",\"position\":3,\"name\":\"\u041a\u0443\u0441\u0430\u0447\u043a\u0438 \u043f\u0440\u043e\u0444\u0435\u0441\u0441\u0438\u043e\u043d\u0430\u043b\u044c\u043d\u044b\u0435 \u0434\u043b\u044f \u0432\u0440\u043e\u0441\u0448\u0435\u0433\u043e \u043d\u043e\u0433\u0442\u044f EXPERT 61\"}]},{\"@type\":\"WebSite\",\"@id\":\"https:\\\/\\\/artmed.ee\\\/#website\",\"url\":\"https:\\\/\\\/artmed.ee\\\/\",\"name\":\"Artmed.ee\",\"description\":\"\u041c\u044b \u0437\u0430\u0431\u043e\u0442\u0438\u043c\u0441\u044f \u043e \u0432\u0430\u0448\u0438\u0445 \u043d\u043e\u0433\u0430\u0445! \u041b\u0435\u0447\u0435\u0431\u043d\u044b\u0439 \u043f\u0435\u0434\u0438\u043a\u044e\u0440 \u0432 \u0422\u0430\u043b\u043b\u0438\u043d\u043d\u0435, \u0446\u0435\u043d\u0442\u0440 \u043e\u0431\u0443\u0447\u0435\u043d\u0438\u044f \u0430\u043f\u043f\u0430\u0440\u0430\u0442\u043d\u043e\u043c\u0443 \u043f\u0435\u0434\u0438\u043a\u044e\u0440\u0443. \u0423\u0441\u0442\u0430\u043d\u043e\u0432\u043a\u0430 \u043a\u043e\u0440\u0440\u0435\u043a\u0446\u0438\u043e\u043d\u043d\u043e\u0439 \u0441\u0438\u0441\u0442\u0435\u043c\u044b. \u041b\u0435\u0447\u0435\u043d\u0438\u0435 \u043d\u043e\u0433. \u0413\u0440\u0438\u0431\u043e\u043a, \u043c\u043e\u0437\u043e\u043b\u0438, \u043d\u0430\u0442\u043e\u043f\u0442\u044b\u0448\u0438, \u043f\u0435\u0434\u0438\u043a\u044e\u0440.\",\"publisher\":{\"@id\":\"https:\\\/\\\/artmed.ee\\\/#organization\"},\"potentialAction\":[{\"@type\":\"SearchAction\",\"target\":{\"@type\":\"EntryPoint\",\"urlTemplate\":\"https:\\\/\\\/artmed.ee\\\/?s={search_term_string}\"},\"query-input\":{\"@type\":\"PropertyValueSpecification\",\"valueRequired\":true,\"valueName\":\"search_term_string\"}}],\"inLanguage\":\"et\"},{\"@type\":\"Organization\",\"@id\":\"https:\\\/\\\/artmed.ee\\\/#organization\",\"name\":\"Artmed Podoakadeemia\",\"url\":\"https:\\\/\\\/artmed.ee\\\/\",\"logo\":{\"@type\":\"ImageObject\",\"inLanguage\":\"et\",\"@id\":\"https:\\\/\\\/artmed.ee\\\/#\\\/schema\\\/logo\\\/image\\\/\",\"url\":\"https:\\\/\\\/artmed.ee\\\/wp-content\\\/uploads\\\/2025\\\/01\\\/cropped-artmed_logo_png-1.png\",\"contentUrl\":\"https:\\\/\\\/artmed.ee\\\/wp-content\\\/uploads\\\/2025\\\/01\\\/cropped-artmed_logo_png-1.png\",\"width\":639,\"height\":391,\"caption\":\"Artmed Podoakadeemia\"},\"image\":{\"@id\":\"https:\\\/\\\/artmed.ee\\\/#\\\/schema\\\/logo\\\/image\\\/\"},\"sameAs\":[\"https:\\\/\\\/www.facebook.com\\\/artmedstuudio\",\"https:\\\/\\\/www.instagram.com\\\/artmed_podoakadeemia\\\/\"]}]}<\/script>\n<!-- \/ Yoast SEO plugin. -->","yoast_head_json":{"title":"\u041a\u0443\u0441\u0430\u0447\u043a\u0438 \u043f\u0440\u043e\u0444\u0435\u0441\u0441\u0438\u043e\u043d\u0430\u043b\u044c\u043d\u044b\u0435 \u0434\u043b\u044f \u0432\u0440\u043e\u0441\u0448\u0435\u0433\u043e \u043d\u043e\u0433\u0442\u044f EXPERT 61 - Artmed Podoakadeemia","robots":{"index":"index","follow":"follow","max-snippet":"max-snippet:-1","max-image-preview":"max-image-preview:large","max-video-preview":"max-video-preview:-1"},"canonical":"https:\/\/artmed.ee\/ee\/shop\/stalekspro\/\u043a\u0443\u0441\u0430\u0447\u043a\u0438\/\u043a\u0443\u0441\u0430\u0447\u043a\u0438-\u043f\u0440\u043e\u0444\u0435\u0441\u0441\u0438\u043e\u043d\u0430\u043b\u044c\u043d\u044b\u0435-\u0434\u043b\u044f-\u0432\u0440\u043e\u0441\u0448\u0435\/","og_locale":"et_EE","og_type":"article","og_title":"\u041a\u0443\u0441\u0430\u0447\u043a\u0438 \u043f\u0440\u043e\u0444\u0435\u0441\u0441\u0438\u043e\u043d\u0430\u043b\u044c\u043d\u044b\u0435 \u0434\u043b\u044f \u0432\u0440\u043e\u0441\u0448\u0435\u0433\u043e \u043d\u043e\u0433\u0442\u044f EXPERT 61 - Artmed Podoakadeemia","og_description":"\u041f\u0440\u043e\u0444\u0435\u0441\u0441\u0438\u043e\u043d\u0430\u043b\u044c\u043d\u044b\u0435 \u043a\u0443\u0441\u0430\u0447\u043a\u0438 \u0434\u043b\u044f \u0432\u0440\u043e\u0441\u0448\u0435\u0433\u043e \u043d\u043e\u0433\u0442\u044f 40\u044513  12\u043c\u043c, 16\u043c\u043c","og_url":"https:\/\/artmed.ee\/ee\/shop\/stalekspro\/\u043a\u0443\u0441\u0430\u0447\u043a\u0438\/\u043a\u0443\u0441\u0430\u0447\u043a\u0438-\u043f\u0440\u043e\u0444\u0435\u0441\u0441\u0438\u043e\u043d\u0430\u043b\u044c\u043d\u044b\u0435-\u0434\u043b\u044f-\u0432\u0440\u043e\u0441\u0448\u0435\/","og_site_name":"Artmed Podoakadeemia","article_publisher":"https:\/\/www.facebook.com\/artmedstuudio","article_modified_time":"2025-11-30T23:00:38+00:00","og_image":[{"width":2000,"height":2000,"url":"https:\/\/artmed.ee\/wp-content\/uploads\/2025\/04\/expert61.jpg","type":"image\/jpeg"}],"twitter_card":"summary_large_image","twitter_misc":{"Est. reading time":"1 minut"},"schema":{"@context":"https:\/\/schema.org","@graph":[{"@type":"WebPage","@id":"https:\/\/artmed.ee\/shop\/stalekspro\/%d0%ba%d1%83%d1%81%d0%b0%d1%87%d0%ba%d0%b8\/%d0%ba%d1%83%d1%81%d0%b0%d1%87%d0%ba%d0%b8-%d0%bf%d1%80%d0%be%d1%84%d0%b5%d1%81%d1%81%d0%b8%d0%be%d0%bd%d0%b0%d0%bb%d1%8c%d0%bd%d1%8b%d0%b5-%d0%b4%d0%bb%d1%8f-%d0%b2%d1%80%d0%be%d1%81%d1%88%d0%b5\/","url":"https:\/\/artmed.ee\/shop\/stalekspro\/%d0%ba%d1%83%d1%81%d0%b0%d1%87%d0%ba%d0%b8\/%d0%ba%d1%83%d1%81%d0%b0%d1%87%d0%ba%d0%b8-%d0%bf%d1%80%d0%be%d1%84%d0%b5%d1%81%d1%81%d0%b8%d0%be%d0%bd%d0%b0%d0%bb%d1%8c%d0%bd%d1%8b%d0%b5-%d0%b4%d0%bb%d1%8f-%d0%b2%d1%80%d0%be%d1%81%d1%88%d0%b5\/","name":"\u041a\u0443\u0441\u0430\u0447\u043a\u0438 \u043f\u0440\u043e\u0444\u0435\u0441\u0441\u0438\u043e\u043d\u0430\u043b\u044c\u043d\u044b\u0435 \u0434\u043b\u044f \u0432\u0440\u043e\u0441\u0448\u0435\u0433\u043e \u043d\u043e\u0433\u0442\u044f EXPERT 61 - Artmed Podoakadeemia","isPartOf":{"@id":"https:\/\/artmed.ee\/#website"},"primaryImageOfPage":{"@id":"https:\/\/artmed.ee\/shop\/stalekspro\/%d0%ba%d1%83%d1%81%d0%b0%d1%87%d0%ba%d0%b8\/%d0%ba%d1%83%d1%81%d0%b0%d1%87%d0%ba%d0%b8-%d0%bf%d1%80%d0%be%d1%84%d0%b5%d1%81%d1%81%d0%b8%d0%be%d0%bd%d0%b0%d0%bb%d1%8c%d0%bd%d1%8b%d0%b5-%d0%b4%d0%bb%d1%8f-%d0%b2%d1%80%d0%be%d1%81%d1%88%d0%b5\/#primaryimage"},"image":{"@id":"https:\/\/artmed.ee\/shop\/stalekspro\/%d0%ba%d1%83%d1%81%d0%b0%d1%87%d0%ba%d0%b8\/%d0%ba%d1%83%d1%81%d0%b0%d1%87%d0%ba%d0%b8-%d0%bf%d1%80%d0%be%d1%84%d0%b5%d1%81%d1%81%d0%b8%d0%be%d0%bd%d0%b0%d0%bb%d1%8c%d0%bd%d1%8b%d0%b5-%d0%b4%d0%bb%d1%8f-%d0%b2%d1%80%d0%be%d1%81%d1%88%d0%b5\/#primaryimage"},"thumbnailUrl":"https:\/\/artmed.ee\/wp-content\/uploads\/2025\/04\/expert61.jpg","datePublished":"2025-04-03T15:16:01+00:00","dateModified":"2025-11-30T23:00:38+00:00","breadcrumb":{"@id":"https:\/\/artmed.ee\/shop\/stalekspro\/%d0%ba%d1%83%d1%81%d0%b0%d1%87%d0%ba%d0%b8\/%d0%ba%d1%83%d1%81%d0%b0%d1%87%d0%ba%d0%b8-%d0%bf%d1%80%d0%be%d1%84%d0%b5%d1%81%d1%81%d0%b8%d0%be%d0%bd%d0%b0%d0%bb%d1%8c%d0%bd%d1%8b%d0%b5-%d0%b4%d0%bb%d1%8f-%d0%b2%d1%80%d0%be%d1%81%d1%88%d0%b5\/#breadcrumb"},"inLanguage":"et","potentialAction":[{"@type":"ReadAction","target":["https:\/\/artmed.ee\/shop\/stalekspro\/%d0%ba%d1%83%d1%81%d0%b0%d1%87%d0%ba%d0%b8\/%d0%ba%d1%83%d1%81%d0%b0%d1%87%d0%ba%d0%b8-%d0%bf%d1%80%d0%be%d1%84%d0%b5%d1%81%d1%81%d0%b8%d0%be%d0%bd%d0%b0%d0%bb%d1%8c%d0%bd%d1%8b%d0%b5-%d0%b4%d0%bb%d1%8f-%d0%b2%d1%80%d0%be%d1%81%d1%88%d0%b5\/"]}]},{"@type":"ImageObject","inLanguage":"et","@id":"https:\/\/artmed.ee\/shop\/stalekspro\/%d0%ba%d1%83%d1%81%d0%b0%d1%87%d0%ba%d0%b8\/%d0%ba%d1%83%d1%81%d0%b0%d1%87%d0%ba%d0%b8-%d0%bf%d1%80%d0%be%d1%84%d0%b5%d1%81%d1%81%d0%b8%d0%be%d0%bd%d0%b0%d0%bb%d1%8c%d0%bd%d1%8b%d0%b5-%d0%b4%d0%bb%d1%8f-%d0%b2%d1%80%d0%be%d1%81%d1%88%d0%b5\/#primaryimage","url":"https:\/\/artmed.ee\/wp-content\/uploads\/2025\/04\/expert61.jpg","contentUrl":"https:\/\/artmed.ee\/wp-content\/uploads\/2025\/04\/expert61.jpg","width":2000,"height":2000},{"@type":"BreadcrumbList","@id":"https:\/\/artmed.ee\/shop\/stalekspro\/%d0%ba%d1%83%d1%81%d0%b0%d1%87%d0%ba%d0%b8\/%d0%ba%d1%83%d1%81%d0%b0%d1%87%d0%ba%d0%b8-%d0%bf%d1%80%d0%be%d1%84%d0%b5%d1%81%d1%81%d0%b8%d0%be%d0%bd%d0%b0%d0%bb%d1%8c%d0%bd%d1%8b%d0%b5-%d0%b4%d0%bb%d1%8f-%d0%b2%d1%80%d0%be%d1%81%d1%88%d0%b5\/#breadcrumb","itemListElement":[{"@type":"ListItem","position":1,"name":"\u0413\u043b\u0430\u0432\u043d\u0430\u044f \u0441\u0442\u0440\u0430\u043d\u0438\u0446\u0430","item":"https:\/\/artmed.ee\/"},{"@type":"ListItem","position":2,"name":"\u0422\u043e\u0432\u0430\u0440\u044b","item":"https:\/\/artmed.ee\/shop\/"},{"@type":"ListItem","position":3,"name":"\u041a\u0443\u0441\u0430\u0447\u043a\u0438 \u043f\u0440\u043e\u0444\u0435\u0441\u0441\u0438\u043e\u043d\u0430\u043b\u044c\u043d\u044b\u0435 \u0434\u043b\u044f \u0432\u0440\u043e\u0441\u0448\u0435\u0433\u043e \u043d\u043e\u0433\u0442\u044f EXPERT 61"}]},{"@type":"WebSite","@id":"https:\/\/artmed.ee\/#website","url":"https:\/\/artmed.ee\/","name":"Artmed.ee","description":"\u041c\u044b \u0437\u0430\u0431\u043e\u0442\u0438\u043c\u0441\u044f \u043e \u0432\u0430\u0448\u0438\u0445 \u043d\u043e\u0433\u0430\u0445! \u041b\u0435\u0447\u0435\u0431\u043d\u044b\u0439 \u043f\u0435\u0434\u0438\u043a\u044e\u0440 \u0432 \u0422\u0430\u043b\u043b\u0438\u043d\u043d\u0435, \u0446\u0435\u043d\u0442\u0440 \u043e\u0431\u0443\u0447\u0435\u043d\u0438\u044f \u0430\u043f\u043f\u0430\u0440\u0430\u0442\u043d\u043e\u043c\u0443 \u043f\u0435\u0434\u0438\u043a\u044e\u0440\u0443. \u0423\u0441\u0442\u0430\u043d\u043e\u0432\u043a\u0430 \u043a\u043e\u0440\u0440\u0435\u043a\u0446\u0438\u043e\u043d\u043d\u043e\u0439 \u0441\u0438\u0441\u0442\u0435\u043c\u044b. \u041b\u0435\u0447\u0435\u043d\u0438\u0435 \u043d\u043e\u0433. \u0413\u0440\u0438\u0431\u043e\u043a, \u043c\u043e\u0437\u043e\u043b\u0438, \u043d\u0430\u0442\u043e\u043f\u0442\u044b\u0448\u0438, \u043f\u0435\u0434\u0438\u043a\u044e\u0440.","publisher":{"@id":"https:\/\/artmed.ee\/#organization"},"potentialAction":[{"@type":"SearchAction","target":{"@type":"EntryPoint","urlTemplate":"https:\/\/artmed.ee\/?s={search_term_string}"},"query-input":{"@type":"PropertyValueSpecification","valueRequired":true,"valueName":"search_term_string"}}],"inLanguage":"et"},{"@type":"Organization","@id":"https:\/\/artmed.ee\/#organization","name":"Artmed Podoakadeemia","url":"https:\/\/artmed.ee\/","logo":{"@type":"ImageObject","inLanguage":"et","@id":"https:\/\/artmed.ee\/#\/schema\/logo\/image\/","url":"https:\/\/artmed.ee\/wp-content\/uploads\/2025\/01\/cropped-artmed_logo_png-1.png","contentUrl":"https:\/\/artmed.ee\/wp-content\/uploads\/2025\/01\/cropped-artmed_logo_png-1.png","width":639,"height":391,"caption":"Artmed Podoakadeemia"},"image":{"@id":"https:\/\/artmed.ee\/#\/schema\/logo\/image\/"},"sameAs":["https:\/\/www.facebook.com\/artmedstuudio","https:\/\/www.instagram.com\/artmed_podoakadeemia\/"]}]}},"_links":{"self":[{"href":"https:\/\/artmed.ee\/ee\/wp-json\/wp\/v2\/product\/3085","targetHints":{"allow":["GET"]}}],"collection":[{"href":"https:\/\/artmed.ee\/ee\/wp-json\/wp\/v2\/product"}],"about":[{"href":"https:\/\/artmed.ee\/ee\/wp-json\/wp\/v2\/types\/product"}],"replies":[{"embeddable":true,"href":"https:\/\/artmed.ee\/ee\/wp-json\/wp\/v2\/comments?post=3085"}],"wp:featuredmedia":[{"embeddable":true,"href":"https:\/\/artmed.ee\/ee\/wp-json\/wp\/v2\/media\/3086"}],"wp:attachment":[{"href":"https:\/\/artmed.ee\/ee\/wp-json\/wp\/v2\/media?parent=3085"}],"wp:term":[{"taxonomy":"product_brand","embeddable":true,"href":"https:\/\/artmed.ee\/ee\/wp-json\/wp\/v2\/product_brand?post=3085"},{"taxonomy":"product_cat","embeddable":true,"href":"https:\/\/artmed.ee\/ee\/wp-json\/wp\/v2\/product_cat?post=3085"},{"taxonomy":"product_tag","embeddable":true,"href":"https:\/\/artmed.ee\/ee\/wp-json\/wp\/v2\/product_tag?post=3085"}],"curies":[{"name":"wp","href":"https:\/\/api.w.org\/{rel}","templated":true}]}}