{"id":3103,"date":"2025-04-03T16:21:00","date_gmt":"2025-04-03T16:21:00","guid":{"rendered":"https:\/\/artmed.ee\/?post_type=product&#038;p=3103"},"modified":"2025-06-26T08:45:17","modified_gmt":"2025-06-26T08:45:17","slug":"%d1%81%d0%bc%d0%b5%d0%bd%d0%bd%d1%8b%d0%b5-%d1%84%d0%b0%d0%b9%d0%bb%d1%8b-%d0%b1%d0%b5%d0%bb%d1%8b%d0%b5-papmam-expert-22-50-%d1%88%d1%82","status":"publish","type":"product","link":"https:\/\/artmed.ee\/ee\/shop\/stalekspro\/%d0%b4%d1%80%d1%83%d0%b3%d0%be%d0%b9-%d0%b8%d0%bd%d1%81%d1%82%d1%80%d1%83%d0%bc%d0%b5%d0%bd%d1%82\/%d1%81%d0%bc%d0%b5%d0%bd%d0%bd%d1%8b%d0%b5-%d1%84%d0%b0%d0%b9%d0%bb%d1%8b-%d0%b1%d0%b5%d0%bb%d1%8b%d0%b5-papmam-expert-22-50-%d1%88%d1%82\/","title":{"rendered":"Valged vahetatavad viilid PapmAm EXPERT 22 (50tk)"},"content":{"rendered":"<p><strong>Vahetatavad viilid<\/strong> <strong>papmAm <\/strong>on mugav ja h\u00fcgieeniline lahendus kvaliteetse manik\u00fc\u00fcri ja pedik\u00fc\u00fcri jaoks.<\/p>\n<p>Need on valmistatud vastupidavast abrasiivmaterjalist, millel on orgaanilise tolmu kaitse, ning valge viili v\u00e4rv n\u00e4eb t\u00f6\u00f6 k\u00e4igus korrektne ja esteetiline v\u00e4lja.<\/p>\n<p class=\"key_features_title\"><strong>P\u00f5hiomadused:<\/strong><\/p>\n<div class=\"woocommerce-product-details__short-description\">\n<div class=\"u-toggle-text-next-btn --short --expanded\">\n<ul>\n<li><strong data-start=\"456\" data-end=\"488\">Keskkonnas\u00f5bralik kraft-p\u00f5hi<\/strong> \u2013 turvaline nii meistrile kui kliendile<\/li>\n<li><strong data-start=\"530\" data-end=\"559\">Lihtne kinnitamine ja eemaldamine<\/strong> \u2013 s\u00e4\u00e4stab aega ja vaeva<\/li>\n<li><strong data-start=\"589\" data-end=\"610\">Kindel paigalp\u00fcsivus<\/strong> \u2013 viil ei nihku t\u00f6\u00f6 ajal<\/li>\n<li><strong data-start=\"652\" data-end=\"682\">Puhas, ilma liimij\u00e4\u00e4kideta t\u00f6\u00f6vahend p\u00e4rast vahetust<\/strong> \u2013 tagab h\u00fcgieeni<\/li>\n<li><strong data-start=\"732\" data-end=\"761\">\u00dchekordne kasutus<\/strong> \u2013 k\u00f5rgem turvalisus<\/li>\n<\/ul>\n<p>&nbsp;<\/p>\n<p class=\"\" data-start=\"809\" data-end=\"827\"><strong data-start=\"809\" data-end=\"825\">Teralisus:<\/strong><\/p>\n<ul>\n<li class=\"\" data-start=\"828\" data-end=\"899\">\n<p class=\"\" data-start=\"830\" data-end=\"899\"><strong data-start=\"830\" data-end=\"842\">150 grit<\/strong> \u2013 kunstk\u00fc\u00fcnte viilimiseks ja vormimiseks<\/p>\n<\/li>\n<li data-start=\"902\" data-end=\"976\"><strong data-start=\"902\" data-end=\"914\">180 grit<\/strong> \u2013 nii kunst- kui ka naturaalk\u00fc\u00fcnte t\u00f6\u00f6tlemiseks<\/li>\n<\/ul>\n<p>&nbsp;<\/p>\n<\/div>\n<\/div>\n<p>\u00dchekordsete <strong data-start=\"1111\" data-end=\"1131\">papmAm EXPERT 22<\/strong> viilide kasutamine tagab nii meistri kui ka kliendi jaoks puhtuse ja mugavuse.<\/p>","protected":false},"excerpt":{"rendered":"<p>Kvaliteetne abrasiiv erilise orgaanilise tolmu kaitsega<\/p>\n<p><strong>150 grit, 180 grit<\/strong><\/p>","protected":false},"featured_media":3104,"comment_status":"open","ping_status":"closed","template":"","meta":{"_acf_changed":false},"product_brand":[43],"product_cat":[68,44,46],"product_tag":[51,52],"class_list":{"0":"post-3103","1":"product","2":"type-product","3":"status-publish","4":"has-post-thumbnail","6":"product_brand-staleks","7":"product_cat-stalekspro","8":"product_cat-staleks","9":"product_cat-46","10":"product_tag-51","11":"product_tag-52","13":"first","14":"instock","15":"taxable","16":"shipping-taxable","17":"purchasable","18":"product-type-variable"},"acf":[],"yoast_head":"<!-- This site is optimized with the Yoast SEO plugin v27.3 - https:\/\/yoast.com\/product\/yoast-seo-wordpress\/ -->\n<title>\u0421\u043c\u0435\u043d\u043d\u044b\u0435 \u0444\u0430\u0439\u043b\u044b \u0431\u0435\u043b\u044b\u0435 papmAm EXPERT 22 (50 \u0448\u0442) - Artmed Podoakadeemia<\/title>\n<meta name=\"robots\" content=\"index, follow, max-snippet:-1, max-image-preview:large, max-video-preview:-1\" \/>\n<link rel=\"canonical\" href=\"https:\/\/artmed.ee\/ee\/shop\/stalekspro\/\u0434\u0440\u0443\u0433\u043e\u0439-\u0438\u043d\u0441\u0442\u0440\u0443\u043c\u0435\u043d\u0442\/\u0441\u043c\u0435\u043d\u043d\u044b\u0435-\u0444\u0430\u0439\u043b\u044b-\u0431\u0435\u043b\u044b\u0435-papmam-expert-22-50-\u0448\u0442\/\" \/>\n<meta property=\"og:locale\" content=\"et_EE\" \/>\n<meta property=\"og:type\" content=\"article\" \/>\n<meta property=\"og:title\" content=\"\u0421\u043c\u0435\u043d\u043d\u044b\u0435 \u0444\u0430\u0439\u043b\u044b \u0431\u0435\u043b\u044b\u0435 papmAm EXPERT 22 (50 \u0448\u0442) - Artmed Podoakadeemia\" \/>\n<meta property=\"og:description\" content=\"\u041a\u0430\u0447\u0435\u0441\u0442\u0432\u0435\u043d\u043d\u044b\u0439 \u0430\u0431\u0440\u0430\u0437\u0438\u0432 \u0441\u043e \u0441\u043f\u0435\u0446\u0438\u0430\u043b\u044c\u043d\u043e\u0439 \u0437\u0430\u0449\u0438\u0442\u043e\u0439 \u043e\u0442 \u043e\u0440\u0433\u0430\u043d\u0438\u0447\u0435\u0441\u043a\u043e\u0439 \u043f\u044b\u043b\u0438  150 \u0433\u0440\u0438\u0442, 180 \u0433\u0440\u0438\u0442\" \/>\n<meta property=\"og:url\" content=\"https:\/\/artmed.ee\/ee\/shop\/stalekspro\/\u0434\u0440\u0443\u0433\u043e\u0439-\u0438\u043d\u0441\u0442\u0440\u0443\u043c\u0435\u043d\u0442\/\u0441\u043c\u0435\u043d\u043d\u044b\u0435-\u0444\u0430\u0439\u043b\u044b-\u0431\u0435\u043b\u044b\u0435-papmam-expert-22-50-\u0448\u0442\/\" \/>\n<meta property=\"og:site_name\" content=\"Artmed Podoakadeemia\" \/>\n<meta property=\"article:publisher\" content=\"https:\/\/www.facebook.com\/artmedstuudio\" \/>\n<meta property=\"article:modified_time\" content=\"2025-06-26T08:45:17+00:00\" \/>\n<meta property=\"og:image\" content=\"https:\/\/artmed.ee\/wp-content\/uploads\/2025\/04\/smennye-fajly-belye-papmam-dfce-22-150w-1.jpg\" \/>\n\t<meta property=\"og:image:width\" content=\"2000\" \/>\n\t<meta property=\"og:image:height\" content=\"2000\" \/>\n\t<meta property=\"og:image:type\" content=\"image\/jpeg\" \/>\n<meta name=\"twitter:card\" content=\"summary_large_image\" \/>\n<meta name=\"twitter:label1\" content=\"Est. reading time\" \/>\n\t<meta name=\"twitter:data1\" content=\"1 minut\" \/>\n<script type=\"application\/ld+json\" class=\"yoast-schema-graph\">{\"@context\":\"https:\\\/\\\/schema.org\",\"@graph\":[{\"@type\":\"WebPage\",\"@id\":\"https:\\\/\\\/artmed.ee\\\/shop\\\/stalekspro\\\/%d0%b4%d1%80%d1%83%d0%b3%d0%be%d0%b9-%d0%b8%d0%bd%d1%81%d1%82%d1%80%d1%83%d0%bc%d0%b5%d0%bd%d1%82\\\/%d1%81%d0%bc%d0%b5%d0%bd%d0%bd%d1%8b%d0%b5-%d1%84%d0%b0%d0%b9%d0%bb%d1%8b-%d0%b1%d0%b5%d0%bb%d1%8b%d0%b5-papmam-expert-22-50-%d1%88%d1%82\\\/\",\"url\":\"https:\\\/\\\/artmed.ee\\\/shop\\\/stalekspro\\\/%d0%b4%d1%80%d1%83%d0%b3%d0%be%d0%b9-%d0%b8%d0%bd%d1%81%d1%82%d1%80%d1%83%d0%bc%d0%b5%d0%bd%d1%82\\\/%d1%81%d0%bc%d0%b5%d0%bd%d0%bd%d1%8b%d0%b5-%d1%84%d0%b0%d0%b9%d0%bb%d1%8b-%d0%b1%d0%b5%d0%bb%d1%8b%d0%b5-papmam-expert-22-50-%d1%88%d1%82\\\/\",\"name\":\"\u0421\u043c\u0435\u043d\u043d\u044b\u0435 \u0444\u0430\u0439\u043b\u044b \u0431\u0435\u043b\u044b\u0435 papmAm EXPERT 22 (50 \u0448\u0442) - Artmed Podoakadeemia\",\"isPartOf\":{\"@id\":\"https:\\\/\\\/artmed.ee\\\/#website\"},\"primaryImageOfPage\":{\"@id\":\"https:\\\/\\\/artmed.ee\\\/shop\\\/stalekspro\\\/%d0%b4%d1%80%d1%83%d0%b3%d0%be%d0%b9-%d0%b8%d0%bd%d1%81%d1%82%d1%80%d1%83%d0%bc%d0%b5%d0%bd%d1%82\\\/%d1%81%d0%bc%d0%b5%d0%bd%d0%bd%d1%8b%d0%b5-%d1%84%d0%b0%d0%b9%d0%bb%d1%8b-%d0%b1%d0%b5%d0%bb%d1%8b%d0%b5-papmam-expert-22-50-%d1%88%d1%82\\\/#primaryimage\"},\"image\":{\"@id\":\"https:\\\/\\\/artmed.ee\\\/shop\\\/stalekspro\\\/%d0%b4%d1%80%d1%83%d0%b3%d0%be%d0%b9-%d0%b8%d0%bd%d1%81%d1%82%d1%80%d1%83%d0%bc%d0%b5%d0%bd%d1%82\\\/%d1%81%d0%bc%d0%b5%d0%bd%d0%bd%d1%8b%d0%b5-%d1%84%d0%b0%d0%b9%d0%bb%d1%8b-%d0%b1%d0%b5%d0%bb%d1%8b%d0%b5-papmam-expert-22-50-%d1%88%d1%82\\\/#primaryimage\"},\"thumbnailUrl\":\"https:\\\/\\\/artmed.ee\\\/wp-content\\\/uploads\\\/2025\\\/04\\\/smennye-fajly-belye-papmam-dfce-22-150w-1.jpg\",\"datePublished\":\"2025-04-03T16:21:00+00:00\",\"dateModified\":\"2025-06-26T08:45:17+00:00\",\"breadcrumb\":{\"@id\":\"https:\\\/\\\/artmed.ee\\\/shop\\\/stalekspro\\\/%d0%b4%d1%80%d1%83%d0%b3%d0%be%d0%b9-%d0%b8%d0%bd%d1%81%d1%82%d1%80%d1%83%d0%bc%d0%b5%d0%bd%d1%82\\\/%d1%81%d0%bc%d0%b5%d0%bd%d0%bd%d1%8b%d0%b5-%d1%84%d0%b0%d0%b9%d0%bb%d1%8b-%d0%b1%d0%b5%d0%bb%d1%8b%d0%b5-papmam-expert-22-50-%d1%88%d1%82\\\/#breadcrumb\"},\"inLanguage\":\"et\",\"potentialAction\":[{\"@type\":\"ReadAction\",\"target\":[\"https:\\\/\\\/artmed.ee\\\/shop\\\/stalekspro\\\/%d0%b4%d1%80%d1%83%d0%b3%d0%be%d0%b9-%d0%b8%d0%bd%d1%81%d1%82%d1%80%d1%83%d0%bc%d0%b5%d0%bd%d1%82\\\/%d1%81%d0%bc%d0%b5%d0%bd%d0%bd%d1%8b%d0%b5-%d1%84%d0%b0%d0%b9%d0%bb%d1%8b-%d0%b1%d0%b5%d0%bb%d1%8b%d0%b5-papmam-expert-22-50-%d1%88%d1%82\\\/\"]}]},{\"@type\":\"ImageObject\",\"inLanguage\":\"et\",\"@id\":\"https:\\\/\\\/artmed.ee\\\/shop\\\/stalekspro\\\/%d0%b4%d1%80%d1%83%d0%b3%d0%be%d0%b9-%d0%b8%d0%bd%d1%81%d1%82%d1%80%d1%83%d0%bc%d0%b5%d0%bd%d1%82\\\/%d1%81%d0%bc%d0%b5%d0%bd%d0%bd%d1%8b%d0%b5-%d1%84%d0%b0%d0%b9%d0%bb%d1%8b-%d0%b1%d0%b5%d0%bb%d1%8b%d0%b5-papmam-expert-22-50-%d1%88%d1%82\\\/#primaryimage\",\"url\":\"https:\\\/\\\/artmed.ee\\\/wp-content\\\/uploads\\\/2025\\\/04\\\/smennye-fajly-belye-papmam-dfce-22-150w-1.jpg\",\"contentUrl\":\"https:\\\/\\\/artmed.ee\\\/wp-content\\\/uploads\\\/2025\\\/04\\\/smennye-fajly-belye-papmam-dfce-22-150w-1.jpg\",\"width\":2000,\"height\":2000},{\"@type\":\"BreadcrumbList\",\"@id\":\"https:\\\/\\\/artmed.ee\\\/shop\\\/stalekspro\\\/%d0%b4%d1%80%d1%83%d0%b3%d0%be%d0%b9-%d0%b8%d0%bd%d1%81%d1%82%d1%80%d1%83%d0%bc%d0%b5%d0%bd%d1%82\\\/%d1%81%d0%bc%d0%b5%d0%bd%d0%bd%d1%8b%d0%b5-%d1%84%d0%b0%d0%b9%d0%bb%d1%8b-%d0%b1%d0%b5%d0%bb%d1%8b%d0%b5-papmam-expert-22-50-%d1%88%d1%82\\\/#breadcrumb\",\"itemListElement\":[{\"@type\":\"ListItem\",\"position\":1,\"name\":\"\u0413\u043b\u0430\u0432\u043d\u0430\u044f \u0441\u0442\u0440\u0430\u043d\u0438\u0446\u0430\",\"item\":\"https:\\\/\\\/artmed.ee\\\/\"},{\"@type\":\"ListItem\",\"position\":2,\"name\":\"\u0422\u043e\u0432\u0430\u0440\u044b\",\"item\":\"https:\\\/\\\/artmed.ee\\\/shop\\\/\"},{\"@type\":\"ListItem\",\"position\":3,\"name\":\"\u0421\u043c\u0435\u043d\u043d\u044b\u0435 \u0444\u0430\u0439\u043b\u044b \u0431\u0435\u043b\u044b\u0435 papmAm EXPERT 22 (50 \u0448\u0442)\"}]},{\"@type\":\"WebSite\",\"@id\":\"https:\\\/\\\/artmed.ee\\\/#website\",\"url\":\"https:\\\/\\\/artmed.ee\\\/\",\"name\":\"Artmed.ee\",\"description\":\"\u041c\u044b \u0437\u0430\u0431\u043e\u0442\u0438\u043c\u0441\u044f \u043e \u0432\u0430\u0448\u0438\u0445 \u043d\u043e\u0433\u0430\u0445! \u041b\u0435\u0447\u0435\u0431\u043d\u044b\u0439 \u043f\u0435\u0434\u0438\u043a\u044e\u0440 \u0432 \u0422\u0430\u043b\u043b\u0438\u043d\u043d\u0435, \u0446\u0435\u043d\u0442\u0440 \u043e\u0431\u0443\u0447\u0435\u043d\u0438\u044f \u0430\u043f\u043f\u0430\u0440\u0430\u0442\u043d\u043e\u043c\u0443 \u043f\u0435\u0434\u0438\u043a\u044e\u0440\u0443. \u0423\u0441\u0442\u0430\u043d\u043e\u0432\u043a\u0430 \u043a\u043e\u0440\u0440\u0435\u043a\u0446\u0438\u043e\u043d\u043d\u043e\u0439 \u0441\u0438\u0441\u0442\u0435\u043c\u044b. \u041b\u0435\u0447\u0435\u043d\u0438\u0435 \u043d\u043e\u0433. \u0413\u0440\u0438\u0431\u043e\u043a, \u043c\u043e\u0437\u043e\u043b\u0438, \u043d\u0430\u0442\u043e\u043f\u0442\u044b\u0448\u0438, \u043f\u0435\u0434\u0438\u043a\u044e\u0440.\",\"publisher\":{\"@id\":\"https:\\\/\\\/artmed.ee\\\/#organization\"},\"potentialAction\":[{\"@type\":\"SearchAction\",\"target\":{\"@type\":\"EntryPoint\",\"urlTemplate\":\"https:\\\/\\\/artmed.ee\\\/?s={search_term_string}\"},\"query-input\":{\"@type\":\"PropertyValueSpecification\",\"valueRequired\":true,\"valueName\":\"search_term_string\"}}],\"inLanguage\":\"et\"},{\"@type\":\"Organization\",\"@id\":\"https:\\\/\\\/artmed.ee\\\/#organization\",\"name\":\"Artmed Podoakadeemia\",\"url\":\"https:\\\/\\\/artmed.ee\\\/\",\"logo\":{\"@type\":\"ImageObject\",\"inLanguage\":\"et\",\"@id\":\"https:\\\/\\\/artmed.ee\\\/#\\\/schema\\\/logo\\\/image\\\/\",\"url\":\"https:\\\/\\\/artmed.ee\\\/wp-content\\\/uploads\\\/2025\\\/01\\\/cropped-artmed_logo_png-1.png\",\"contentUrl\":\"https:\\\/\\\/artmed.ee\\\/wp-content\\\/uploads\\\/2025\\\/01\\\/cropped-artmed_logo_png-1.png\",\"width\":639,\"height\":391,\"caption\":\"Artmed Podoakadeemia\"},\"image\":{\"@id\":\"https:\\\/\\\/artmed.ee\\\/#\\\/schema\\\/logo\\\/image\\\/\"},\"sameAs\":[\"https:\\\/\\\/www.facebook.com\\\/artmedstuudio\",\"https:\\\/\\\/www.instagram.com\\\/artmed_podoakadeemia\\\/\"]}]}<\/script>\n<!-- \/ Yoast SEO plugin. -->","yoast_head_json":{"title":"\u0421\u043c\u0435\u043d\u043d\u044b\u0435 \u0444\u0430\u0439\u043b\u044b \u0431\u0435\u043b\u044b\u0435 papmAm EXPERT 22 (50 \u0448\u0442) - Artmed Podoakadeemia","robots":{"index":"index","follow":"follow","max-snippet":"max-snippet:-1","max-image-preview":"max-image-preview:large","max-video-preview":"max-video-preview:-1"},"canonical":"https:\/\/artmed.ee\/ee\/shop\/stalekspro\/\u0434\u0440\u0443\u0433\u043e\u0439-\u0438\u043d\u0441\u0442\u0440\u0443\u043c\u0435\u043d\u0442\/\u0441\u043c\u0435\u043d\u043d\u044b\u0435-\u0444\u0430\u0439\u043b\u044b-\u0431\u0435\u043b\u044b\u0435-papmam-expert-22-50-\u0448\u0442\/","og_locale":"et_EE","og_type":"article","og_title":"\u0421\u043c\u0435\u043d\u043d\u044b\u0435 \u0444\u0430\u0439\u043b\u044b \u0431\u0435\u043b\u044b\u0435 papmAm EXPERT 22 (50 \u0448\u0442) - Artmed Podoakadeemia","og_description":"\u041a\u0430\u0447\u0435\u0441\u0442\u0432\u0435\u043d\u043d\u044b\u0439 \u0430\u0431\u0440\u0430\u0437\u0438\u0432 \u0441\u043e \u0441\u043f\u0435\u0446\u0438\u0430\u043b\u044c\u043d\u043e\u0439 \u0437\u0430\u0449\u0438\u0442\u043e\u0439 \u043e\u0442 \u043e\u0440\u0433\u0430\u043d\u0438\u0447\u0435\u0441\u043a\u043e\u0439 \u043f\u044b\u043b\u0438  150 \u0433\u0440\u0438\u0442, 180 \u0433\u0440\u0438\u0442","og_url":"https:\/\/artmed.ee\/ee\/shop\/stalekspro\/\u0434\u0440\u0443\u0433\u043e\u0439-\u0438\u043d\u0441\u0442\u0440\u0443\u043c\u0435\u043d\u0442\/\u0441\u043c\u0435\u043d\u043d\u044b\u0435-\u0444\u0430\u0439\u043b\u044b-\u0431\u0435\u043b\u044b\u0435-papmam-expert-22-50-\u0448\u0442\/","og_site_name":"Artmed Podoakadeemia","article_publisher":"https:\/\/www.facebook.com\/artmedstuudio","article_modified_time":"2025-06-26T08:45:17+00:00","og_image":[{"width":2000,"height":2000,"url":"https:\/\/artmed.ee\/wp-content\/uploads\/2025\/04\/smennye-fajly-belye-papmam-dfce-22-150w-1.jpg","type":"image\/jpeg"}],"twitter_card":"summary_large_image","twitter_misc":{"Est. reading time":"1 minut"},"schema":{"@context":"https:\/\/schema.org","@graph":[{"@type":"WebPage","@id":"https:\/\/artmed.ee\/shop\/stalekspro\/%d0%b4%d1%80%d1%83%d0%b3%d0%be%d0%b9-%d0%b8%d0%bd%d1%81%d1%82%d1%80%d1%83%d0%bc%d0%b5%d0%bd%d1%82\/%d1%81%d0%bc%d0%b5%d0%bd%d0%bd%d1%8b%d0%b5-%d1%84%d0%b0%d0%b9%d0%bb%d1%8b-%d0%b1%d0%b5%d0%bb%d1%8b%d0%b5-papmam-expert-22-50-%d1%88%d1%82\/","url":"https:\/\/artmed.ee\/shop\/stalekspro\/%d0%b4%d1%80%d1%83%d0%b3%d0%be%d0%b9-%d0%b8%d0%bd%d1%81%d1%82%d1%80%d1%83%d0%bc%d0%b5%d0%bd%d1%82\/%d1%81%d0%bc%d0%b5%d0%bd%d0%bd%d1%8b%d0%b5-%d1%84%d0%b0%d0%b9%d0%bb%d1%8b-%d0%b1%d0%b5%d0%bb%d1%8b%d0%b5-papmam-expert-22-50-%d1%88%d1%82\/","name":"\u0421\u043c\u0435\u043d\u043d\u044b\u0435 \u0444\u0430\u0439\u043b\u044b \u0431\u0435\u043b\u044b\u0435 papmAm EXPERT 22 (50 \u0448\u0442) - Artmed Podoakadeemia","isPartOf":{"@id":"https:\/\/artmed.ee\/#website"},"primaryImageOfPage":{"@id":"https:\/\/artmed.ee\/shop\/stalekspro\/%d0%b4%d1%80%d1%83%d0%b3%d0%be%d0%b9-%d0%b8%d0%bd%d1%81%d1%82%d1%80%d1%83%d0%bc%d0%b5%d0%bd%d1%82\/%d1%81%d0%bc%d0%b5%d0%bd%d0%bd%d1%8b%d0%b5-%d1%84%d0%b0%d0%b9%d0%bb%d1%8b-%d0%b1%d0%b5%d0%bb%d1%8b%d0%b5-papmam-expert-22-50-%d1%88%d1%82\/#primaryimage"},"image":{"@id":"https:\/\/artmed.ee\/shop\/stalekspro\/%d0%b4%d1%80%d1%83%d0%b3%d0%be%d0%b9-%d0%b8%d0%bd%d1%81%d1%82%d1%80%d1%83%d0%bc%d0%b5%d0%bd%d1%82\/%d1%81%d0%bc%d0%b5%d0%bd%d0%bd%d1%8b%d0%b5-%d1%84%d0%b0%d0%b9%d0%bb%d1%8b-%d0%b1%d0%b5%d0%bb%d1%8b%d0%b5-papmam-expert-22-50-%d1%88%d1%82\/#primaryimage"},"thumbnailUrl":"https:\/\/artmed.ee\/wp-content\/uploads\/2025\/04\/smennye-fajly-belye-papmam-dfce-22-150w-1.jpg","datePublished":"2025-04-03T16:21:00+00:00","dateModified":"2025-06-26T08:45:17+00:00","breadcrumb":{"@id":"https:\/\/artmed.ee\/shop\/stalekspro\/%d0%b4%d1%80%d1%83%d0%b3%d0%be%d0%b9-%d0%b8%d0%bd%d1%81%d1%82%d1%80%d1%83%d0%bc%d0%b5%d0%bd%d1%82\/%d1%81%d0%bc%d0%b5%d0%bd%d0%bd%d1%8b%d0%b5-%d1%84%d0%b0%d0%b9%d0%bb%d1%8b-%d0%b1%d0%b5%d0%bb%d1%8b%d0%b5-papmam-expert-22-50-%d1%88%d1%82\/#breadcrumb"},"inLanguage":"et","potentialAction":[{"@type":"ReadAction","target":["https:\/\/artmed.ee\/shop\/stalekspro\/%d0%b4%d1%80%d1%83%d0%b3%d0%be%d0%b9-%d0%b8%d0%bd%d1%81%d1%82%d1%80%d1%83%d0%bc%d0%b5%d0%bd%d1%82\/%d1%81%d0%bc%d0%b5%d0%bd%d0%bd%d1%8b%d0%b5-%d1%84%d0%b0%d0%b9%d0%bb%d1%8b-%d0%b1%d0%b5%d0%bb%d1%8b%d0%b5-papmam-expert-22-50-%d1%88%d1%82\/"]}]},{"@type":"ImageObject","inLanguage":"et","@id":"https:\/\/artmed.ee\/shop\/stalekspro\/%d0%b4%d1%80%d1%83%d0%b3%d0%be%d0%b9-%d0%b8%d0%bd%d1%81%d1%82%d1%80%d1%83%d0%bc%d0%b5%d0%bd%d1%82\/%d1%81%d0%bc%d0%b5%d0%bd%d0%bd%d1%8b%d0%b5-%d1%84%d0%b0%d0%b9%d0%bb%d1%8b-%d0%b1%d0%b5%d0%bb%d1%8b%d0%b5-papmam-expert-22-50-%d1%88%d1%82\/#primaryimage","url":"https:\/\/artmed.ee\/wp-content\/uploads\/2025\/04\/smennye-fajly-belye-papmam-dfce-22-150w-1.jpg","contentUrl":"https:\/\/artmed.ee\/wp-content\/uploads\/2025\/04\/smennye-fajly-belye-papmam-dfce-22-150w-1.jpg","width":2000,"height":2000},{"@type":"BreadcrumbList","@id":"https:\/\/artmed.ee\/shop\/stalekspro\/%d0%b4%d1%80%d1%83%d0%b3%d0%be%d0%b9-%d0%b8%d0%bd%d1%81%d1%82%d1%80%d1%83%d0%bc%d0%b5%d0%bd%d1%82\/%d1%81%d0%bc%d0%b5%d0%bd%d0%bd%d1%8b%d0%b5-%d1%84%d0%b0%d0%b9%d0%bb%d1%8b-%d0%b1%d0%b5%d0%bb%d1%8b%d0%b5-papmam-expert-22-50-%d1%88%d1%82\/#breadcrumb","itemListElement":[{"@type":"ListItem","position":1,"name":"\u0413\u043b\u0430\u0432\u043d\u0430\u044f \u0441\u0442\u0440\u0430\u043d\u0438\u0446\u0430","item":"https:\/\/artmed.ee\/"},{"@type":"ListItem","position":2,"name":"\u0422\u043e\u0432\u0430\u0440\u044b","item":"https:\/\/artmed.ee\/shop\/"},{"@type":"ListItem","position":3,"name":"\u0421\u043c\u0435\u043d\u043d\u044b\u0435 \u0444\u0430\u0439\u043b\u044b \u0431\u0435\u043b\u044b\u0435 papmAm EXPERT 22 (50 \u0448\u0442)"}]},{"@type":"WebSite","@id":"https:\/\/artmed.ee\/#website","url":"https:\/\/artmed.ee\/","name":"Artmed.ee","description":"\u041c\u044b \u0437\u0430\u0431\u043e\u0442\u0438\u043c\u0441\u044f \u043e \u0432\u0430\u0448\u0438\u0445 \u043d\u043e\u0433\u0430\u0445! \u041b\u0435\u0447\u0435\u0431\u043d\u044b\u0439 \u043f\u0435\u0434\u0438\u043a\u044e\u0440 \u0432 \u0422\u0430\u043b\u043b\u0438\u043d\u043d\u0435, \u0446\u0435\u043d\u0442\u0440 \u043e\u0431\u0443\u0447\u0435\u043d\u0438\u044f \u0430\u043f\u043f\u0430\u0440\u0430\u0442\u043d\u043e\u043c\u0443 \u043f\u0435\u0434\u0438\u043a\u044e\u0440\u0443. \u0423\u0441\u0442\u0430\u043d\u043e\u0432\u043a\u0430 \u043a\u043e\u0440\u0440\u0435\u043a\u0446\u0438\u043e\u043d\u043d\u043e\u0439 \u0441\u0438\u0441\u0442\u0435\u043c\u044b. \u041b\u0435\u0447\u0435\u043d\u0438\u0435 \u043d\u043e\u0433. \u0413\u0440\u0438\u0431\u043e\u043a, \u043c\u043e\u0437\u043e\u043b\u0438, \u043d\u0430\u0442\u043e\u043f\u0442\u044b\u0448\u0438, \u043f\u0435\u0434\u0438\u043a\u044e\u0440.","publisher":{"@id":"https:\/\/artmed.ee\/#organization"},"potentialAction":[{"@type":"SearchAction","target":{"@type":"EntryPoint","urlTemplate":"https:\/\/artmed.ee\/?s={search_term_string}"},"query-input":{"@type":"PropertyValueSpecification","valueRequired":true,"valueName":"search_term_string"}}],"inLanguage":"et"},{"@type":"Organization","@id":"https:\/\/artmed.ee\/#organization","name":"Artmed Podoakadeemia","url":"https:\/\/artmed.ee\/","logo":{"@type":"ImageObject","inLanguage":"et","@id":"https:\/\/artmed.ee\/#\/schema\/logo\/image\/","url":"https:\/\/artmed.ee\/wp-content\/uploads\/2025\/01\/cropped-artmed_logo_png-1.png","contentUrl":"https:\/\/artmed.ee\/wp-content\/uploads\/2025\/01\/cropped-artmed_logo_png-1.png","width":639,"height":391,"caption":"Artmed Podoakadeemia"},"image":{"@id":"https:\/\/artmed.ee\/#\/schema\/logo\/image\/"},"sameAs":["https:\/\/www.facebook.com\/artmedstuudio","https:\/\/www.instagram.com\/artmed_podoakadeemia\/"]}]}},"_links":{"self":[{"href":"https:\/\/artmed.ee\/ee\/wp-json\/wp\/v2\/product\/3103","targetHints":{"allow":["GET"]}}],"collection":[{"href":"https:\/\/artmed.ee\/ee\/wp-json\/wp\/v2\/product"}],"about":[{"href":"https:\/\/artmed.ee\/ee\/wp-json\/wp\/v2\/types\/product"}],"replies":[{"embeddable":true,"href":"https:\/\/artmed.ee\/ee\/wp-json\/wp\/v2\/comments?post=3103"}],"wp:featuredmedia":[{"embeddable":true,"href":"https:\/\/artmed.ee\/ee\/wp-json\/wp\/v2\/media\/3104"}],"wp:attachment":[{"href":"https:\/\/artmed.ee\/ee\/wp-json\/wp\/v2\/media?parent=3103"}],"wp:term":[{"taxonomy":"product_brand","embeddable":true,"href":"https:\/\/artmed.ee\/ee\/wp-json\/wp\/v2\/product_brand?post=3103"},{"taxonomy":"product_cat","embeddable":true,"href":"https:\/\/artmed.ee\/ee\/wp-json\/wp\/v2\/product_cat?post=3103"},{"taxonomy":"product_tag","embeddable":true,"href":"https:\/\/artmed.ee\/ee\/wp-json\/wp\/v2\/product_tag?post=3103"}],"curies":[{"name":"wp","href":"https:\/\/api.w.org\/{rel}","templated":true}]}}