{"id":3900,"date":"2025-05-08T14:19:26","date_gmt":"2025-05-08T14:19:26","guid":{"rendered":"https:\/\/artmed.ee\/?post_type=product&#038;p=3900"},"modified":"2026-02-06T13:23:47","modified_gmt":"2026-02-06T13:23:47","slug":"%d0%bf%d0%b5%d0%b4%d0%b8%d0%ba%d1%8e%d1%80%d0%bd%d0%be%d0%b5-%d0%ba%d1%80%d0%b5%d1%81%d0%bb%d0%be-f3","status":"publish","type":"product","link":"https:\/\/artmed.ee\/ee\/shop\/staleks\/%d0%bf%d0%b5%d0%b4%d0%b8%d0%ba%d1%8e%d1%80%d0%bd%d0%be%d0%b5-%d0%ba%d1%80%d0%b5%d1%81%d0%bb%d0%be-f3\/","title":{"rendered":"Pedik\u00fc\u00fcritool Concept F3"},"content":{"rendered":"<p>K\u00f5rge istumismugavus, sobib h\u00e4sti ka kosmeetilisteks protseduurideks.<\/p>\n<p>\u2022 Varustatud 3 mootoriga istme k\u00f5rguse, seljatoe ja istme kalde reguleerimiseks<br \/>\n\u2022 K\u00e4etoed p\u00f6\u00f6rduvad 180\u00b0 ulatuses (v\u00f5ivad kokkupanduna v\u00f5imaldada lamavas asendis kosmeetilisi protseduure), liiguvad s\u00fcnkroonselt seljatoega<br \/>\n\u2022 Suur, veekindel ja h\u00fcgieeniline jalal\u00fcliti koos funktsioonidega algasendisse tagasip\u00f6\u00f6rdumine ja l\u00e4htestus ning elektromehaanilise piduriga mugavuseks kasutamisel<br \/>\n\u2022 Jalatoed reguleeritavad v\u00e4ljapoole kuni 70\u00b0 iga\u00fcks, mugavaks sisenemiseks ja v\u00e4ljumiseks \u2013 toetatud istme kallutusega (Trendelenburg) vahemikus -3\u00b0 kuni 30\u00b0<br \/>\n\u2022 Mugav rattakinnituss\u00fcsteem, mis v\u00f5imaldab tooli kerget liigutamist ja optimaalse puhastuse praktika ajal<br \/>\n\u2022 Saadaval \u00fche- v\u00f5i kahev\u00e4rvilises versioonis*<\/p>\n<p>&nbsp;<\/p>\n<hr \/>\n<p>&nbsp;<\/p>\n<p>Liikumisv\u00f5ime piirangud \u00fchiskonnas, kus elatakse j\u00e4rjest kauem, kasvavad. See t\u00e4hendab teie t\u00f6\u00f6s, et peate \u00fcha sagedamini aitama oma kliente n\u00e4iteks tooli istuma. See suurendab veelgi teie f\u00fc\u00fcsilist koormust, mis juba niigi on suur. \u00d5la- v\u00f5i seljaprobleemid on t\u00e4nap\u00e4eval jalahooldust\u00f6\u00f6tajate seas \u00fcks levinumaid terviseprobleeme.<\/p>\n<p>Concept-tugede idee oli t\u00e4ielikult \u00fcmber kujundada raviprotsess, v\u00f5imaldades teil hooldada liikumisraskustega patsiente ilma liigse pingutuseta.<\/p>\n<p><strong>Kontseptsioon<\/strong><br \/>\nToolide konstruktsioon \u00fchendab meie jalahoolduse meditsiinilise kogemuse ja klientide n\u00f5udmised tehniliselt t\u00e4iuslikuks ja l\u00e4bim\u00f5eldud lahenduseks. Ergonomilisest vaatenurgast ei j\u00e4ta see toolide seeria midagi soovida.<br \/>\nPaindlikkus ja ergonoomilisus vastavad k\u00f5rgeimatele n\u00f5udmistele.<\/p>\n<p><strong>Kaubam\u00e4rk<\/strong><br \/>\nConcept-toolid on valmistatud Saksamaal, j\u00e4rgides k\u00f5rgeid kvaliteedistandardeid.<\/p>","protected":false},"excerpt":{"rendered":"<p>Pedik\u00fc\u00fcrtool, mis pakub istumismugavuse k\u00f5rget taset. Sobib h\u00e4sti ka kosmeetilisteks protseduurideks.<\/p>","protected":false},"featured_media":3901,"comment_status":"closed","ping_status":"closed","template":"","meta":{"_acf_changed":false},"product_brand":[70],"product_cat":[44,69],"product_tag":[51],"class_list":{"0":"post-3900","1":"product","2":"type-product","3":"status-publish","4":"has-post-thumbnail","6":"product_brand-gerlach-technik","7":"product_cat-staleks","8":"product_cat-varustus","9":"product_tag-51","11":"first","12":"instock","13":"taxable","14":"shipping-taxable","15":"purchasable","16":"product-type-simple"},"acf":[],"yoast_head":"<!-- This site is optimized with the Yoast SEO plugin v27.3 - https:\/\/yoast.com\/product\/yoast-seo-wordpress\/ -->\n<title>\u041f\u0435\u0434\u0438\u043a\u044e\u0440\u043d\u043e\u0435 \u043a\u0440\u0435\u0441\u043b\u043e Concept F3 - Artmed Podoakadeemia<\/title>\n<meta name=\"robots\" content=\"index, follow, max-snippet:-1, max-image-preview:large, max-video-preview:-1\" \/>\n<link rel=\"canonical\" href=\"https:\/\/artmed.ee\/ee\/shop\/staleks\/\u043f\u0435\u0434\u0438\u043a\u044e\u0440\u043d\u043e\u0435-\u043a\u0440\u0435\u0441\u043b\u043e-f3\/\" \/>\n<meta property=\"og:locale\" content=\"et_EE\" \/>\n<meta property=\"og:type\" content=\"article\" \/>\n<meta property=\"og:title\" content=\"\u041f\u0435\u0434\u0438\u043a\u044e\u0440\u043d\u043e\u0435 \u043a\u0440\u0435\u0441\u043b\u043e Concept F3 - Artmed Podoakadeemia\" \/>\n<meta property=\"og:description\" content=\"\u041f\u0435\u0434\u0438\u043a\u044e\u0440\u043d\u043e\u0435 \u043a\u0440\u0435\u0441\u043b\u043e \u0441 \u0432\u044b\u0441\u043e\u043a\u0438\u043c \u0443\u0440\u043e\u0432\u043d\u0435\u043c \u043a\u043e\u043c\u0444\u043e\u0440\u0442\u0430 \u043f\u0440\u0438 \u0441\u0438\u0434\u0435\u043d\u0438\u0438. \u0422\u0430\u043a\u0436\u0435 \u0445\u043e\u0440\u043e\u0448\u043e \u043f\u043e\u0434\u0445\u043e\u0434\u0438\u0442 \u0434\u043b\u044f \u043a\u043e\u0441\u043c\u0435\u0442\u0438\u0447\u0435\u0441\u043a\u0438\u0445 \u043f\u0440\u043e\u0446\u0435\u0434\u0443\u0440.\" \/>\n<meta property=\"og:url\" content=\"https:\/\/artmed.ee\/ee\/shop\/staleks\/\u043f\u0435\u0434\u0438\u043a\u044e\u0440\u043d\u043e\u0435-\u043a\u0440\u0435\u0441\u043b\u043e-f3\/\" \/>\n<meta property=\"og:site_name\" content=\"Artmed Podoakadeemia\" \/>\n<meta property=\"article:publisher\" content=\"https:\/\/www.facebook.com\/artmedstuudio\" \/>\n<meta property=\"article:modified_time\" content=\"2026-02-06T13:23:47+00:00\" \/>\n<meta property=\"og:image\" content=\"https:\/\/artmed.ee\/wp-content\/uploads\/2025\/05\/f3-1.png\" \/>\n\t<meta property=\"og:image:width\" content=\"1080\" \/>\n\t<meta property=\"og:image:height\" content=\"1080\" \/>\n\t<meta property=\"og:image:type\" content=\"image\/png\" \/>\n<meta name=\"twitter:card\" content=\"summary_large_image\" \/>\n<meta name=\"twitter:label1\" content=\"Est. reading time\" \/>\n\t<meta name=\"twitter:data1\" content=\"2 minutit\" \/>\n<script type=\"application\/ld+json\" class=\"yoast-schema-graph\">{\"@context\":\"https:\\\/\\\/schema.org\",\"@graph\":[{\"@type\":\"WebPage\",\"@id\":\"https:\\\/\\\/artmed.ee\\\/shop\\\/staleks\\\/%d0%bf%d0%b5%d0%b4%d0%b8%d0%ba%d1%8e%d1%80%d0%bd%d0%be%d0%b5-%d0%ba%d1%80%d0%b5%d1%81%d0%bb%d0%be-f3\\\/\",\"url\":\"https:\\\/\\\/artmed.ee\\\/shop\\\/staleks\\\/%d0%bf%d0%b5%d0%b4%d0%b8%d0%ba%d1%8e%d1%80%d0%bd%d0%be%d0%b5-%d0%ba%d1%80%d0%b5%d1%81%d0%bb%d0%be-f3\\\/\",\"name\":\"\u041f\u0435\u0434\u0438\u043a\u044e\u0440\u043d\u043e\u0435 \u043a\u0440\u0435\u0441\u043b\u043e Concept F3 - Artmed Podoakadeemia\",\"isPartOf\":{\"@id\":\"https:\\\/\\\/artmed.ee\\\/#website\"},\"primaryImageOfPage\":{\"@id\":\"https:\\\/\\\/artmed.ee\\\/shop\\\/staleks\\\/%d0%bf%d0%b5%d0%b4%d0%b8%d0%ba%d1%8e%d1%80%d0%bd%d0%be%d0%b5-%d0%ba%d1%80%d0%b5%d1%81%d0%bb%d0%be-f3\\\/#primaryimage\"},\"image\":{\"@id\":\"https:\\\/\\\/artmed.ee\\\/shop\\\/staleks\\\/%d0%bf%d0%b5%d0%b4%d0%b8%d0%ba%d1%8e%d1%80%d0%bd%d0%be%d0%b5-%d0%ba%d1%80%d0%b5%d1%81%d0%bb%d0%be-f3\\\/#primaryimage\"},\"thumbnailUrl\":\"https:\\\/\\\/artmed.ee\\\/wp-content\\\/uploads\\\/2025\\\/05\\\/f3-1.png\",\"datePublished\":\"2025-05-08T14:19:26+00:00\",\"dateModified\":\"2026-02-06T13:23:47+00:00\",\"breadcrumb\":{\"@id\":\"https:\\\/\\\/artmed.ee\\\/shop\\\/staleks\\\/%d0%bf%d0%b5%d0%b4%d0%b8%d0%ba%d1%8e%d1%80%d0%bd%d0%be%d0%b5-%d0%ba%d1%80%d0%b5%d1%81%d0%bb%d0%be-f3\\\/#breadcrumb\"},\"inLanguage\":\"et\",\"potentialAction\":[{\"@type\":\"ReadAction\",\"target\":[\"https:\\\/\\\/artmed.ee\\\/shop\\\/staleks\\\/%d0%bf%d0%b5%d0%b4%d0%b8%d0%ba%d1%8e%d1%80%d0%bd%d0%be%d0%b5-%d0%ba%d1%80%d0%b5%d1%81%d0%bb%d0%be-f3\\\/\"]}]},{\"@type\":\"ImageObject\",\"inLanguage\":\"et\",\"@id\":\"https:\\\/\\\/artmed.ee\\\/shop\\\/staleks\\\/%d0%bf%d0%b5%d0%b4%d0%b8%d0%ba%d1%8e%d1%80%d0%bd%d0%be%d0%b5-%d0%ba%d1%80%d0%b5%d1%81%d0%bb%d0%be-f3\\\/#primaryimage\",\"url\":\"https:\\\/\\\/artmed.ee\\\/wp-content\\\/uploads\\\/2025\\\/05\\\/f3-1.png\",\"contentUrl\":\"https:\\\/\\\/artmed.ee\\\/wp-content\\\/uploads\\\/2025\\\/05\\\/f3-1.png\",\"width\":1080,\"height\":1080},{\"@type\":\"BreadcrumbList\",\"@id\":\"https:\\\/\\\/artmed.ee\\\/shop\\\/staleks\\\/%d0%bf%d0%b5%d0%b4%d0%b8%d0%ba%d1%8e%d1%80%d0%bd%d0%be%d0%b5-%d0%ba%d1%80%d0%b5%d1%81%d0%bb%d0%be-f3\\\/#breadcrumb\",\"itemListElement\":[{\"@type\":\"ListItem\",\"position\":1,\"name\":\"\u0413\u043b\u0430\u0432\u043d\u0430\u044f \u0441\u0442\u0440\u0430\u043d\u0438\u0446\u0430\",\"item\":\"https:\\\/\\\/artmed.ee\\\/\"},{\"@type\":\"ListItem\",\"position\":2,\"name\":\"\u0422\u043e\u0432\u0430\u0440\u044b\",\"item\":\"https:\\\/\\\/artmed.ee\\\/shop\\\/\"},{\"@type\":\"ListItem\",\"position\":3,\"name\":\"\u041f\u0435\u0434\u0438\u043a\u044e\u0440\u043d\u043e\u0435 \u043a\u0440\u0435\u0441\u043b\u043e Concept F3\"}]},{\"@type\":\"WebSite\",\"@id\":\"https:\\\/\\\/artmed.ee\\\/#website\",\"url\":\"https:\\\/\\\/artmed.ee\\\/\",\"name\":\"Artmed.ee\",\"description\":\"\u041c\u044b \u0437\u0430\u0431\u043e\u0442\u0438\u043c\u0441\u044f \u043e \u0432\u0430\u0448\u0438\u0445 \u043d\u043e\u0433\u0430\u0445! \u041b\u0435\u0447\u0435\u0431\u043d\u044b\u0439 \u043f\u0435\u0434\u0438\u043a\u044e\u0440 \u0432 \u0422\u0430\u043b\u043b\u0438\u043d\u043d\u0435, \u0446\u0435\u043d\u0442\u0440 \u043e\u0431\u0443\u0447\u0435\u043d\u0438\u044f \u0430\u043f\u043f\u0430\u0440\u0430\u0442\u043d\u043e\u043c\u0443 \u043f\u0435\u0434\u0438\u043a\u044e\u0440\u0443. \u0423\u0441\u0442\u0430\u043d\u043e\u0432\u043a\u0430 \u043a\u043e\u0440\u0440\u0435\u043a\u0446\u0438\u043e\u043d\u043d\u043e\u0439 \u0441\u0438\u0441\u0442\u0435\u043c\u044b. \u041b\u0435\u0447\u0435\u043d\u0438\u0435 \u043d\u043e\u0433. \u0413\u0440\u0438\u0431\u043e\u043a, \u043c\u043e\u0437\u043e\u043b\u0438, \u043d\u0430\u0442\u043e\u043f\u0442\u044b\u0448\u0438, \u043f\u0435\u0434\u0438\u043a\u044e\u0440.\",\"publisher\":{\"@id\":\"https:\\\/\\\/artmed.ee\\\/#organization\"},\"potentialAction\":[{\"@type\":\"SearchAction\",\"target\":{\"@type\":\"EntryPoint\",\"urlTemplate\":\"https:\\\/\\\/artmed.ee\\\/?s={search_term_string}\"},\"query-input\":{\"@type\":\"PropertyValueSpecification\",\"valueRequired\":true,\"valueName\":\"search_term_string\"}}],\"inLanguage\":\"et\"},{\"@type\":\"Organization\",\"@id\":\"https:\\\/\\\/artmed.ee\\\/#organization\",\"name\":\"Artmed Podoakadeemia\",\"url\":\"https:\\\/\\\/artmed.ee\\\/\",\"logo\":{\"@type\":\"ImageObject\",\"inLanguage\":\"et\",\"@id\":\"https:\\\/\\\/artmed.ee\\\/#\\\/schema\\\/logo\\\/image\\\/\",\"url\":\"https:\\\/\\\/artmed.ee\\\/wp-content\\\/uploads\\\/2025\\\/01\\\/cropped-artmed_logo_png-1.png\",\"contentUrl\":\"https:\\\/\\\/artmed.ee\\\/wp-content\\\/uploads\\\/2025\\\/01\\\/cropped-artmed_logo_png-1.png\",\"width\":639,\"height\":391,\"caption\":\"Artmed Podoakadeemia\"},\"image\":{\"@id\":\"https:\\\/\\\/artmed.ee\\\/#\\\/schema\\\/logo\\\/image\\\/\"},\"sameAs\":[\"https:\\\/\\\/www.facebook.com\\\/artmedstuudio\",\"https:\\\/\\\/www.instagram.com\\\/artmed_podoakadeemia\\\/\"]}]}<\/script>\n<!-- \/ Yoast SEO plugin. -->","yoast_head_json":{"title":"\u041f\u0435\u0434\u0438\u043a\u044e\u0440\u043d\u043e\u0435 \u043a\u0440\u0435\u0441\u043b\u043e Concept F3 - Artmed Podoakadeemia","robots":{"index":"index","follow":"follow","max-snippet":"max-snippet:-1","max-image-preview":"max-image-preview:large","max-video-preview":"max-video-preview:-1"},"canonical":"https:\/\/artmed.ee\/ee\/shop\/staleks\/\u043f\u0435\u0434\u0438\u043a\u044e\u0440\u043d\u043e\u0435-\u043a\u0440\u0435\u0441\u043b\u043e-f3\/","og_locale":"et_EE","og_type":"article","og_title":"\u041f\u0435\u0434\u0438\u043a\u044e\u0440\u043d\u043e\u0435 \u043a\u0440\u0435\u0441\u043b\u043e Concept F3 - Artmed Podoakadeemia","og_description":"\u041f\u0435\u0434\u0438\u043a\u044e\u0440\u043d\u043e\u0435 \u043a\u0440\u0435\u0441\u043b\u043e \u0441 \u0432\u044b\u0441\u043e\u043a\u0438\u043c \u0443\u0440\u043e\u0432\u043d\u0435\u043c \u043a\u043e\u043c\u0444\u043e\u0440\u0442\u0430 \u043f\u0440\u0438 \u0441\u0438\u0434\u0435\u043d\u0438\u0438. \u0422\u0430\u043a\u0436\u0435 \u0445\u043e\u0440\u043e\u0448\u043e \u043f\u043e\u0434\u0445\u043e\u0434\u0438\u0442 \u0434\u043b\u044f \u043a\u043e\u0441\u043c\u0435\u0442\u0438\u0447\u0435\u0441\u043a\u0438\u0445 \u043f\u0440\u043e\u0446\u0435\u0434\u0443\u0440.","og_url":"https:\/\/artmed.ee\/ee\/shop\/staleks\/\u043f\u0435\u0434\u0438\u043a\u044e\u0440\u043d\u043e\u0435-\u043a\u0440\u0435\u0441\u043b\u043e-f3\/","og_site_name":"Artmed Podoakadeemia","article_publisher":"https:\/\/www.facebook.com\/artmedstuudio","article_modified_time":"2026-02-06T13:23:47+00:00","og_image":[{"width":1080,"height":1080,"url":"https:\/\/artmed.ee\/wp-content\/uploads\/2025\/05\/f3-1.png","type":"image\/png"}],"twitter_card":"summary_large_image","twitter_misc":{"Est. reading time":"2 minutit"},"schema":{"@context":"https:\/\/schema.org","@graph":[{"@type":"WebPage","@id":"https:\/\/artmed.ee\/shop\/staleks\/%d0%bf%d0%b5%d0%b4%d0%b8%d0%ba%d1%8e%d1%80%d0%bd%d0%be%d0%b5-%d0%ba%d1%80%d0%b5%d1%81%d0%bb%d0%be-f3\/","url":"https:\/\/artmed.ee\/shop\/staleks\/%d0%bf%d0%b5%d0%b4%d0%b8%d0%ba%d1%8e%d1%80%d0%bd%d0%be%d0%b5-%d0%ba%d1%80%d0%b5%d1%81%d0%bb%d0%be-f3\/","name":"\u041f\u0435\u0434\u0438\u043a\u044e\u0440\u043d\u043e\u0435 \u043a\u0440\u0435\u0441\u043b\u043e Concept F3 - Artmed Podoakadeemia","isPartOf":{"@id":"https:\/\/artmed.ee\/#website"},"primaryImageOfPage":{"@id":"https:\/\/artmed.ee\/shop\/staleks\/%d0%bf%d0%b5%d0%b4%d0%b8%d0%ba%d1%8e%d1%80%d0%bd%d0%be%d0%b5-%d0%ba%d1%80%d0%b5%d1%81%d0%bb%d0%be-f3\/#primaryimage"},"image":{"@id":"https:\/\/artmed.ee\/shop\/staleks\/%d0%bf%d0%b5%d0%b4%d0%b8%d0%ba%d1%8e%d1%80%d0%bd%d0%be%d0%b5-%d0%ba%d1%80%d0%b5%d1%81%d0%bb%d0%be-f3\/#primaryimage"},"thumbnailUrl":"https:\/\/artmed.ee\/wp-content\/uploads\/2025\/05\/f3-1.png","datePublished":"2025-05-08T14:19:26+00:00","dateModified":"2026-02-06T13:23:47+00:00","breadcrumb":{"@id":"https:\/\/artmed.ee\/shop\/staleks\/%d0%bf%d0%b5%d0%b4%d0%b8%d0%ba%d1%8e%d1%80%d0%bd%d0%be%d0%b5-%d0%ba%d1%80%d0%b5%d1%81%d0%bb%d0%be-f3\/#breadcrumb"},"inLanguage":"et","potentialAction":[{"@type":"ReadAction","target":["https:\/\/artmed.ee\/shop\/staleks\/%d0%bf%d0%b5%d0%b4%d0%b8%d0%ba%d1%8e%d1%80%d0%bd%d0%be%d0%b5-%d0%ba%d1%80%d0%b5%d1%81%d0%bb%d0%be-f3\/"]}]},{"@type":"ImageObject","inLanguage":"et","@id":"https:\/\/artmed.ee\/shop\/staleks\/%d0%bf%d0%b5%d0%b4%d0%b8%d0%ba%d1%8e%d1%80%d0%bd%d0%be%d0%b5-%d0%ba%d1%80%d0%b5%d1%81%d0%bb%d0%be-f3\/#primaryimage","url":"https:\/\/artmed.ee\/wp-content\/uploads\/2025\/05\/f3-1.png","contentUrl":"https:\/\/artmed.ee\/wp-content\/uploads\/2025\/05\/f3-1.png","width":1080,"height":1080},{"@type":"BreadcrumbList","@id":"https:\/\/artmed.ee\/shop\/staleks\/%d0%bf%d0%b5%d0%b4%d0%b8%d0%ba%d1%8e%d1%80%d0%bd%d0%be%d0%b5-%d0%ba%d1%80%d0%b5%d1%81%d0%bb%d0%be-f3\/#breadcrumb","itemListElement":[{"@type":"ListItem","position":1,"name":"\u0413\u043b\u0430\u0432\u043d\u0430\u044f \u0441\u0442\u0440\u0430\u043d\u0438\u0446\u0430","item":"https:\/\/artmed.ee\/"},{"@type":"ListItem","position":2,"name":"\u0422\u043e\u0432\u0430\u0440\u044b","item":"https:\/\/artmed.ee\/shop\/"},{"@type":"ListItem","position":3,"name":"\u041f\u0435\u0434\u0438\u043a\u044e\u0440\u043d\u043e\u0435 \u043a\u0440\u0435\u0441\u043b\u043e Concept F3"}]},{"@type":"WebSite","@id":"https:\/\/artmed.ee\/#website","url":"https:\/\/artmed.ee\/","name":"Artmed.ee","description":"\u041c\u044b \u0437\u0430\u0431\u043e\u0442\u0438\u043c\u0441\u044f \u043e \u0432\u0430\u0448\u0438\u0445 \u043d\u043e\u0433\u0430\u0445! \u041b\u0435\u0447\u0435\u0431\u043d\u044b\u0439 \u043f\u0435\u0434\u0438\u043a\u044e\u0440 \u0432 \u0422\u0430\u043b\u043b\u0438\u043d\u043d\u0435, \u0446\u0435\u043d\u0442\u0440 \u043e\u0431\u0443\u0447\u0435\u043d\u0438\u044f \u0430\u043f\u043f\u0430\u0440\u0430\u0442\u043d\u043e\u043c\u0443 \u043f\u0435\u0434\u0438\u043a\u044e\u0440\u0443. \u0423\u0441\u0442\u0430\u043d\u043e\u0432\u043a\u0430 \u043a\u043e\u0440\u0440\u0435\u043a\u0446\u0438\u043e\u043d\u043d\u043e\u0439 \u0441\u0438\u0441\u0442\u0435\u043c\u044b. \u041b\u0435\u0447\u0435\u043d\u0438\u0435 \u043d\u043e\u0433. \u0413\u0440\u0438\u0431\u043e\u043a, \u043c\u043e\u0437\u043e\u043b\u0438, \u043d\u0430\u0442\u043e\u043f\u0442\u044b\u0448\u0438, \u043f\u0435\u0434\u0438\u043a\u044e\u0440.","publisher":{"@id":"https:\/\/artmed.ee\/#organization"},"potentialAction":[{"@type":"SearchAction","target":{"@type":"EntryPoint","urlTemplate":"https:\/\/artmed.ee\/?s={search_term_string}"},"query-input":{"@type":"PropertyValueSpecification","valueRequired":true,"valueName":"search_term_string"}}],"inLanguage":"et"},{"@type":"Organization","@id":"https:\/\/artmed.ee\/#organization","name":"Artmed Podoakadeemia","url":"https:\/\/artmed.ee\/","logo":{"@type":"ImageObject","inLanguage":"et","@id":"https:\/\/artmed.ee\/#\/schema\/logo\/image\/","url":"https:\/\/artmed.ee\/wp-content\/uploads\/2025\/01\/cropped-artmed_logo_png-1.png","contentUrl":"https:\/\/artmed.ee\/wp-content\/uploads\/2025\/01\/cropped-artmed_logo_png-1.png","width":639,"height":391,"caption":"Artmed Podoakadeemia"},"image":{"@id":"https:\/\/artmed.ee\/#\/schema\/logo\/image\/"},"sameAs":["https:\/\/www.facebook.com\/artmedstuudio","https:\/\/www.instagram.com\/artmed_podoakadeemia\/"]}]}},"_links":{"self":[{"href":"https:\/\/artmed.ee\/ee\/wp-json\/wp\/v2\/product\/3900","targetHints":{"allow":["GET"]}}],"collection":[{"href":"https:\/\/artmed.ee\/ee\/wp-json\/wp\/v2\/product"}],"about":[{"href":"https:\/\/artmed.ee\/ee\/wp-json\/wp\/v2\/types\/product"}],"replies":[{"embeddable":true,"href":"https:\/\/artmed.ee\/ee\/wp-json\/wp\/v2\/comments?post=3900"}],"wp:featuredmedia":[{"embeddable":true,"href":"https:\/\/artmed.ee\/ee\/wp-json\/wp\/v2\/media\/3901"}],"wp:attachment":[{"href":"https:\/\/artmed.ee\/ee\/wp-json\/wp\/v2\/media?parent=3900"}],"wp:term":[{"taxonomy":"product_brand","embeddable":true,"href":"https:\/\/artmed.ee\/ee\/wp-json\/wp\/v2\/product_brand?post=3900"},{"taxonomy":"product_cat","embeddable":true,"href":"https:\/\/artmed.ee\/ee\/wp-json\/wp\/v2\/product_cat?post=3900"},{"taxonomy":"product_tag","embeddable":true,"href":"https:\/\/artmed.ee\/ee\/wp-json\/wp\/v2\/product_tag?post=3900"}],"curies":[{"name":"wp","href":"https:\/\/api.w.org\/{rel}","templated":true}]}}