{"id":3947,"date":"2025-05-09T08:07:21","date_gmt":"2025-05-09T08:07:21","guid":{"rendered":"https:\/\/artmed.ee\/?post_type=product&#038;p=3947"},"modified":"2026-02-06T13:30:52","modified_gmt":"2026-02-06T13:30:52","slug":"%d0%bf%d0%b5%d0%b4%d0%b8%d0%ba%d1%8e%d1%80%d0%bd%d0%be%d0%b5-%d0%ba%d1%80%d0%b5%d1%81%d0%bb%d0%be-concept-b2","status":"publish","type":"product","link":"https:\/\/artmed.ee\/ee\/shop\/staleks\/%d0%bf%d0%b5%d0%b4%d0%b8%d0%ba%d1%8e%d1%80%d0%bd%d0%be%d0%b5-%d0%ba%d1%80%d0%b5%d1%81%d0%bb%d0%be-concept-b2\/","title":{"rendered":"Pedik\u00fc\u00fcritool Concept B2"},"content":{"rendered":"<p><strong data-start=\"51\" data-end=\"137\">Funktsionaalne pedik\u00fc\u00fcrtool minimalistliku disaini ja k\u00f5rge mugavustasemega.<\/strong><br data-start=\"137\" data-end=\"140\" \/>Varustatud kahe elektrimootoriga, mis reguleerivad istme k\u00f5rgust ja kaldenurka, tool p\u00f6\u00f6rleb 90\u00b0 m\u00f5lemas suunas. Paindlik jalatugi gaasivedruga v\u00f5imaldab t\u00f6\u00f6asendi lihtsat seadistamist. Maksimaalne kandev\u00f5ime kuni 200 kg. Saadaval 40 v\u00e4rvitoonis \u2013 nii \u00fchev\u00e4rvilised kui ka kahev\u00e4rvilised variandid. Suurep\u00e4rane lahendus salongidele, mis hindavad t\u00f6\u00f6kindlust, ergonoomikat ja Saksa kvaliteeti.<\/p>\n<p><strong>Tooteinfo:<\/strong><br \/>\n\u2022 Visuaalselt atraktiivne jalatool mugava istmega<br \/>\n\u2022 Kaks s\u00fcnkroonselt t\u00f6\u00f6tavat mootorit istme k\u00f5rguse ja Trendelenburgi kaldenurga reguleerimiseks<br \/>\n\u2022 Istme kaldenurk reguleeritav vahemikus -3\u00b0 kuni 30\u00b0, mis teeb toolist t\u00f5usmise mugavamaks<br \/>\n\u2022 Suur pedaal lihtsaks juhtimiseks<br \/>\n\u2022 Jalatoed gaasivedruga \u2013 t\u00f6\u00f6tamisk\u00f5rguse lihtne reguleerimine<br \/>\n\u2022 Saadaval 58 erinevas v\u00e4rvitoonis \u2013 \u00fchev\u00e4rvilisena v\u00f5i kahev\u00e4rvilisena*<\/p>","protected":false},"excerpt":{"rendered":"<p>Funktsionaalne pedik\u00fc\u00fcrtool minimalistliku disaini ja k\u00f5rge mugavustasemega.<\/p>","protected":false},"featured_media":3948,"comment_status":"closed","ping_status":"closed","template":"","meta":{"_acf_changed":false},"product_brand":[70],"product_cat":[44,69],"product_tag":[],"class_list":{"0":"post-3947","1":"product","2":"type-product","3":"status-publish","4":"has-post-thumbnail","6":"product_brand-gerlach-technik","7":"product_cat-staleks","8":"product_cat-varustus","10":"first","11":"instock","12":"taxable","13":"shipping-taxable","14":"purchasable","15":"product-type-simple"},"acf":[],"yoast_head":"<!-- This site is optimized with the Yoast SEO plugin v27.3 - https:\/\/yoast.com\/product\/yoast-seo-wordpress\/ -->\n<title>\u041f\u0435\u0434\u0438\u043a\u044e\u0440\u043d\u043e\u0435 \u043a\u0440\u0435\u0441\u043b\u043e Concept B2 - Artmed Podoakadeemia<\/title>\n<meta name=\"robots\" content=\"index, follow, max-snippet:-1, max-image-preview:large, max-video-preview:-1\" \/>\n<link rel=\"canonical\" href=\"https:\/\/artmed.ee\/ee\/shop\/staleks\/\u043f\u0435\u0434\u0438\u043a\u044e\u0440\u043d\u043e\u0435-\u043a\u0440\u0435\u0441\u043b\u043e-concept-b2\/\" \/>\n<meta property=\"og:locale\" content=\"et_EE\" \/>\n<meta property=\"og:type\" content=\"article\" \/>\n<meta property=\"og:title\" content=\"\u041f\u0435\u0434\u0438\u043a\u044e\u0440\u043d\u043e\u0435 \u043a\u0440\u0435\u0441\u043b\u043e Concept B2 - Artmed Podoakadeemia\" \/>\n<meta property=\"og:description\" content=\"\u0424\u0443\u043d\u043a\u0446\u0438\u043e\u043d\u0430\u043b\u044c\u043d\u043e\u0435 \u043f\u0435\u0434\u0438\u043a\u044e\u0440\u043d\u043e\u0435 \u043a\u0440\u0435\u0441\u043b\u043e \u0441 \u043b\u0430\u043a\u043e\u043d\u0438\u0447\u043d\u044b\u043c \u0434\u0438\u0437\u0430\u0439\u043d\u043e\u043c \u0438 \u0432\u044b\u0441\u043e\u043a\u0438\u043c \u0443\u0440\u043e\u0432\u043d\u0435\u043c \u043a\u043e\u043c\u0444\u043e\u0440\u0442\u0430.\" \/>\n<meta property=\"og:url\" content=\"https:\/\/artmed.ee\/ee\/shop\/staleks\/\u043f\u0435\u0434\u0438\u043a\u044e\u0440\u043d\u043e\u0435-\u043a\u0440\u0435\u0441\u043b\u043e-concept-b2\/\" \/>\n<meta property=\"og:site_name\" content=\"Artmed Podoakadeemia\" \/>\n<meta property=\"article:publisher\" content=\"https:\/\/www.facebook.com\/artmedstuudio\" \/>\n<meta property=\"article:modified_time\" content=\"2026-02-06T13:30:52+00:00\" \/>\n<meta property=\"og:image\" content=\"https:\/\/artmed.ee\/wp-content\/uploads\/2025\/05\/b2-1.png\" \/>\n\t<meta property=\"og:image:width\" content=\"1600\" \/>\n\t<meta property=\"og:image:height\" content=\"1600\" \/>\n\t<meta property=\"og:image:type\" content=\"image\/png\" \/>\n<meta name=\"twitter:card\" content=\"summary_large_image\" \/>\n<meta name=\"twitter:label1\" content=\"Est. reading time\" \/>\n\t<meta name=\"twitter:data1\" content=\"1 minut\" \/>\n<script type=\"application\/ld+json\" class=\"yoast-schema-graph\">{\"@context\":\"https:\\\/\\\/schema.org\",\"@graph\":[{\"@type\":\"WebPage\",\"@id\":\"https:\\\/\\\/artmed.ee\\\/shop\\\/staleks\\\/%d0%bf%d0%b5%d0%b4%d0%b8%d0%ba%d1%8e%d1%80%d0%bd%d0%be%d0%b5-%d0%ba%d1%80%d0%b5%d1%81%d0%bb%d0%be-concept-b2\\\/\",\"url\":\"https:\\\/\\\/artmed.ee\\\/shop\\\/staleks\\\/%d0%bf%d0%b5%d0%b4%d0%b8%d0%ba%d1%8e%d1%80%d0%bd%d0%be%d0%b5-%d0%ba%d1%80%d0%b5%d1%81%d0%bb%d0%be-concept-b2\\\/\",\"name\":\"\u041f\u0435\u0434\u0438\u043a\u044e\u0440\u043d\u043e\u0435 \u043a\u0440\u0435\u0441\u043b\u043e Concept B2 - Artmed Podoakadeemia\",\"isPartOf\":{\"@id\":\"https:\\\/\\\/artmed.ee\\\/#website\"},\"primaryImageOfPage\":{\"@id\":\"https:\\\/\\\/artmed.ee\\\/shop\\\/staleks\\\/%d0%bf%d0%b5%d0%b4%d0%b8%d0%ba%d1%8e%d1%80%d0%bd%d0%be%d0%b5-%d0%ba%d1%80%d0%b5%d1%81%d0%bb%d0%be-concept-b2\\\/#primaryimage\"},\"image\":{\"@id\":\"https:\\\/\\\/artmed.ee\\\/shop\\\/staleks\\\/%d0%bf%d0%b5%d0%b4%d0%b8%d0%ba%d1%8e%d1%80%d0%bd%d0%be%d0%b5-%d0%ba%d1%80%d0%b5%d1%81%d0%bb%d0%be-concept-b2\\\/#primaryimage\"},\"thumbnailUrl\":\"https:\\\/\\\/artmed.ee\\\/wp-content\\\/uploads\\\/2025\\\/05\\\/b2-1.png\",\"datePublished\":\"2025-05-09T08:07:21+00:00\",\"dateModified\":\"2026-02-06T13:30:52+00:00\",\"breadcrumb\":{\"@id\":\"https:\\\/\\\/artmed.ee\\\/shop\\\/staleks\\\/%d0%bf%d0%b5%d0%b4%d0%b8%d0%ba%d1%8e%d1%80%d0%bd%d0%be%d0%b5-%d0%ba%d1%80%d0%b5%d1%81%d0%bb%d0%be-concept-b2\\\/#breadcrumb\"},\"inLanguage\":\"et\",\"potentialAction\":[{\"@type\":\"ReadAction\",\"target\":[\"https:\\\/\\\/artmed.ee\\\/shop\\\/staleks\\\/%d0%bf%d0%b5%d0%b4%d0%b8%d0%ba%d1%8e%d1%80%d0%bd%d0%be%d0%b5-%d0%ba%d1%80%d0%b5%d1%81%d0%bb%d0%be-concept-b2\\\/\"]}]},{\"@type\":\"ImageObject\",\"inLanguage\":\"et\",\"@id\":\"https:\\\/\\\/artmed.ee\\\/shop\\\/staleks\\\/%d0%bf%d0%b5%d0%b4%d0%b8%d0%ba%d1%8e%d1%80%d0%bd%d0%be%d0%b5-%d0%ba%d1%80%d0%b5%d1%81%d0%bb%d0%be-concept-b2\\\/#primaryimage\",\"url\":\"https:\\\/\\\/artmed.ee\\\/wp-content\\\/uploads\\\/2025\\\/05\\\/b2-1.png\",\"contentUrl\":\"https:\\\/\\\/artmed.ee\\\/wp-content\\\/uploads\\\/2025\\\/05\\\/b2-1.png\",\"width\":1600,\"height\":1600},{\"@type\":\"BreadcrumbList\",\"@id\":\"https:\\\/\\\/artmed.ee\\\/shop\\\/staleks\\\/%d0%bf%d0%b5%d0%b4%d0%b8%d0%ba%d1%8e%d1%80%d0%bd%d0%be%d0%b5-%d0%ba%d1%80%d0%b5%d1%81%d0%bb%d0%be-concept-b2\\\/#breadcrumb\",\"itemListElement\":[{\"@type\":\"ListItem\",\"position\":1,\"name\":\"\u0413\u043b\u0430\u0432\u043d\u0430\u044f \u0441\u0442\u0440\u0430\u043d\u0438\u0446\u0430\",\"item\":\"https:\\\/\\\/artmed.ee\\\/\"},{\"@type\":\"ListItem\",\"position\":2,\"name\":\"\u0422\u043e\u0432\u0430\u0440\u044b\",\"item\":\"https:\\\/\\\/artmed.ee\\\/shop\\\/\"},{\"@type\":\"ListItem\",\"position\":3,\"name\":\"\u041f\u0435\u0434\u0438\u043a\u044e\u0440\u043d\u043e\u0435 \u043a\u0440\u0435\u0441\u043b\u043e Concept B2\"}]},{\"@type\":\"WebSite\",\"@id\":\"https:\\\/\\\/artmed.ee\\\/#website\",\"url\":\"https:\\\/\\\/artmed.ee\\\/\",\"name\":\"Artmed.ee\",\"description\":\"\u041c\u044b \u0437\u0430\u0431\u043e\u0442\u0438\u043c\u0441\u044f \u043e \u0432\u0430\u0448\u0438\u0445 \u043d\u043e\u0433\u0430\u0445! \u041b\u0435\u0447\u0435\u0431\u043d\u044b\u0439 \u043f\u0435\u0434\u0438\u043a\u044e\u0440 \u0432 \u0422\u0430\u043b\u043b\u0438\u043d\u043d\u0435, \u0446\u0435\u043d\u0442\u0440 \u043e\u0431\u0443\u0447\u0435\u043d\u0438\u044f \u0430\u043f\u043f\u0430\u0440\u0430\u0442\u043d\u043e\u043c\u0443 \u043f\u0435\u0434\u0438\u043a\u044e\u0440\u0443. \u0423\u0441\u0442\u0430\u043d\u043e\u0432\u043a\u0430 \u043a\u043e\u0440\u0440\u0435\u043a\u0446\u0438\u043e\u043d\u043d\u043e\u0439 \u0441\u0438\u0441\u0442\u0435\u043c\u044b. \u041b\u0435\u0447\u0435\u043d\u0438\u0435 \u043d\u043e\u0433. \u0413\u0440\u0438\u0431\u043e\u043a, \u043c\u043e\u0437\u043e\u043b\u0438, \u043d\u0430\u0442\u043e\u043f\u0442\u044b\u0448\u0438, \u043f\u0435\u0434\u0438\u043a\u044e\u0440.\",\"publisher\":{\"@id\":\"https:\\\/\\\/artmed.ee\\\/#organization\"},\"potentialAction\":[{\"@type\":\"SearchAction\",\"target\":{\"@type\":\"EntryPoint\",\"urlTemplate\":\"https:\\\/\\\/artmed.ee\\\/?s={search_term_string}\"},\"query-input\":{\"@type\":\"PropertyValueSpecification\",\"valueRequired\":true,\"valueName\":\"search_term_string\"}}],\"inLanguage\":\"et\"},{\"@type\":\"Organization\",\"@id\":\"https:\\\/\\\/artmed.ee\\\/#organization\",\"name\":\"Artmed Podoakadeemia\",\"url\":\"https:\\\/\\\/artmed.ee\\\/\",\"logo\":{\"@type\":\"ImageObject\",\"inLanguage\":\"et\",\"@id\":\"https:\\\/\\\/artmed.ee\\\/#\\\/schema\\\/logo\\\/image\\\/\",\"url\":\"https:\\\/\\\/artmed.ee\\\/wp-content\\\/uploads\\\/2025\\\/01\\\/cropped-artmed_logo_png-1.png\",\"contentUrl\":\"https:\\\/\\\/artmed.ee\\\/wp-content\\\/uploads\\\/2025\\\/01\\\/cropped-artmed_logo_png-1.png\",\"width\":639,\"height\":391,\"caption\":\"Artmed Podoakadeemia\"},\"image\":{\"@id\":\"https:\\\/\\\/artmed.ee\\\/#\\\/schema\\\/logo\\\/image\\\/\"},\"sameAs\":[\"https:\\\/\\\/www.facebook.com\\\/artmedstuudio\",\"https:\\\/\\\/www.instagram.com\\\/artmed_podoakadeemia\\\/\"]}]}<\/script>\n<!-- \/ Yoast SEO plugin. -->","yoast_head_json":{"title":"\u041f\u0435\u0434\u0438\u043a\u044e\u0440\u043d\u043e\u0435 \u043a\u0440\u0435\u0441\u043b\u043e Concept B2 - Artmed Podoakadeemia","robots":{"index":"index","follow":"follow","max-snippet":"max-snippet:-1","max-image-preview":"max-image-preview:large","max-video-preview":"max-video-preview:-1"},"canonical":"https:\/\/artmed.ee\/ee\/shop\/staleks\/\u043f\u0435\u0434\u0438\u043a\u044e\u0440\u043d\u043e\u0435-\u043a\u0440\u0435\u0441\u043b\u043e-concept-b2\/","og_locale":"et_EE","og_type":"article","og_title":"\u041f\u0435\u0434\u0438\u043a\u044e\u0440\u043d\u043e\u0435 \u043a\u0440\u0435\u0441\u043b\u043e Concept B2 - Artmed Podoakadeemia","og_description":"\u0424\u0443\u043d\u043a\u0446\u0438\u043e\u043d\u0430\u043b\u044c\u043d\u043e\u0435 \u043f\u0435\u0434\u0438\u043a\u044e\u0440\u043d\u043e\u0435 \u043a\u0440\u0435\u0441\u043b\u043e \u0441 \u043b\u0430\u043a\u043e\u043d\u0438\u0447\u043d\u044b\u043c \u0434\u0438\u0437\u0430\u0439\u043d\u043e\u043c \u0438 \u0432\u044b\u0441\u043e\u043a\u0438\u043c \u0443\u0440\u043e\u0432\u043d\u0435\u043c \u043a\u043e\u043c\u0444\u043e\u0440\u0442\u0430.","og_url":"https:\/\/artmed.ee\/ee\/shop\/staleks\/\u043f\u0435\u0434\u0438\u043a\u044e\u0440\u043d\u043e\u0435-\u043a\u0440\u0435\u0441\u043b\u043e-concept-b2\/","og_site_name":"Artmed Podoakadeemia","article_publisher":"https:\/\/www.facebook.com\/artmedstuudio","article_modified_time":"2026-02-06T13:30:52+00:00","og_image":[{"width":1600,"height":1600,"url":"https:\/\/artmed.ee\/wp-content\/uploads\/2025\/05\/b2-1.png","type":"image\/png"}],"twitter_card":"summary_large_image","twitter_misc":{"Est. reading time":"1 minut"},"schema":{"@context":"https:\/\/schema.org","@graph":[{"@type":"WebPage","@id":"https:\/\/artmed.ee\/shop\/staleks\/%d0%bf%d0%b5%d0%b4%d0%b8%d0%ba%d1%8e%d1%80%d0%bd%d0%be%d0%b5-%d0%ba%d1%80%d0%b5%d1%81%d0%bb%d0%be-concept-b2\/","url":"https:\/\/artmed.ee\/shop\/staleks\/%d0%bf%d0%b5%d0%b4%d0%b8%d0%ba%d1%8e%d1%80%d0%bd%d0%be%d0%b5-%d0%ba%d1%80%d0%b5%d1%81%d0%bb%d0%be-concept-b2\/","name":"\u041f\u0435\u0434\u0438\u043a\u044e\u0440\u043d\u043e\u0435 \u043a\u0440\u0435\u0441\u043b\u043e Concept B2 - Artmed Podoakadeemia","isPartOf":{"@id":"https:\/\/artmed.ee\/#website"},"primaryImageOfPage":{"@id":"https:\/\/artmed.ee\/shop\/staleks\/%d0%bf%d0%b5%d0%b4%d0%b8%d0%ba%d1%8e%d1%80%d0%bd%d0%be%d0%b5-%d0%ba%d1%80%d0%b5%d1%81%d0%bb%d0%be-concept-b2\/#primaryimage"},"image":{"@id":"https:\/\/artmed.ee\/shop\/staleks\/%d0%bf%d0%b5%d0%b4%d0%b8%d0%ba%d1%8e%d1%80%d0%bd%d0%be%d0%b5-%d0%ba%d1%80%d0%b5%d1%81%d0%bb%d0%be-concept-b2\/#primaryimage"},"thumbnailUrl":"https:\/\/artmed.ee\/wp-content\/uploads\/2025\/05\/b2-1.png","datePublished":"2025-05-09T08:07:21+00:00","dateModified":"2026-02-06T13:30:52+00:00","breadcrumb":{"@id":"https:\/\/artmed.ee\/shop\/staleks\/%d0%bf%d0%b5%d0%b4%d0%b8%d0%ba%d1%8e%d1%80%d0%bd%d0%be%d0%b5-%d0%ba%d1%80%d0%b5%d1%81%d0%bb%d0%be-concept-b2\/#breadcrumb"},"inLanguage":"et","potentialAction":[{"@type":"ReadAction","target":["https:\/\/artmed.ee\/shop\/staleks\/%d0%bf%d0%b5%d0%b4%d0%b8%d0%ba%d1%8e%d1%80%d0%bd%d0%be%d0%b5-%d0%ba%d1%80%d0%b5%d1%81%d0%bb%d0%be-concept-b2\/"]}]},{"@type":"ImageObject","inLanguage":"et","@id":"https:\/\/artmed.ee\/shop\/staleks\/%d0%bf%d0%b5%d0%b4%d0%b8%d0%ba%d1%8e%d1%80%d0%bd%d0%be%d0%b5-%d0%ba%d1%80%d0%b5%d1%81%d0%bb%d0%be-concept-b2\/#primaryimage","url":"https:\/\/artmed.ee\/wp-content\/uploads\/2025\/05\/b2-1.png","contentUrl":"https:\/\/artmed.ee\/wp-content\/uploads\/2025\/05\/b2-1.png","width":1600,"height":1600},{"@type":"BreadcrumbList","@id":"https:\/\/artmed.ee\/shop\/staleks\/%d0%bf%d0%b5%d0%b4%d0%b8%d0%ba%d1%8e%d1%80%d0%bd%d0%be%d0%b5-%d0%ba%d1%80%d0%b5%d1%81%d0%bb%d0%be-concept-b2\/#breadcrumb","itemListElement":[{"@type":"ListItem","position":1,"name":"\u0413\u043b\u0430\u0432\u043d\u0430\u044f \u0441\u0442\u0440\u0430\u043d\u0438\u0446\u0430","item":"https:\/\/artmed.ee\/"},{"@type":"ListItem","position":2,"name":"\u0422\u043e\u0432\u0430\u0440\u044b","item":"https:\/\/artmed.ee\/shop\/"},{"@type":"ListItem","position":3,"name":"\u041f\u0435\u0434\u0438\u043a\u044e\u0440\u043d\u043e\u0435 \u043a\u0440\u0435\u0441\u043b\u043e Concept B2"}]},{"@type":"WebSite","@id":"https:\/\/artmed.ee\/#website","url":"https:\/\/artmed.ee\/","name":"Artmed.ee","description":"\u041c\u044b \u0437\u0430\u0431\u043e\u0442\u0438\u043c\u0441\u044f \u043e \u0432\u0430\u0448\u0438\u0445 \u043d\u043e\u0433\u0430\u0445! \u041b\u0435\u0447\u0435\u0431\u043d\u044b\u0439 \u043f\u0435\u0434\u0438\u043a\u044e\u0440 \u0432 \u0422\u0430\u043b\u043b\u0438\u043d\u043d\u0435, \u0446\u0435\u043d\u0442\u0440 \u043e\u0431\u0443\u0447\u0435\u043d\u0438\u044f \u0430\u043f\u043f\u0430\u0440\u0430\u0442\u043d\u043e\u043c\u0443 \u043f\u0435\u0434\u0438\u043a\u044e\u0440\u0443. \u0423\u0441\u0442\u0430\u043d\u043e\u0432\u043a\u0430 \u043a\u043e\u0440\u0440\u0435\u043a\u0446\u0438\u043e\u043d\u043d\u043e\u0439 \u0441\u0438\u0441\u0442\u0435\u043c\u044b. \u041b\u0435\u0447\u0435\u043d\u0438\u0435 \u043d\u043e\u0433. \u0413\u0440\u0438\u0431\u043e\u043a, \u043c\u043e\u0437\u043e\u043b\u0438, \u043d\u0430\u0442\u043e\u043f\u0442\u044b\u0448\u0438, \u043f\u0435\u0434\u0438\u043a\u044e\u0440.","publisher":{"@id":"https:\/\/artmed.ee\/#organization"},"potentialAction":[{"@type":"SearchAction","target":{"@type":"EntryPoint","urlTemplate":"https:\/\/artmed.ee\/?s={search_term_string}"},"query-input":{"@type":"PropertyValueSpecification","valueRequired":true,"valueName":"search_term_string"}}],"inLanguage":"et"},{"@type":"Organization","@id":"https:\/\/artmed.ee\/#organization","name":"Artmed Podoakadeemia","url":"https:\/\/artmed.ee\/","logo":{"@type":"ImageObject","inLanguage":"et","@id":"https:\/\/artmed.ee\/#\/schema\/logo\/image\/","url":"https:\/\/artmed.ee\/wp-content\/uploads\/2025\/01\/cropped-artmed_logo_png-1.png","contentUrl":"https:\/\/artmed.ee\/wp-content\/uploads\/2025\/01\/cropped-artmed_logo_png-1.png","width":639,"height":391,"caption":"Artmed Podoakadeemia"},"image":{"@id":"https:\/\/artmed.ee\/#\/schema\/logo\/image\/"},"sameAs":["https:\/\/www.facebook.com\/artmedstuudio","https:\/\/www.instagram.com\/artmed_podoakadeemia\/"]}]}},"_links":{"self":[{"href":"https:\/\/artmed.ee\/ee\/wp-json\/wp\/v2\/product\/3947","targetHints":{"allow":["GET"]}}],"collection":[{"href":"https:\/\/artmed.ee\/ee\/wp-json\/wp\/v2\/product"}],"about":[{"href":"https:\/\/artmed.ee\/ee\/wp-json\/wp\/v2\/types\/product"}],"replies":[{"embeddable":true,"href":"https:\/\/artmed.ee\/ee\/wp-json\/wp\/v2\/comments?post=3947"}],"wp:featuredmedia":[{"embeddable":true,"href":"https:\/\/artmed.ee\/ee\/wp-json\/wp\/v2\/media\/3948"}],"wp:attachment":[{"href":"https:\/\/artmed.ee\/ee\/wp-json\/wp\/v2\/media?parent=3947"}],"wp:term":[{"taxonomy":"product_brand","embeddable":true,"href":"https:\/\/artmed.ee\/ee\/wp-json\/wp\/v2\/product_brand?post=3947"},{"taxonomy":"product_cat","embeddable":true,"href":"https:\/\/artmed.ee\/ee\/wp-json\/wp\/v2\/product_cat?post=3947"},{"taxonomy":"product_tag","embeddable":true,"href":"https:\/\/artmed.ee\/ee\/wp-json\/wp\/v2\/product_tag?post=3947"}],"curies":[{"name":"wp","href":"https:\/\/api.w.org\/{rel}","templated":true}]}}