{"id":4385,"date":"2025-07-01T15:09:13","date_gmt":"2025-07-01T15:09:13","guid":{"rendered":"https:\/\/artmed.ee\/?post_type=product&#038;p=4385"},"modified":"2025-07-01T15:52:28","modified_gmt":"2025-07-01T15:52:28","slug":"gerlach-sirius-nt-micro","status":"publish","type":"product","link":"https:\/\/artmed.ee\/ee\/shop\/staleks\/gerlach-sirius-nt-micro\/","title":{"rendered":"GERLACH SIRIUS NT Micro pedik\u00fc\u00fcri pihustusseade"},"content":{"rendered":"<p data-start=\"109\" data-end=\"176\"><strong data-start=\"113\" data-end=\"176\">GERLACH SIRIUS NT Micro \u2013 professionaalsus igas liigutuses<\/strong><\/p>\n<p data-start=\"178\" data-end=\"402\">Tutvuge podoloogia seadmete maailma innovatsiooni ja ergonoomika kehastusega \u2013 <strong data-start=\"267\" data-end=\"294\">GERLACH SIRIUS NT Micro<\/strong>See \u00fclit\u00e4pne pihustusseade on loodud neile, kes hindavad t\u00f6\u00f6kindlust, funktsionaalsust ja mugavust t\u00f6\u00f6s.<\/p>\n<p data-start=\"404\" data-end=\"440\"><strong data-start=\"404\" data-end=\"440\">Omadused, mis avaldavad muljet:<\/strong><\/p>\n<ul data-start=\"441\" data-end=\"1529\">\n<li data-start=\"441\" data-end=\"595\">\n<p data-start=\"443\" data-end=\"595\"><strong data-start=\"443\" data-end=\"505\">Programmeeritav p\u00f6\u00f6rlemiskiirus vahemikus 2200 kuni 42 000 p\/min<\/strong> \u2014 kohandage seade igaks \u00fclesandeks, alates \u00f5rnast t\u00f6\u00f6tlemisest kuni intensiivse korrigeerimiseni.<\/p>\n<\/li>\n<li data-start=\"441\" data-end=\"595\">\n<p data-start=\"443\" data-end=\"595\"><strong data-start=\"598\" data-end=\"640\">Elektriline mikromootoriotsik,<\/strong> mis kaalub k\u00f5igest <strong data-start=\"653\" data-end=\"662\">190g<\/strong> automaatse pingutuse ja sisseehitatud pihustuse juhtimisega \u2014 ideaalne pikaajaliseks t\u00f6\u00f6ks ilma v\u00e4simuseta.<\/p>\n<\/li>\n<li data-start=\"775\" data-end=\"912\">\n<p data-start=\"777\" data-end=\"912\"><strong data-start=\"777\" data-end=\"809\">Reversi re\u017eiim (paremale\/vasakule)<\/strong> ja sujuv, stabiilne v\u00f5imsuse jaotus tagavad t\u00e4psuse ja efektiivsuse igas protseduuris.<\/p>\n<\/li>\n<li data-start=\"913\" data-end=\"1081\">\n<p data-start=\"915\" data-end=\"1081\"><strong data-start=\"915\" data-end=\"957\">Individuaalselt programmeeritavad kiirused<\/strong> (3 re\u017eiimi), suur digitaalne ekraan, LED-pihustustaseme indikaator \u2014 intuitiivseks ja t\u00e4pseks juhtimiseks.<\/p>\n<\/li>\n<li data-start=\"1082\" data-end=\"1248\">\n<p data-start=\"1084\" data-end=\"1248\"><strong data-start=\"1084\" data-end=\"1128\">\u00dclit\u00e4pne pihustuse koguse reguleerimine<\/strong> kahel tasemel koos d\u00fc\u00fcsi puhastuss\u00fcsteemiga (sh n\u00f5el ja 12 korgi komplekti) \u2014 steriilsuse ja vedeliku stabiilse doseerimise tagamiseks.<\/p>\n<\/li>\n<li data-start=\"1249\" data-end=\"1382\">\n<p data-start=\"1251\" data-end=\"1382\"><strong data-start=\"1251\" data-end=\"1289\">Mugav kaldus klaviatuur (25\u00b0)<\/strong> ja <strong data-start=\"1292\" data-end=\"1343\">traadita jalal\u00fcliti 3 funktsiooniga<\/strong> \u2014 t\u00e4ielik kontroll ilma liigsete liigutusteta.<\/p>\n<\/li>\n<li data-start=\"1383\" data-end=\"1529\">\n<p data-start=\"1385\" data-end=\"1529\"><strong data-start=\"1385\" data-end=\"1410\">Paagi maht 500 ml<\/strong>, mis tagab <strong data-start=\"1427\" data-end=\"1473\">kuni 65 tundi pidevat kuivpihustust<\/strong> \u2014 ideaalne kliiniliseks kasutamiseks ja v\u00e4lit\u00f6\u00f6deks.<\/p>\n<\/li>\n<\/ul>\n<p data-start=\"1531\" data-end=\"1738\"><strong data-start=\"1531\" data-end=\"1550\">SIRIUS NT Micro<\/strong> \u2013 teie usaldusv\u00e4\u00e4rne partner professionaalses jalahoolduses. K\u00f5ik detailid on hoolikalt l\u00e4bi m\u00f5eldud, tagades maksimaalse h\u00fcgieeni, t\u00e4psuse ja mugavuse nii spetsialistile kui ka kliendile.<\/p>\n<p data-start=\"1531\" data-end=\"1738\"><img decoding=\"async\" src=\"https:\/\/artmed.ee\/wp-content\/uploads\/2025\/07\/coloursgerlachdevices.png\" \/><\/p>\n<div style=\"width: 800px;\" class=\"wp-video\"><video class=\"wp-video-shortcode\" id=\"video-4385-1\" width=\"800\" height=\"450\" preload=\"metadata\" controls=\"controls\"><source type=\"video\/mp4\" src=\"https:\/\/artmed.ee\/wp-content\/uploads\/2025\/07\/Cleaning-the-handpiece-on-foot-care-spray-devices-SIRIUS-NEPTUN-treatment-unit-JUPITER.mp4?_=1\" \/><a href=\"https:\/\/artmed.ee\/wp-content\/uploads\/2025\/07\/Cleaning-the-handpiece-on-foot-care-spray-devices-SIRIUS-NEPTUN-treatment-unit-JUPITER.mp4\">https:\/\/artmed.ee\/wp-content\/uploads\/2025\/07\/Cleaning-the-handpiece-on-foot-care-spray-devices-SIRIUS-NEPTUN-treatment-unit-JUPITER.mp4<\/a><\/video><\/div>","protected":false},"excerpt":{"rendered":"<p>V\u00f5imsat j\u00f5udlust pakkuv valgustusega pedik\u00fc\u00fcri pihustusseade<\/p>","protected":false},"featured_media":4386,"comment_status":"closed","ping_status":"closed","template":"","meta":{"_acf_changed":false},"product_brand":[70],"product_cat":[44,69],"product_tag":[],"class_list":{"0":"post-4385","1":"product","2":"type-product","3":"status-publish","4":"has-post-thumbnail","6":"product_brand-gerlach-technik","7":"product_cat-staleks","8":"product_cat-varustus","10":"first","11":"instock","12":"taxable","13":"shipping-taxable","14":"purchasable","15":"product-type-simple"},"acf":[],"yoast_head":"<!-- This site is optimized with the Yoast SEO plugin v27.3 - https:\/\/yoast.com\/product\/yoast-seo-wordpress\/ -->\n<title>GERLACH SIRIUS NT Micro \u043f\u0435\u0434\u0438\u043a\u044e\u0440\u043d\u044b\u0439 \u0441\u043f\u0440\u0435\u0439-\u0430\u043f\u043f\u0430\u0440\u0430\u0442 - Artmed Podoakadeemia<\/title>\n<meta name=\"robots\" content=\"index, follow, max-snippet:-1, max-image-preview:large, max-video-preview:-1\" \/>\n<link rel=\"canonical\" href=\"https:\/\/artmed.ee\/ee\/shop\/staleks\/gerlach-sirius-nt-micro\/\" \/>\n<meta property=\"og:locale\" content=\"et_EE\" \/>\n<meta property=\"og:type\" content=\"article\" \/>\n<meta property=\"og:title\" content=\"GERLACH SIRIUS NT Micro \u043f\u0435\u0434\u0438\u043a\u044e\u0440\u043d\u044b\u0439 \u0441\u043f\u0440\u0435\u0439-\u0430\u043f\u043f\u0430\u0440\u0430\u0442 - Artmed Podoakadeemia\" \/>\n<meta property=\"og:description\" content=\"\u0412\u044b\u0441\u043e\u043a\u043e\u043f\u0440\u043e\u0438\u0437\u0432\u043e\u0434\u0438\u0442\u0435\u043b\u044c\u043d\u044b\u0439 \u043f\u0435\u0434\u0438\u043a\u044e\u0440\u043d\u044b\u0439 \u0441\u043f\u0440\u0435\u0439-\u0430\u043f\u043f\u0430\u0440\u0430\u0442 \u0441 \u043f\u043e\u0434\u0441\u0432\u0435\u0442\u043a\u043e\u0439\" \/>\n<meta property=\"og:url\" content=\"https:\/\/artmed.ee\/ee\/shop\/staleks\/gerlach-sirius-nt-micro\/\" \/>\n<meta property=\"og:site_name\" content=\"Artmed Podoakadeemia\" \/>\n<meta property=\"article:publisher\" content=\"https:\/\/www.facebook.com\/artmedstuudio\" \/>\n<meta property=\"article:modified_time\" content=\"2025-07-01T15:52:28+00:00\" \/>\n<meta property=\"og:image\" content=\"https:\/\/artmed.ee\/wp-content\/uploads\/2025\/07\/304205511-2995_ml.png\" \/>\n\t<meta property=\"og:image:width\" content=\"1000\" \/>\n\t<meta property=\"og:image:height\" content=\"1000\" \/>\n\t<meta property=\"og:image:type\" content=\"image\/png\" \/>\n<meta name=\"twitter:card\" content=\"summary_large_image\" \/>\n<meta name=\"twitter:label1\" content=\"Est. reading time\" \/>\n\t<meta name=\"twitter:data1\" content=\"2 minutit\" \/>\n<script type=\"application\/ld+json\" class=\"yoast-schema-graph\">{\"@context\":\"https:\\\/\\\/schema.org\",\"@graph\":[{\"@type\":\"WebPage\",\"@id\":\"https:\\\/\\\/artmed.ee\\\/shop\\\/staleks\\\/gerlach-sirius-nt-micro\\\/\",\"url\":\"https:\\\/\\\/artmed.ee\\\/shop\\\/staleks\\\/gerlach-sirius-nt-micro\\\/\",\"name\":\"GERLACH SIRIUS NT Micro \u043f\u0435\u0434\u0438\u043a\u044e\u0440\u043d\u044b\u0439 \u0441\u043f\u0440\u0435\u0439-\u0430\u043f\u043f\u0430\u0440\u0430\u0442 - Artmed Podoakadeemia\",\"isPartOf\":{\"@id\":\"https:\\\/\\\/artmed.ee\\\/#website\"},\"primaryImageOfPage\":{\"@id\":\"https:\\\/\\\/artmed.ee\\\/shop\\\/staleks\\\/gerlach-sirius-nt-micro\\\/#primaryimage\"},\"image\":{\"@id\":\"https:\\\/\\\/artmed.ee\\\/shop\\\/staleks\\\/gerlach-sirius-nt-micro\\\/#primaryimage\"},\"thumbnailUrl\":\"https:\\\/\\\/artmed.ee\\\/wp-content\\\/uploads\\\/2025\\\/07\\\/304205511-2995_ml.png\",\"datePublished\":\"2025-07-01T15:09:13+00:00\",\"dateModified\":\"2025-07-01T15:52:28+00:00\",\"breadcrumb\":{\"@id\":\"https:\\\/\\\/artmed.ee\\\/shop\\\/staleks\\\/gerlach-sirius-nt-micro\\\/#breadcrumb\"},\"inLanguage\":\"et\",\"potentialAction\":[{\"@type\":\"ReadAction\",\"target\":[\"https:\\\/\\\/artmed.ee\\\/shop\\\/staleks\\\/gerlach-sirius-nt-micro\\\/\"]}]},{\"@type\":\"ImageObject\",\"inLanguage\":\"et\",\"@id\":\"https:\\\/\\\/artmed.ee\\\/shop\\\/staleks\\\/gerlach-sirius-nt-micro\\\/#primaryimage\",\"url\":\"https:\\\/\\\/artmed.ee\\\/wp-content\\\/uploads\\\/2025\\\/07\\\/304205511-2995_ml.png\",\"contentUrl\":\"https:\\\/\\\/artmed.ee\\\/wp-content\\\/uploads\\\/2025\\\/07\\\/304205511-2995_ml.png\",\"width\":1000,\"height\":1000},{\"@type\":\"BreadcrumbList\",\"@id\":\"https:\\\/\\\/artmed.ee\\\/shop\\\/staleks\\\/gerlach-sirius-nt-micro\\\/#breadcrumb\",\"itemListElement\":[{\"@type\":\"ListItem\",\"position\":1,\"name\":\"\u0413\u043b\u0430\u0432\u043d\u0430\u044f \u0441\u0442\u0440\u0430\u043d\u0438\u0446\u0430\",\"item\":\"https:\\\/\\\/artmed.ee\\\/\"},{\"@type\":\"ListItem\",\"position\":2,\"name\":\"\u0422\u043e\u0432\u0430\u0440\u044b\",\"item\":\"https:\\\/\\\/artmed.ee\\\/shop\\\/\"},{\"@type\":\"ListItem\",\"position\":3,\"name\":\"GERLACH SIRIUS NT Micro \u043f\u0435\u0434\u0438\u043a\u044e\u0440\u043d\u044b\u0439 \u0441\u043f\u0440\u0435\u0439-\u0430\u043f\u043f\u0430\u0440\u0430\u0442\"}]},{\"@type\":\"WebSite\",\"@id\":\"https:\\\/\\\/artmed.ee\\\/#website\",\"url\":\"https:\\\/\\\/artmed.ee\\\/\",\"name\":\"Artmed.ee\",\"description\":\"\u041c\u044b \u0437\u0430\u0431\u043e\u0442\u0438\u043c\u0441\u044f \u043e \u0432\u0430\u0448\u0438\u0445 \u043d\u043e\u0433\u0430\u0445! \u041b\u0435\u0447\u0435\u0431\u043d\u044b\u0439 \u043f\u0435\u0434\u0438\u043a\u044e\u0440 \u0432 \u0422\u0430\u043b\u043b\u0438\u043d\u043d\u0435, \u0446\u0435\u043d\u0442\u0440 \u043e\u0431\u0443\u0447\u0435\u043d\u0438\u044f \u0430\u043f\u043f\u0430\u0440\u0430\u0442\u043d\u043e\u043c\u0443 \u043f\u0435\u0434\u0438\u043a\u044e\u0440\u0443. \u0423\u0441\u0442\u0430\u043d\u043e\u0432\u043a\u0430 \u043a\u043e\u0440\u0440\u0435\u043a\u0446\u0438\u043e\u043d\u043d\u043e\u0439 \u0441\u0438\u0441\u0442\u0435\u043c\u044b. \u041b\u0435\u0447\u0435\u043d\u0438\u0435 \u043d\u043e\u0433. \u0413\u0440\u0438\u0431\u043e\u043a, \u043c\u043e\u0437\u043e\u043b\u0438, \u043d\u0430\u0442\u043e\u043f\u0442\u044b\u0448\u0438, \u043f\u0435\u0434\u0438\u043a\u044e\u0440.\",\"publisher\":{\"@id\":\"https:\\\/\\\/artmed.ee\\\/#organization\"},\"potentialAction\":[{\"@type\":\"SearchAction\",\"target\":{\"@type\":\"EntryPoint\",\"urlTemplate\":\"https:\\\/\\\/artmed.ee\\\/?s={search_term_string}\"},\"query-input\":{\"@type\":\"PropertyValueSpecification\",\"valueRequired\":true,\"valueName\":\"search_term_string\"}}],\"inLanguage\":\"et\"},{\"@type\":\"Organization\",\"@id\":\"https:\\\/\\\/artmed.ee\\\/#organization\",\"name\":\"Artmed Podoakadeemia\",\"url\":\"https:\\\/\\\/artmed.ee\\\/\",\"logo\":{\"@type\":\"ImageObject\",\"inLanguage\":\"et\",\"@id\":\"https:\\\/\\\/artmed.ee\\\/#\\\/schema\\\/logo\\\/image\\\/\",\"url\":\"https:\\\/\\\/artmed.ee\\\/wp-content\\\/uploads\\\/2025\\\/01\\\/cropped-artmed_logo_png-1.png\",\"contentUrl\":\"https:\\\/\\\/artmed.ee\\\/wp-content\\\/uploads\\\/2025\\\/01\\\/cropped-artmed_logo_png-1.png\",\"width\":639,\"height\":391,\"caption\":\"Artmed Podoakadeemia\"},\"image\":{\"@id\":\"https:\\\/\\\/artmed.ee\\\/#\\\/schema\\\/logo\\\/image\\\/\"},\"sameAs\":[\"https:\\\/\\\/www.facebook.com\\\/artmedstuudio\",\"https:\\\/\\\/www.instagram.com\\\/artmed_podoakadeemia\\\/\"]}]}<\/script>\n<!-- \/ Yoast SEO plugin. -->","yoast_head_json":{"title":"GERLACH SIRIUS NT Micro \u043f\u0435\u0434\u0438\u043a\u044e\u0440\u043d\u044b\u0439 \u0441\u043f\u0440\u0435\u0439-\u0430\u043f\u043f\u0430\u0440\u0430\u0442 - Artmed Podoakadeemia","robots":{"index":"index","follow":"follow","max-snippet":"max-snippet:-1","max-image-preview":"max-image-preview:large","max-video-preview":"max-video-preview:-1"},"canonical":"https:\/\/artmed.ee\/ee\/shop\/staleks\/gerlach-sirius-nt-micro\/","og_locale":"et_EE","og_type":"article","og_title":"GERLACH SIRIUS NT Micro \u043f\u0435\u0434\u0438\u043a\u044e\u0440\u043d\u044b\u0439 \u0441\u043f\u0440\u0435\u0439-\u0430\u043f\u043f\u0430\u0440\u0430\u0442 - Artmed Podoakadeemia","og_description":"\u0412\u044b\u0441\u043e\u043a\u043e\u043f\u0440\u043e\u0438\u0437\u0432\u043e\u0434\u0438\u0442\u0435\u043b\u044c\u043d\u044b\u0439 \u043f\u0435\u0434\u0438\u043a\u044e\u0440\u043d\u044b\u0439 \u0441\u043f\u0440\u0435\u0439-\u0430\u043f\u043f\u0430\u0440\u0430\u0442 \u0441 \u043f\u043e\u0434\u0441\u0432\u0435\u0442\u043a\u043e\u0439","og_url":"https:\/\/artmed.ee\/ee\/shop\/staleks\/gerlach-sirius-nt-micro\/","og_site_name":"Artmed Podoakadeemia","article_publisher":"https:\/\/www.facebook.com\/artmedstuudio","article_modified_time":"2025-07-01T15:52:28+00:00","og_image":[{"width":1000,"height":1000,"url":"https:\/\/artmed.ee\/wp-content\/uploads\/2025\/07\/304205511-2995_ml.png","type":"image\/png"}],"twitter_card":"summary_large_image","twitter_misc":{"Est. reading time":"2 minutit"},"schema":{"@context":"https:\/\/schema.org","@graph":[{"@type":"WebPage","@id":"https:\/\/artmed.ee\/shop\/staleks\/gerlach-sirius-nt-micro\/","url":"https:\/\/artmed.ee\/shop\/staleks\/gerlach-sirius-nt-micro\/","name":"GERLACH SIRIUS NT Micro \u043f\u0435\u0434\u0438\u043a\u044e\u0440\u043d\u044b\u0439 \u0441\u043f\u0440\u0435\u0439-\u0430\u043f\u043f\u0430\u0440\u0430\u0442 - Artmed Podoakadeemia","isPartOf":{"@id":"https:\/\/artmed.ee\/#website"},"primaryImageOfPage":{"@id":"https:\/\/artmed.ee\/shop\/staleks\/gerlach-sirius-nt-micro\/#primaryimage"},"image":{"@id":"https:\/\/artmed.ee\/shop\/staleks\/gerlach-sirius-nt-micro\/#primaryimage"},"thumbnailUrl":"https:\/\/artmed.ee\/wp-content\/uploads\/2025\/07\/304205511-2995_ml.png","datePublished":"2025-07-01T15:09:13+00:00","dateModified":"2025-07-01T15:52:28+00:00","breadcrumb":{"@id":"https:\/\/artmed.ee\/shop\/staleks\/gerlach-sirius-nt-micro\/#breadcrumb"},"inLanguage":"et","potentialAction":[{"@type":"ReadAction","target":["https:\/\/artmed.ee\/shop\/staleks\/gerlach-sirius-nt-micro\/"]}]},{"@type":"ImageObject","inLanguage":"et","@id":"https:\/\/artmed.ee\/shop\/staleks\/gerlach-sirius-nt-micro\/#primaryimage","url":"https:\/\/artmed.ee\/wp-content\/uploads\/2025\/07\/304205511-2995_ml.png","contentUrl":"https:\/\/artmed.ee\/wp-content\/uploads\/2025\/07\/304205511-2995_ml.png","width":1000,"height":1000},{"@type":"BreadcrumbList","@id":"https:\/\/artmed.ee\/shop\/staleks\/gerlach-sirius-nt-micro\/#breadcrumb","itemListElement":[{"@type":"ListItem","position":1,"name":"\u0413\u043b\u0430\u0432\u043d\u0430\u044f \u0441\u0442\u0440\u0430\u043d\u0438\u0446\u0430","item":"https:\/\/artmed.ee\/"},{"@type":"ListItem","position":2,"name":"\u0422\u043e\u0432\u0430\u0440\u044b","item":"https:\/\/artmed.ee\/shop\/"},{"@type":"ListItem","position":3,"name":"GERLACH SIRIUS NT Micro \u043f\u0435\u0434\u0438\u043a\u044e\u0440\u043d\u044b\u0439 \u0441\u043f\u0440\u0435\u0439-\u0430\u043f\u043f\u0430\u0440\u0430\u0442"}]},{"@type":"WebSite","@id":"https:\/\/artmed.ee\/#website","url":"https:\/\/artmed.ee\/","name":"Artmed.ee","description":"\u041c\u044b \u0437\u0430\u0431\u043e\u0442\u0438\u043c\u0441\u044f \u043e \u0432\u0430\u0448\u0438\u0445 \u043d\u043e\u0433\u0430\u0445! \u041b\u0435\u0447\u0435\u0431\u043d\u044b\u0439 \u043f\u0435\u0434\u0438\u043a\u044e\u0440 \u0432 \u0422\u0430\u043b\u043b\u0438\u043d\u043d\u0435, \u0446\u0435\u043d\u0442\u0440 \u043e\u0431\u0443\u0447\u0435\u043d\u0438\u044f \u0430\u043f\u043f\u0430\u0440\u0430\u0442\u043d\u043e\u043c\u0443 \u043f\u0435\u0434\u0438\u043a\u044e\u0440\u0443. \u0423\u0441\u0442\u0430\u043d\u043e\u0432\u043a\u0430 \u043a\u043e\u0440\u0440\u0435\u043a\u0446\u0438\u043e\u043d\u043d\u043e\u0439 \u0441\u0438\u0441\u0442\u0435\u043c\u044b. \u041b\u0435\u0447\u0435\u043d\u0438\u0435 \u043d\u043e\u0433. \u0413\u0440\u0438\u0431\u043e\u043a, \u043c\u043e\u0437\u043e\u043b\u0438, \u043d\u0430\u0442\u043e\u043f\u0442\u044b\u0448\u0438, \u043f\u0435\u0434\u0438\u043a\u044e\u0440.","publisher":{"@id":"https:\/\/artmed.ee\/#organization"},"potentialAction":[{"@type":"SearchAction","target":{"@type":"EntryPoint","urlTemplate":"https:\/\/artmed.ee\/?s={search_term_string}"},"query-input":{"@type":"PropertyValueSpecification","valueRequired":true,"valueName":"search_term_string"}}],"inLanguage":"et"},{"@type":"Organization","@id":"https:\/\/artmed.ee\/#organization","name":"Artmed Podoakadeemia","url":"https:\/\/artmed.ee\/","logo":{"@type":"ImageObject","inLanguage":"et","@id":"https:\/\/artmed.ee\/#\/schema\/logo\/image\/","url":"https:\/\/artmed.ee\/wp-content\/uploads\/2025\/01\/cropped-artmed_logo_png-1.png","contentUrl":"https:\/\/artmed.ee\/wp-content\/uploads\/2025\/01\/cropped-artmed_logo_png-1.png","width":639,"height":391,"caption":"Artmed Podoakadeemia"},"image":{"@id":"https:\/\/artmed.ee\/#\/schema\/logo\/image\/"},"sameAs":["https:\/\/www.facebook.com\/artmedstuudio","https:\/\/www.instagram.com\/artmed_podoakadeemia\/"]}]}},"_links":{"self":[{"href":"https:\/\/artmed.ee\/ee\/wp-json\/wp\/v2\/product\/4385","targetHints":{"allow":["GET"]}}],"collection":[{"href":"https:\/\/artmed.ee\/ee\/wp-json\/wp\/v2\/product"}],"about":[{"href":"https:\/\/artmed.ee\/ee\/wp-json\/wp\/v2\/types\/product"}],"replies":[{"embeddable":true,"href":"https:\/\/artmed.ee\/ee\/wp-json\/wp\/v2\/comments?post=4385"}],"wp:featuredmedia":[{"embeddable":true,"href":"https:\/\/artmed.ee\/ee\/wp-json\/wp\/v2\/media\/4386"}],"wp:attachment":[{"href":"https:\/\/artmed.ee\/ee\/wp-json\/wp\/v2\/media?parent=4385"}],"wp:term":[{"taxonomy":"product_brand","embeddable":true,"href":"https:\/\/artmed.ee\/ee\/wp-json\/wp\/v2\/product_brand?post=4385"},{"taxonomy":"product_cat","embeddable":true,"href":"https:\/\/artmed.ee\/ee\/wp-json\/wp\/v2\/product_cat?post=4385"},{"taxonomy":"product_tag","embeddable":true,"href":"https:\/\/artmed.ee\/ee\/wp-json\/wp\/v2\/product_tag?post=4385"}],"curies":[{"name":"wp","href":"https:\/\/api.w.org\/{rel}","templated":true}]}}