{"id":4660,"date":"2025-12-12T21:35:43","date_gmt":"2025-12-12T21:35:43","guid":{"rendered":"https:\/\/artmed.ee\/?post_type=product&#038;p=4660"},"modified":"2026-03-31T15:08:03","modified_gmt":"2026-03-31T15:08:03","slug":"gehwol-maisi-tinktuur","status":"publish","type":"product","link":"https:\/\/artmed.ee\/ee\/shop\/staleks\/allproducts\/gehwol-maisi-tinktuur\/","title":{"rendered":"Gehwol maisi tinktuur"},"content":{"rendered":"<p>Lahus v\u00e4lispidiseks kasutamiseks konnasilmade vastu.<\/p>\n<p>See maisitinktuur on v\u00e4ga kontsentreeritud preparaat, mis annab karastatud nahale s\u00fcgavama efekti. Tinktuura sisaldab muuhulgas toimeainet salits\u00fc\u00fclhapet, mis pehmendab k\u00f5vastunud nahka. See muudab tinktuuri v\u00e4ga sobivaks konnasilmade ja kalluse eemaldamiseks.<\/p>","protected":false},"excerpt":{"rendered":"<p><strong>15ml<\/strong><\/p>\n<p>Lahus v\u00e4lispidiseks kasutamiseks konnasilmade vastu.<\/p>","protected":false},"featured_media":4692,"comment_status":"open","ping_status":"closed","template":"","meta":{"_acf_changed":false},"product_brand":[],"product_cat":[18],"product_tag":[],"class_list":{"0":"post-4660","1":"product","2":"type-product","3":"status-publish","4":"has-post-thumbnail","6":"product_cat-allproducts","8":"first","9":"instock","10":"taxable","11":"shipping-taxable","12":"purchasable","13":"product-type-simple"},"acf":[],"yoast_head":"<!-- This site is optimized with the Yoast SEO plugin v27.3 - https:\/\/yoast.com\/product\/yoast-seo-wordpress\/ -->\n<title>Gehwol maisi tinktuur - Artmed Podoakadeemia<\/title>\n<meta name=\"robots\" content=\"index, follow, max-snippet:-1, max-image-preview:large, max-video-preview:-1\" \/>\n<link rel=\"canonical\" href=\"https:\/\/artmed.ee\/ee\/shop\/staleks\/allproducts\/gehwol-maisi-tinktuur\/\" \/>\n<meta property=\"og:locale\" content=\"et_EE\" \/>\n<meta property=\"og:type\" content=\"article\" \/>\n<meta property=\"og:title\" content=\"Gehwol maisi tinktuur - Artmed Podoakadeemia\" \/>\n<meta property=\"og:description\" content=\"15ml  Lahus v\u00e4lispidiseks kasutamiseks konnasilmade vastu.\" \/>\n<meta property=\"og:url\" content=\"https:\/\/artmed.ee\/ee\/shop\/staleks\/allproducts\/gehwol-maisi-tinktuur\/\" \/>\n<meta property=\"og:site_name\" content=\"Artmed Podoakadeemia\" \/>\n<meta property=\"article:publisher\" content=\"https:\/\/www.facebook.com\/artmedstuudio\" \/>\n<meta property=\"article:modified_time\" content=\"2026-03-31T15:08:03+00:00\" \/>\n<meta name=\"twitter:card\" content=\"summary_large_image\" \/>\n<script type=\"application\/ld+json\" class=\"yoast-schema-graph\">{\"@context\":\"https:\\\/\\\/schema.org\",\"@graph\":[{\"@type\":\"WebPage\",\"@id\":\"https:\\\/\\\/artmed.ee\\\/shop\\\/staleks\\\/allproducts\\\/gehwol-maisi-tinktuur\\\/\",\"url\":\"https:\\\/\\\/artmed.ee\\\/shop\\\/staleks\\\/allproducts\\\/gehwol-maisi-tinktuur\\\/\",\"name\":\"Gehwol maisi tinktuur - Artmed Podoakadeemia\",\"isPartOf\":{\"@id\":\"https:\\\/\\\/artmed.ee\\\/#website\"},\"primaryImageOfPage\":{\"@id\":\"https:\\\/\\\/artmed.ee\\\/shop\\\/staleks\\\/allproducts\\\/gehwol-maisi-tinktuur\\\/#primaryimage\"},\"image\":{\"@id\":\"https:\\\/\\\/artmed.ee\\\/shop\\\/staleks\\\/allproducts\\\/gehwol-maisi-tinktuur\\\/#primaryimage\"},\"thumbnailUrl\":\"https:\\\/\\\/artmed.ee\\\/wp-content\\\/uploads\\\/2025\\\/12\\\/102590100.png\",\"datePublished\":\"2025-12-12T21:35:43+00:00\",\"dateModified\":\"2026-03-31T15:08:03+00:00\",\"breadcrumb\":{\"@id\":\"https:\\\/\\\/artmed.ee\\\/shop\\\/staleks\\\/allproducts\\\/gehwol-maisi-tinktuur\\\/#breadcrumb\"},\"inLanguage\":\"et\",\"potentialAction\":[{\"@type\":\"ReadAction\",\"target\":[\"https:\\\/\\\/artmed.ee\\\/shop\\\/staleks\\\/allproducts\\\/gehwol-maisi-tinktuur\\\/\"]}]},{\"@type\":\"ImageObject\",\"inLanguage\":\"et\",\"@id\":\"https:\\\/\\\/artmed.ee\\\/shop\\\/staleks\\\/allproducts\\\/gehwol-maisi-tinktuur\\\/#primaryimage\",\"url\":\"https:\\\/\\\/artmed.ee\\\/wp-content\\\/uploads\\\/2025\\\/12\\\/102590100.png\",\"contentUrl\":\"https:\\\/\\\/artmed.ee\\\/wp-content\\\/uploads\\\/2025\\\/12\\\/102590100.png\",\"width\":1600,\"height\":1600},{\"@type\":\"BreadcrumbList\",\"@id\":\"https:\\\/\\\/artmed.ee\\\/shop\\\/staleks\\\/allproducts\\\/gehwol-maisi-tinktuur\\\/#breadcrumb\",\"itemListElement\":[{\"@type\":\"ListItem\",\"position\":1,\"name\":\"\u0413\u043b\u0430\u0432\u043d\u0430\u044f \u0441\u0442\u0440\u0430\u043d\u0438\u0446\u0430\",\"item\":\"https:\\\/\\\/artmed.ee\\\/\"},{\"@type\":\"ListItem\",\"position\":2,\"name\":\"\u0422\u043e\u0432\u0430\u0440\u044b\",\"item\":\"https:\\\/\\\/artmed.ee\\\/shop\\\/\"},{\"@type\":\"ListItem\",\"position\":3,\"name\":\"Gehwol maisi tinktuur\"}]},{\"@type\":\"WebSite\",\"@id\":\"https:\\\/\\\/artmed.ee\\\/#website\",\"url\":\"https:\\\/\\\/artmed.ee\\\/\",\"name\":\"Artmed.ee\",\"description\":\"\u041c\u044b \u0437\u0430\u0431\u043e\u0442\u0438\u043c\u0441\u044f \u043e \u0432\u0430\u0448\u0438\u0445 \u043d\u043e\u0433\u0430\u0445! \u041b\u0435\u0447\u0435\u0431\u043d\u044b\u0439 \u043f\u0435\u0434\u0438\u043a\u044e\u0440 \u0432 \u0422\u0430\u043b\u043b\u0438\u043d\u043d\u0435, \u0446\u0435\u043d\u0442\u0440 \u043e\u0431\u0443\u0447\u0435\u043d\u0438\u044f \u0430\u043f\u043f\u0430\u0440\u0430\u0442\u043d\u043e\u043c\u0443 \u043f\u0435\u0434\u0438\u043a\u044e\u0440\u0443. \u0423\u0441\u0442\u0430\u043d\u043e\u0432\u043a\u0430 \u043a\u043e\u0440\u0440\u0435\u043a\u0446\u0438\u043e\u043d\u043d\u043e\u0439 \u0441\u0438\u0441\u0442\u0435\u043c\u044b. \u041b\u0435\u0447\u0435\u043d\u0438\u0435 \u043d\u043e\u0433. \u0413\u0440\u0438\u0431\u043e\u043a, \u043c\u043e\u0437\u043e\u043b\u0438, \u043d\u0430\u0442\u043e\u043f\u0442\u044b\u0448\u0438, \u043f\u0435\u0434\u0438\u043a\u044e\u0440.\",\"publisher\":{\"@id\":\"https:\\\/\\\/artmed.ee\\\/#organization\"},\"potentialAction\":[{\"@type\":\"SearchAction\",\"target\":{\"@type\":\"EntryPoint\",\"urlTemplate\":\"https:\\\/\\\/artmed.ee\\\/?s={search_term_string}\"},\"query-input\":{\"@type\":\"PropertyValueSpecification\",\"valueRequired\":true,\"valueName\":\"search_term_string\"}}],\"inLanguage\":\"et\"},{\"@type\":\"Organization\",\"@id\":\"https:\\\/\\\/artmed.ee\\\/#organization\",\"name\":\"Artmed Podoakadeemia\",\"url\":\"https:\\\/\\\/artmed.ee\\\/\",\"logo\":{\"@type\":\"ImageObject\",\"inLanguage\":\"et\",\"@id\":\"https:\\\/\\\/artmed.ee\\\/#\\\/schema\\\/logo\\\/image\\\/\",\"url\":\"https:\\\/\\\/artmed.ee\\\/wp-content\\\/uploads\\\/2025\\\/01\\\/cropped-artmed_logo_png-1.png\",\"contentUrl\":\"https:\\\/\\\/artmed.ee\\\/wp-content\\\/uploads\\\/2025\\\/01\\\/cropped-artmed_logo_png-1.png\",\"width\":639,\"height\":391,\"caption\":\"Artmed Podoakadeemia\"},\"image\":{\"@id\":\"https:\\\/\\\/artmed.ee\\\/#\\\/schema\\\/logo\\\/image\\\/\"},\"sameAs\":[\"https:\\\/\\\/www.facebook.com\\\/artmedstuudio\",\"https:\\\/\\\/www.instagram.com\\\/artmed_podoakadeemia\\\/\"]}]}<\/script>\n<!-- \/ Yoast SEO plugin. -->","yoast_head_json":{"title":"Gehwol maisi tinktuur - Artmed Podoakadeemia","robots":{"index":"index","follow":"follow","max-snippet":"max-snippet:-1","max-image-preview":"max-image-preview:large","max-video-preview":"max-video-preview:-1"},"canonical":"https:\/\/artmed.ee\/ee\/shop\/staleks\/allproducts\/gehwol-maisi-tinktuur\/","og_locale":"et_EE","og_type":"article","og_title":"Gehwol maisi tinktuur - Artmed Podoakadeemia","og_description":"15ml  Lahus v\u00e4lispidiseks kasutamiseks konnasilmade vastu.","og_url":"https:\/\/artmed.ee\/ee\/shop\/staleks\/allproducts\/gehwol-maisi-tinktuur\/","og_site_name":"Artmed Podoakadeemia","article_publisher":"https:\/\/www.facebook.com\/artmedstuudio","article_modified_time":"2026-03-31T15:08:03+00:00","twitter_card":"summary_large_image","schema":{"@context":"https:\/\/schema.org","@graph":[{"@type":"WebPage","@id":"https:\/\/artmed.ee\/shop\/staleks\/allproducts\/gehwol-maisi-tinktuur\/","url":"https:\/\/artmed.ee\/shop\/staleks\/allproducts\/gehwol-maisi-tinktuur\/","name":"Gehwol maisi tinktuur - Artmed Podoakadeemia","isPartOf":{"@id":"https:\/\/artmed.ee\/#website"},"primaryImageOfPage":{"@id":"https:\/\/artmed.ee\/shop\/staleks\/allproducts\/gehwol-maisi-tinktuur\/#primaryimage"},"image":{"@id":"https:\/\/artmed.ee\/shop\/staleks\/allproducts\/gehwol-maisi-tinktuur\/#primaryimage"},"thumbnailUrl":"https:\/\/artmed.ee\/wp-content\/uploads\/2025\/12\/102590100.png","datePublished":"2025-12-12T21:35:43+00:00","dateModified":"2026-03-31T15:08:03+00:00","breadcrumb":{"@id":"https:\/\/artmed.ee\/shop\/staleks\/allproducts\/gehwol-maisi-tinktuur\/#breadcrumb"},"inLanguage":"et","potentialAction":[{"@type":"ReadAction","target":["https:\/\/artmed.ee\/shop\/staleks\/allproducts\/gehwol-maisi-tinktuur\/"]}]},{"@type":"ImageObject","inLanguage":"et","@id":"https:\/\/artmed.ee\/shop\/staleks\/allproducts\/gehwol-maisi-tinktuur\/#primaryimage","url":"https:\/\/artmed.ee\/wp-content\/uploads\/2025\/12\/102590100.png","contentUrl":"https:\/\/artmed.ee\/wp-content\/uploads\/2025\/12\/102590100.png","width":1600,"height":1600},{"@type":"BreadcrumbList","@id":"https:\/\/artmed.ee\/shop\/staleks\/allproducts\/gehwol-maisi-tinktuur\/#breadcrumb","itemListElement":[{"@type":"ListItem","position":1,"name":"\u0413\u043b\u0430\u0432\u043d\u0430\u044f \u0441\u0442\u0440\u0430\u043d\u0438\u0446\u0430","item":"https:\/\/artmed.ee\/"},{"@type":"ListItem","position":2,"name":"\u0422\u043e\u0432\u0430\u0440\u044b","item":"https:\/\/artmed.ee\/shop\/"},{"@type":"ListItem","position":3,"name":"Gehwol maisi tinktuur"}]},{"@type":"WebSite","@id":"https:\/\/artmed.ee\/#website","url":"https:\/\/artmed.ee\/","name":"Artmed.ee","description":"\u041c\u044b \u0437\u0430\u0431\u043e\u0442\u0438\u043c\u0441\u044f \u043e \u0432\u0430\u0448\u0438\u0445 \u043d\u043e\u0433\u0430\u0445! \u041b\u0435\u0447\u0435\u0431\u043d\u044b\u0439 \u043f\u0435\u0434\u0438\u043a\u044e\u0440 \u0432 \u0422\u0430\u043b\u043b\u0438\u043d\u043d\u0435, \u0446\u0435\u043d\u0442\u0440 \u043e\u0431\u0443\u0447\u0435\u043d\u0438\u044f \u0430\u043f\u043f\u0430\u0440\u0430\u0442\u043d\u043e\u043c\u0443 \u043f\u0435\u0434\u0438\u043a\u044e\u0440\u0443. \u0423\u0441\u0442\u0430\u043d\u043e\u0432\u043a\u0430 \u043a\u043e\u0440\u0440\u0435\u043a\u0446\u0438\u043e\u043d\u043d\u043e\u0439 \u0441\u0438\u0441\u0442\u0435\u043c\u044b. \u041b\u0435\u0447\u0435\u043d\u0438\u0435 \u043d\u043e\u0433. \u0413\u0440\u0438\u0431\u043e\u043a, \u043c\u043e\u0437\u043e\u043b\u0438, \u043d\u0430\u0442\u043e\u043f\u0442\u044b\u0448\u0438, \u043f\u0435\u0434\u0438\u043a\u044e\u0440.","publisher":{"@id":"https:\/\/artmed.ee\/#organization"},"potentialAction":[{"@type":"SearchAction","target":{"@type":"EntryPoint","urlTemplate":"https:\/\/artmed.ee\/?s={search_term_string}"},"query-input":{"@type":"PropertyValueSpecification","valueRequired":true,"valueName":"search_term_string"}}],"inLanguage":"et"},{"@type":"Organization","@id":"https:\/\/artmed.ee\/#organization","name":"Artmed Podoakadeemia","url":"https:\/\/artmed.ee\/","logo":{"@type":"ImageObject","inLanguage":"et","@id":"https:\/\/artmed.ee\/#\/schema\/logo\/image\/","url":"https:\/\/artmed.ee\/wp-content\/uploads\/2025\/01\/cropped-artmed_logo_png-1.png","contentUrl":"https:\/\/artmed.ee\/wp-content\/uploads\/2025\/01\/cropped-artmed_logo_png-1.png","width":639,"height":391,"caption":"Artmed Podoakadeemia"},"image":{"@id":"https:\/\/artmed.ee\/#\/schema\/logo\/image\/"},"sameAs":["https:\/\/www.facebook.com\/artmedstuudio","https:\/\/www.instagram.com\/artmed_podoakadeemia\/"]}]}},"_links":{"self":[{"href":"https:\/\/artmed.ee\/ee\/wp-json\/wp\/v2\/product\/4660","targetHints":{"allow":["GET"]}}],"collection":[{"href":"https:\/\/artmed.ee\/ee\/wp-json\/wp\/v2\/product"}],"about":[{"href":"https:\/\/artmed.ee\/ee\/wp-json\/wp\/v2\/types\/product"}],"replies":[{"embeddable":true,"href":"https:\/\/artmed.ee\/ee\/wp-json\/wp\/v2\/comments?post=4660"}],"wp:featuredmedia":[{"embeddable":true,"href":"https:\/\/artmed.ee\/ee\/wp-json\/wp\/v2\/media\/4692"}],"wp:attachment":[{"href":"https:\/\/artmed.ee\/ee\/wp-json\/wp\/v2\/media?parent=4660"}],"wp:term":[{"taxonomy":"product_brand","embeddable":true,"href":"https:\/\/artmed.ee\/ee\/wp-json\/wp\/v2\/product_brand?post=4660"},{"taxonomy":"product_cat","embeddable":true,"href":"https:\/\/artmed.ee\/ee\/wp-json\/wp\/v2\/product_cat?post=4660"},{"taxonomy":"product_tag","embeddable":true,"href":"https:\/\/artmed.ee\/ee\/wp-json\/wp\/v2\/product_tag?post=4660"}],"curies":[{"name":"wp","href":"https:\/\/api.w.org\/{rel}","templated":true}]}}