{"id":4786,"date":"2025-12-14T09:20:42","date_gmt":"2025-12-14T09:20:42","guid":{"rendered":"https:\/\/artmed.ee\/?post_type=product&#038;p=4786"},"modified":"2025-12-14T14:27:32","modified_gmt":"2025-12-14T14:27:32","slug":"gehwol-fusskraft-pehme-jalavaht","status":"publish","type":"product","link":"https:\/\/artmed.ee\/ee\/shop\/staleks\/allproducts\/gehwol-fusskraft-pehme-jalavaht\/","title":{"rendered":"Gehwol Fusskraft pehme jalavaht"},"content":{"rendered":"<p>GEHWOL FUSSKRAFT Soft Feet Foam imendub kiiresti, ei j\u00e4ta rasvaseid j\u00e4\u00e4ke ja j\u00e4tab nahale meeldiva tunde. Kerge jala- ja jalahooldus normaalsele kuni kuivale nahale sisaldab s\u00fcgava toimega h\u00fcalurooni, mis tungib t\u00f5husalt l\u00e4bi naha ja annab sellele p\u00fcsivalt niisutust. K\u00f5rge kontsentratsiooniga aloe vera ekstrakt koos uureaga aitab t\u00e4ita ka t\u00fchje niiskusladestusi ja v\u00e4hendab s\u00e4\u00e4stvalt naha karedust. V\u00e4\u00e4rtuslik oliivi\u00f5li ja avokaado\u00f5li muudavad naha elastseks ja silmn\u00e4htavalt siledamaks, kuid tugevdavad ka nahabarj\u00e4\u00e4ri. V\u00e4rske l\u00f5hn tagab erilise hoolduskogemuse.<\/p>","protected":false},"excerpt":{"rendered":"<p><strong>125ml, 300ml<\/strong><\/p>\n<p>Aloe vera ja oliiv hoolitsetud jalgade ja s\u00e4\u00e4rte jaoks<\/p>","protected":false},"featured_media":4895,"comment_status":"open","ping_status":"closed","template":"","meta":{"_acf_changed":false},"product_brand":[],"product_cat":[18],"product_tag":[],"class_list":{"0":"post-4786","1":"product","2":"type-product","3":"status-publish","4":"has-post-thumbnail","6":"product_cat-allproducts","8":"first","9":"outofstock","10":"taxable","11":"shipping-taxable","12":"product-type-variable"},"acf":[],"yoast_head":"<!-- This site is optimized with the Yoast SEO plugin v27.3 - https:\/\/yoast.com\/product\/yoast-seo-wordpress\/ -->\n<title>Gehwol Fusskraft pehme jalavaht - Artmed Podoakadeemia<\/title>\n<meta name=\"robots\" content=\"index, follow, max-snippet:-1, max-image-preview:large, max-video-preview:-1\" \/>\n<link rel=\"canonical\" href=\"https:\/\/artmed.ee\/ee\/shop\/staleks\/allproducts\/gehwol-fusskraft-pehme-jalavaht\/\" \/>\n<meta property=\"og:locale\" content=\"et_EE\" \/>\n<meta property=\"og:type\" content=\"article\" \/>\n<meta property=\"og:title\" content=\"Gehwol Fusskraft pehme jalavaht - Artmed Podoakadeemia\" \/>\n<meta property=\"og:description\" content=\"125ml, 300ml  Aloe vera ja oliiv hoolitsetud jalgade ja s\u00e4\u00e4rte jaoks\" \/>\n<meta property=\"og:url\" content=\"https:\/\/artmed.ee\/ee\/shop\/staleks\/allproducts\/gehwol-fusskraft-pehme-jalavaht\/\" \/>\n<meta property=\"og:site_name\" content=\"Artmed Podoakadeemia\" \/>\n<meta property=\"article:publisher\" content=\"https:\/\/www.facebook.com\/artmedstuudio\" \/>\n<meta property=\"article:modified_time\" content=\"2025-12-14T14:27:32+00:00\" \/>\n<meta name=\"twitter:card\" content=\"summary_large_image\" \/>\n<script type=\"application\/ld+json\" class=\"yoast-schema-graph\">{\"@context\":\"https:\\\/\\\/schema.org\",\"@graph\":[{\"@type\":\"WebPage\",\"@id\":\"https:\\\/\\\/artmed.ee\\\/shop\\\/staleks\\\/allproducts\\\/gehwol-fusskraft-pehme-jalavaht\\\/\",\"url\":\"https:\\\/\\\/artmed.ee\\\/shop\\\/staleks\\\/allproducts\\\/gehwol-fusskraft-pehme-jalavaht\\\/\",\"name\":\"Gehwol Fusskraft pehme jalavaht - Artmed Podoakadeemia\",\"isPartOf\":{\"@id\":\"https:\\\/\\\/artmed.ee\\\/#website\"},\"primaryImageOfPage\":{\"@id\":\"https:\\\/\\\/artmed.ee\\\/shop\\\/staleks\\\/allproducts\\\/gehwol-fusskraft-pehme-jalavaht\\\/#primaryimage\"},\"image\":{\"@id\":\"https:\\\/\\\/artmed.ee\\\/shop\\\/staleks\\\/allproducts\\\/gehwol-fusskraft-pehme-jalavaht\\\/#primaryimage\"},\"thumbnailUrl\":\"https:\\\/\\\/artmed.ee\\\/wp-content\\\/uploads\\\/2025\\\/12\\\/111280704.png\",\"datePublished\":\"2025-12-14T09:20:42+00:00\",\"dateModified\":\"2025-12-14T14:27:32+00:00\",\"breadcrumb\":{\"@id\":\"https:\\\/\\\/artmed.ee\\\/shop\\\/staleks\\\/allproducts\\\/gehwol-fusskraft-pehme-jalavaht\\\/#breadcrumb\"},\"inLanguage\":\"et\",\"potentialAction\":[{\"@type\":\"ReadAction\",\"target\":[\"https:\\\/\\\/artmed.ee\\\/shop\\\/staleks\\\/allproducts\\\/gehwol-fusskraft-pehme-jalavaht\\\/\"]}]},{\"@type\":\"ImageObject\",\"inLanguage\":\"et\",\"@id\":\"https:\\\/\\\/artmed.ee\\\/shop\\\/staleks\\\/allproducts\\\/gehwol-fusskraft-pehme-jalavaht\\\/#primaryimage\",\"url\":\"https:\\\/\\\/artmed.ee\\\/wp-content\\\/uploads\\\/2025\\\/12\\\/111280704.png\",\"contentUrl\":\"https:\\\/\\\/artmed.ee\\\/wp-content\\\/uploads\\\/2025\\\/12\\\/111280704.png\",\"width\":1200,\"height\":1200},{\"@type\":\"BreadcrumbList\",\"@id\":\"https:\\\/\\\/artmed.ee\\\/shop\\\/staleks\\\/allproducts\\\/gehwol-fusskraft-pehme-jalavaht\\\/#breadcrumb\",\"itemListElement\":[{\"@type\":\"ListItem\",\"position\":1,\"name\":\"\u0413\u043b\u0430\u0432\u043d\u0430\u044f \u0441\u0442\u0440\u0430\u043d\u0438\u0446\u0430\",\"item\":\"https:\\\/\\\/artmed.ee\\\/\"},{\"@type\":\"ListItem\",\"position\":2,\"name\":\"\u0422\u043e\u0432\u0430\u0440\u044b\",\"item\":\"https:\\\/\\\/artmed.ee\\\/shop\\\/\"},{\"@type\":\"ListItem\",\"position\":3,\"name\":\"Gehwol Fusskraft pehme jalavaht\"}]},{\"@type\":\"WebSite\",\"@id\":\"https:\\\/\\\/artmed.ee\\\/#website\",\"url\":\"https:\\\/\\\/artmed.ee\\\/\",\"name\":\"Artmed.ee\",\"description\":\"\u041c\u044b \u0437\u0430\u0431\u043e\u0442\u0438\u043c\u0441\u044f \u043e \u0432\u0430\u0448\u0438\u0445 \u043d\u043e\u0433\u0430\u0445! \u041b\u0435\u0447\u0435\u0431\u043d\u044b\u0439 \u043f\u0435\u0434\u0438\u043a\u044e\u0440 \u0432 \u0422\u0430\u043b\u043b\u0438\u043d\u043d\u0435, \u0446\u0435\u043d\u0442\u0440 \u043e\u0431\u0443\u0447\u0435\u043d\u0438\u044f \u0430\u043f\u043f\u0430\u0440\u0430\u0442\u043d\u043e\u043c\u0443 \u043f\u0435\u0434\u0438\u043a\u044e\u0440\u0443. \u0423\u0441\u0442\u0430\u043d\u043e\u0432\u043a\u0430 \u043a\u043e\u0440\u0440\u0435\u043a\u0446\u0438\u043e\u043d\u043d\u043e\u0439 \u0441\u0438\u0441\u0442\u0435\u043c\u044b. \u041b\u0435\u0447\u0435\u043d\u0438\u0435 \u043d\u043e\u0433. \u0413\u0440\u0438\u0431\u043e\u043a, \u043c\u043e\u0437\u043e\u043b\u0438, \u043d\u0430\u0442\u043e\u043f\u0442\u044b\u0448\u0438, \u043f\u0435\u0434\u0438\u043a\u044e\u0440.\",\"publisher\":{\"@id\":\"https:\\\/\\\/artmed.ee\\\/#organization\"},\"potentialAction\":[{\"@type\":\"SearchAction\",\"target\":{\"@type\":\"EntryPoint\",\"urlTemplate\":\"https:\\\/\\\/artmed.ee\\\/?s={search_term_string}\"},\"query-input\":{\"@type\":\"PropertyValueSpecification\",\"valueRequired\":true,\"valueName\":\"search_term_string\"}}],\"inLanguage\":\"et\"},{\"@type\":\"Organization\",\"@id\":\"https:\\\/\\\/artmed.ee\\\/#organization\",\"name\":\"Artmed Podoakadeemia\",\"url\":\"https:\\\/\\\/artmed.ee\\\/\",\"logo\":{\"@type\":\"ImageObject\",\"inLanguage\":\"et\",\"@id\":\"https:\\\/\\\/artmed.ee\\\/#\\\/schema\\\/logo\\\/image\\\/\",\"url\":\"https:\\\/\\\/artmed.ee\\\/wp-content\\\/uploads\\\/2025\\\/01\\\/cropped-artmed_logo_png-1.png\",\"contentUrl\":\"https:\\\/\\\/artmed.ee\\\/wp-content\\\/uploads\\\/2025\\\/01\\\/cropped-artmed_logo_png-1.png\",\"width\":639,\"height\":391,\"caption\":\"Artmed Podoakadeemia\"},\"image\":{\"@id\":\"https:\\\/\\\/artmed.ee\\\/#\\\/schema\\\/logo\\\/image\\\/\"},\"sameAs\":[\"https:\\\/\\\/www.facebook.com\\\/artmedstuudio\",\"https:\\\/\\\/www.instagram.com\\\/artmed_podoakadeemia\\\/\"]}]}<\/script>\n<!-- \/ Yoast SEO plugin. -->","yoast_head_json":{"title":"Gehwol Fusskraft pehme jalavaht - Artmed Podoakadeemia","robots":{"index":"index","follow":"follow","max-snippet":"max-snippet:-1","max-image-preview":"max-image-preview:large","max-video-preview":"max-video-preview:-1"},"canonical":"https:\/\/artmed.ee\/ee\/shop\/staleks\/allproducts\/gehwol-fusskraft-pehme-jalavaht\/","og_locale":"et_EE","og_type":"article","og_title":"Gehwol Fusskraft pehme jalavaht - Artmed Podoakadeemia","og_description":"125ml, 300ml  Aloe vera ja oliiv hoolitsetud jalgade ja s\u00e4\u00e4rte jaoks","og_url":"https:\/\/artmed.ee\/ee\/shop\/staleks\/allproducts\/gehwol-fusskraft-pehme-jalavaht\/","og_site_name":"Artmed Podoakadeemia","article_publisher":"https:\/\/www.facebook.com\/artmedstuudio","article_modified_time":"2025-12-14T14:27:32+00:00","twitter_card":"summary_large_image","schema":{"@context":"https:\/\/schema.org","@graph":[{"@type":"WebPage","@id":"https:\/\/artmed.ee\/shop\/staleks\/allproducts\/gehwol-fusskraft-pehme-jalavaht\/","url":"https:\/\/artmed.ee\/shop\/staleks\/allproducts\/gehwol-fusskraft-pehme-jalavaht\/","name":"Gehwol Fusskraft pehme jalavaht - Artmed Podoakadeemia","isPartOf":{"@id":"https:\/\/artmed.ee\/#website"},"primaryImageOfPage":{"@id":"https:\/\/artmed.ee\/shop\/staleks\/allproducts\/gehwol-fusskraft-pehme-jalavaht\/#primaryimage"},"image":{"@id":"https:\/\/artmed.ee\/shop\/staleks\/allproducts\/gehwol-fusskraft-pehme-jalavaht\/#primaryimage"},"thumbnailUrl":"https:\/\/artmed.ee\/wp-content\/uploads\/2025\/12\/111280704.png","datePublished":"2025-12-14T09:20:42+00:00","dateModified":"2025-12-14T14:27:32+00:00","breadcrumb":{"@id":"https:\/\/artmed.ee\/shop\/staleks\/allproducts\/gehwol-fusskraft-pehme-jalavaht\/#breadcrumb"},"inLanguage":"et","potentialAction":[{"@type":"ReadAction","target":["https:\/\/artmed.ee\/shop\/staleks\/allproducts\/gehwol-fusskraft-pehme-jalavaht\/"]}]},{"@type":"ImageObject","inLanguage":"et","@id":"https:\/\/artmed.ee\/shop\/staleks\/allproducts\/gehwol-fusskraft-pehme-jalavaht\/#primaryimage","url":"https:\/\/artmed.ee\/wp-content\/uploads\/2025\/12\/111280704.png","contentUrl":"https:\/\/artmed.ee\/wp-content\/uploads\/2025\/12\/111280704.png","width":1200,"height":1200},{"@type":"BreadcrumbList","@id":"https:\/\/artmed.ee\/shop\/staleks\/allproducts\/gehwol-fusskraft-pehme-jalavaht\/#breadcrumb","itemListElement":[{"@type":"ListItem","position":1,"name":"\u0413\u043b\u0430\u0432\u043d\u0430\u044f \u0441\u0442\u0440\u0430\u043d\u0438\u0446\u0430","item":"https:\/\/artmed.ee\/"},{"@type":"ListItem","position":2,"name":"\u0422\u043e\u0432\u0430\u0440\u044b","item":"https:\/\/artmed.ee\/shop\/"},{"@type":"ListItem","position":3,"name":"Gehwol Fusskraft pehme jalavaht"}]},{"@type":"WebSite","@id":"https:\/\/artmed.ee\/#website","url":"https:\/\/artmed.ee\/","name":"Artmed.ee","description":"\u041c\u044b \u0437\u0430\u0431\u043e\u0442\u0438\u043c\u0441\u044f \u043e \u0432\u0430\u0448\u0438\u0445 \u043d\u043e\u0433\u0430\u0445! \u041b\u0435\u0447\u0435\u0431\u043d\u044b\u0439 \u043f\u0435\u0434\u0438\u043a\u044e\u0440 \u0432 \u0422\u0430\u043b\u043b\u0438\u043d\u043d\u0435, \u0446\u0435\u043d\u0442\u0440 \u043e\u0431\u0443\u0447\u0435\u043d\u0438\u044f \u0430\u043f\u043f\u0430\u0440\u0430\u0442\u043d\u043e\u043c\u0443 \u043f\u0435\u0434\u0438\u043a\u044e\u0440\u0443. \u0423\u0441\u0442\u0430\u043d\u043e\u0432\u043a\u0430 \u043a\u043e\u0440\u0440\u0435\u043a\u0446\u0438\u043e\u043d\u043d\u043e\u0439 \u0441\u0438\u0441\u0442\u0435\u043c\u044b. \u041b\u0435\u0447\u0435\u043d\u0438\u0435 \u043d\u043e\u0433. \u0413\u0440\u0438\u0431\u043e\u043a, \u043c\u043e\u0437\u043e\u043b\u0438, \u043d\u0430\u0442\u043e\u043f\u0442\u044b\u0448\u0438, \u043f\u0435\u0434\u0438\u043a\u044e\u0440.","publisher":{"@id":"https:\/\/artmed.ee\/#organization"},"potentialAction":[{"@type":"SearchAction","target":{"@type":"EntryPoint","urlTemplate":"https:\/\/artmed.ee\/?s={search_term_string}"},"query-input":{"@type":"PropertyValueSpecification","valueRequired":true,"valueName":"search_term_string"}}],"inLanguage":"et"},{"@type":"Organization","@id":"https:\/\/artmed.ee\/#organization","name":"Artmed Podoakadeemia","url":"https:\/\/artmed.ee\/","logo":{"@type":"ImageObject","inLanguage":"et","@id":"https:\/\/artmed.ee\/#\/schema\/logo\/image\/","url":"https:\/\/artmed.ee\/wp-content\/uploads\/2025\/01\/cropped-artmed_logo_png-1.png","contentUrl":"https:\/\/artmed.ee\/wp-content\/uploads\/2025\/01\/cropped-artmed_logo_png-1.png","width":639,"height":391,"caption":"Artmed Podoakadeemia"},"image":{"@id":"https:\/\/artmed.ee\/#\/schema\/logo\/image\/"},"sameAs":["https:\/\/www.facebook.com\/artmedstuudio","https:\/\/www.instagram.com\/artmed_podoakadeemia\/"]}]}},"_links":{"self":[{"href":"https:\/\/artmed.ee\/ee\/wp-json\/wp\/v2\/product\/4786","targetHints":{"allow":["GET"]}}],"collection":[{"href":"https:\/\/artmed.ee\/ee\/wp-json\/wp\/v2\/product"}],"about":[{"href":"https:\/\/artmed.ee\/ee\/wp-json\/wp\/v2\/types\/product"}],"replies":[{"embeddable":true,"href":"https:\/\/artmed.ee\/ee\/wp-json\/wp\/v2\/comments?post=4786"}],"wp:featuredmedia":[{"embeddable":true,"href":"https:\/\/artmed.ee\/ee\/wp-json\/wp\/v2\/media\/4895"}],"wp:attachment":[{"href":"https:\/\/artmed.ee\/ee\/wp-json\/wp\/v2\/media?parent=4786"}],"wp:term":[{"taxonomy":"product_brand","embeddable":true,"href":"https:\/\/artmed.ee\/ee\/wp-json\/wp\/v2\/product_brand?post=4786"},{"taxonomy":"product_cat","embeddable":true,"href":"https:\/\/artmed.ee\/ee\/wp-json\/wp\/v2\/product_cat?post=4786"},{"taxonomy":"product_tag","embeddable":true,"href":"https:\/\/artmed.ee\/ee\/wp-json\/wp\/v2\/product_tag?post=4786"}],"curies":[{"name":"wp","href":"https:\/\/api.w.org\/{rel}","templated":true}]}}