{"id":4908,"date":"2025-12-14T14:53:57","date_gmt":"2025-12-14T14:53:57","guid":{"rendered":"https:\/\/artmed.ee\/?post_type=product&#038;p=4908"},"modified":"2025-12-14T14:53:57","modified_gmt":"2025-12-14T14:53:57","slug":"gehwol-kreemjas-jalavann-3","status":"publish","type":"product","link":"https:\/\/artmed.ee\/ee\/shop\/staleks\/allproducts\/gehwol-kreemjas-jalavann-3\/","title":{"rendered":"Gehwol kreemjas jalavann"},"content":{"rendered":"<p>V\u00e4rskendav ja elustav vannikontsentraat. Oikalavendli ja lavendliga.<\/p>\n<p>GEHWOL Creme Footvann sisaldab v\u00e4\u00e4rtuslikke toimeaineid ja aineid, mis aitavad v\u00e4sinud, valutavatel ja pinges jalgadel end h\u00e4sti tunda. Nahk muutub siledaks. Regulaarne suplemine hoiab \u00e4ra infektsioonid ja tagab pikaajalise desodoreerimise. Nahklavendli ja lavendli v\u00e4rske l\u00f5hn m\u00f5jub rahustavalt ja l\u00f5\u00f5gastavalt.<\/p>","protected":false},"excerpt":{"rendered":"<p><strong>150ml<\/strong><\/p>\n<p>V\u00e4rskendav ja elustav vannikontsentraat. Oikalavendli ja lavendliga.<\/p>","protected":false},"featured_media":4909,"comment_status":"open","ping_status":"closed","template":"","meta":{"_acf_changed":false},"product_brand":[],"product_cat":[18],"product_tag":[],"class_list":{"0":"post-4908","1":"product","2":"type-product","3":"status-publish","4":"has-post-thumbnail","6":"product_cat-allproducts","8":"first","9":"instock","10":"taxable","11":"shipping-taxable","12":"product-type-simple"},"acf":[],"yoast_head":"<!-- This site is optimized with the Yoast SEO plugin v27.3 - https:\/\/yoast.com\/product\/yoast-seo-wordpress\/ -->\n<title>Gehwol kreemjas jalavann - Artmed Podoakadeemia<\/title>\n<meta name=\"robots\" content=\"index, follow, max-snippet:-1, max-image-preview:large, max-video-preview:-1\" \/>\n<link rel=\"canonical\" href=\"https:\/\/artmed.ee\/ee\/shop\/uncategorized\/gehwol-kreemjas-jalavann-3\/\" \/>\n<meta property=\"og:locale\" content=\"et_EE\" \/>\n<meta property=\"og:type\" content=\"article\" \/>\n<meta property=\"og:title\" content=\"Gehwol kreemjas jalavann - Artmed Podoakadeemia\" \/>\n<meta property=\"og:description\" content=\"150ml  V\u00e4rskendav ja elustav vannikontsentraat. Oikalavendli ja lavendliga.\" \/>\n<meta property=\"og:url\" content=\"https:\/\/artmed.ee\/ee\/shop\/uncategorized\/gehwol-kreemjas-jalavann-3\/\" \/>\n<meta property=\"og:site_name\" content=\"Artmed Podoakadeemia\" \/>\n<meta property=\"article:publisher\" content=\"https:\/\/www.facebook.com\/artmedstuudio\" \/>\n<meta name=\"twitter:card\" content=\"summary_large_image\" \/>\n<script type=\"application\/ld+json\" class=\"yoast-schema-graph\">{\"@context\":\"https:\\\/\\\/schema.org\",\"@graph\":[{\"@type\":\"WebPage\",\"@id\":\"https:\\\/\\\/artmed.ee\\\/shop\\\/uncategorized\\\/gehwol-kreemjas-jalavann-3\\\/\",\"url\":\"https:\\\/\\\/artmed.ee\\\/shop\\\/uncategorized\\\/gehwol-kreemjas-jalavann-3\\\/\",\"name\":\"Gehwol kreemjas jalavann - Artmed Podoakadeemia\",\"isPartOf\":{\"@id\":\"https:\\\/\\\/artmed.ee\\\/#website\"},\"primaryImageOfPage\":{\"@id\":\"https:\\\/\\\/artmed.ee\\\/shop\\\/uncategorized\\\/gehwol-kreemjas-jalavann-3\\\/#primaryimage\"},\"image\":{\"@id\":\"https:\\\/\\\/artmed.ee\\\/shop\\\/uncategorized\\\/gehwol-kreemjas-jalavann-3\\\/#primaryimage\"},\"thumbnailUrl\":\"https:\\\/\\\/artmed.ee\\\/wp-content\\\/uploads\\\/2025\\\/12\\\/102500800-1.png\",\"datePublished\":\"2025-12-14T14:53:57+00:00\",\"breadcrumb\":{\"@id\":\"https:\\\/\\\/artmed.ee\\\/shop\\\/uncategorized\\\/gehwol-kreemjas-jalavann-3\\\/#breadcrumb\"},\"inLanguage\":\"et\",\"potentialAction\":[{\"@type\":\"ReadAction\",\"target\":[\"https:\\\/\\\/artmed.ee\\\/shop\\\/uncategorized\\\/gehwol-kreemjas-jalavann-3\\\/\"]}]},{\"@type\":\"ImageObject\",\"inLanguage\":\"et\",\"@id\":\"https:\\\/\\\/artmed.ee\\\/shop\\\/uncategorized\\\/gehwol-kreemjas-jalavann-3\\\/#primaryimage\",\"url\":\"https:\\\/\\\/artmed.ee\\\/wp-content\\\/uploads\\\/2025\\\/12\\\/102500800-1.png\",\"contentUrl\":\"https:\\\/\\\/artmed.ee\\\/wp-content\\\/uploads\\\/2025\\\/12\\\/102500800-1.png\",\"width\":1600,\"height\":1600},{\"@type\":\"BreadcrumbList\",\"@id\":\"https:\\\/\\\/artmed.ee\\\/shop\\\/uncategorized\\\/gehwol-kreemjas-jalavann-3\\\/#breadcrumb\",\"itemListElement\":[{\"@type\":\"ListItem\",\"position\":1,\"name\":\"\u0413\u043b\u0430\u0432\u043d\u0430\u044f \u0441\u0442\u0440\u0430\u043d\u0438\u0446\u0430\",\"item\":\"https:\\\/\\\/artmed.ee\\\/\"},{\"@type\":\"ListItem\",\"position\":2,\"name\":\"\u0422\u043e\u0432\u0430\u0440\u044b\",\"item\":\"https:\\\/\\\/artmed.ee\\\/shop\\\/\"},{\"@type\":\"ListItem\",\"position\":3,\"name\":\"Gehwol kreemjas jalavann\"}]},{\"@type\":\"WebSite\",\"@id\":\"https:\\\/\\\/artmed.ee\\\/#website\",\"url\":\"https:\\\/\\\/artmed.ee\\\/\",\"name\":\"Artmed.ee\",\"description\":\"\u041c\u044b \u0437\u0430\u0431\u043e\u0442\u0438\u043c\u0441\u044f \u043e \u0432\u0430\u0448\u0438\u0445 \u043d\u043e\u0433\u0430\u0445! \u041b\u0435\u0447\u0435\u0431\u043d\u044b\u0439 \u043f\u0435\u0434\u0438\u043a\u044e\u0440 \u0432 \u0422\u0430\u043b\u043b\u0438\u043d\u043d\u0435, \u0446\u0435\u043d\u0442\u0440 \u043e\u0431\u0443\u0447\u0435\u043d\u0438\u044f \u0430\u043f\u043f\u0430\u0440\u0430\u0442\u043d\u043e\u043c\u0443 \u043f\u0435\u0434\u0438\u043a\u044e\u0440\u0443. \u0423\u0441\u0442\u0430\u043d\u043e\u0432\u043a\u0430 \u043a\u043e\u0440\u0440\u0435\u043a\u0446\u0438\u043e\u043d\u043d\u043e\u0439 \u0441\u0438\u0441\u0442\u0435\u043c\u044b. \u041b\u0435\u0447\u0435\u043d\u0438\u0435 \u043d\u043e\u0433. \u0413\u0440\u0438\u0431\u043e\u043a, \u043c\u043e\u0437\u043e\u043b\u0438, \u043d\u0430\u0442\u043e\u043f\u0442\u044b\u0448\u0438, \u043f\u0435\u0434\u0438\u043a\u044e\u0440.\",\"publisher\":{\"@id\":\"https:\\\/\\\/artmed.ee\\\/#organization\"},\"potentialAction\":[{\"@type\":\"SearchAction\",\"target\":{\"@type\":\"EntryPoint\",\"urlTemplate\":\"https:\\\/\\\/artmed.ee\\\/?s={search_term_string}\"},\"query-input\":{\"@type\":\"PropertyValueSpecification\",\"valueRequired\":true,\"valueName\":\"search_term_string\"}}],\"inLanguage\":\"et\"},{\"@type\":\"Organization\",\"@id\":\"https:\\\/\\\/artmed.ee\\\/#organization\",\"name\":\"Artmed Podoakadeemia\",\"url\":\"https:\\\/\\\/artmed.ee\\\/\",\"logo\":{\"@type\":\"ImageObject\",\"inLanguage\":\"et\",\"@id\":\"https:\\\/\\\/artmed.ee\\\/#\\\/schema\\\/logo\\\/image\\\/\",\"url\":\"https:\\\/\\\/artmed.ee\\\/wp-content\\\/uploads\\\/2025\\\/01\\\/cropped-artmed_logo_png-1.png\",\"contentUrl\":\"https:\\\/\\\/artmed.ee\\\/wp-content\\\/uploads\\\/2025\\\/01\\\/cropped-artmed_logo_png-1.png\",\"width\":639,\"height\":391,\"caption\":\"Artmed Podoakadeemia\"},\"image\":{\"@id\":\"https:\\\/\\\/artmed.ee\\\/#\\\/schema\\\/logo\\\/image\\\/\"},\"sameAs\":[\"https:\\\/\\\/www.facebook.com\\\/artmedstuudio\",\"https:\\\/\\\/www.instagram.com\\\/artmed_podoakadeemia\\\/\"]}]}<\/script>\n<!-- \/ Yoast SEO plugin. -->","yoast_head_json":{"title":"Gehwol kreemjas jalavann - Artmed Podoakadeemia","robots":{"index":"index","follow":"follow","max-snippet":"max-snippet:-1","max-image-preview":"max-image-preview:large","max-video-preview":"max-video-preview:-1"},"canonical":"https:\/\/artmed.ee\/ee\/shop\/uncategorized\/gehwol-kreemjas-jalavann-3\/","og_locale":"et_EE","og_type":"article","og_title":"Gehwol kreemjas jalavann - Artmed Podoakadeemia","og_description":"150ml  V\u00e4rskendav ja elustav vannikontsentraat. Oikalavendli ja lavendliga.","og_url":"https:\/\/artmed.ee\/ee\/shop\/uncategorized\/gehwol-kreemjas-jalavann-3\/","og_site_name":"Artmed Podoakadeemia","article_publisher":"https:\/\/www.facebook.com\/artmedstuudio","twitter_card":"summary_large_image","schema":{"@context":"https:\/\/schema.org","@graph":[{"@type":"WebPage","@id":"https:\/\/artmed.ee\/shop\/uncategorized\/gehwol-kreemjas-jalavann-3\/","url":"https:\/\/artmed.ee\/shop\/uncategorized\/gehwol-kreemjas-jalavann-3\/","name":"Gehwol kreemjas jalavann - Artmed Podoakadeemia","isPartOf":{"@id":"https:\/\/artmed.ee\/#website"},"primaryImageOfPage":{"@id":"https:\/\/artmed.ee\/shop\/uncategorized\/gehwol-kreemjas-jalavann-3\/#primaryimage"},"image":{"@id":"https:\/\/artmed.ee\/shop\/uncategorized\/gehwol-kreemjas-jalavann-3\/#primaryimage"},"thumbnailUrl":"https:\/\/artmed.ee\/wp-content\/uploads\/2025\/12\/102500800-1.png","datePublished":"2025-12-14T14:53:57+00:00","breadcrumb":{"@id":"https:\/\/artmed.ee\/shop\/uncategorized\/gehwol-kreemjas-jalavann-3\/#breadcrumb"},"inLanguage":"et","potentialAction":[{"@type":"ReadAction","target":["https:\/\/artmed.ee\/shop\/uncategorized\/gehwol-kreemjas-jalavann-3\/"]}]},{"@type":"ImageObject","inLanguage":"et","@id":"https:\/\/artmed.ee\/shop\/uncategorized\/gehwol-kreemjas-jalavann-3\/#primaryimage","url":"https:\/\/artmed.ee\/wp-content\/uploads\/2025\/12\/102500800-1.png","contentUrl":"https:\/\/artmed.ee\/wp-content\/uploads\/2025\/12\/102500800-1.png","width":1600,"height":1600},{"@type":"BreadcrumbList","@id":"https:\/\/artmed.ee\/shop\/uncategorized\/gehwol-kreemjas-jalavann-3\/#breadcrumb","itemListElement":[{"@type":"ListItem","position":1,"name":"\u0413\u043b\u0430\u0432\u043d\u0430\u044f \u0441\u0442\u0440\u0430\u043d\u0438\u0446\u0430","item":"https:\/\/artmed.ee\/"},{"@type":"ListItem","position":2,"name":"\u0422\u043e\u0432\u0430\u0440\u044b","item":"https:\/\/artmed.ee\/shop\/"},{"@type":"ListItem","position":3,"name":"Gehwol kreemjas jalavann"}]},{"@type":"WebSite","@id":"https:\/\/artmed.ee\/#website","url":"https:\/\/artmed.ee\/","name":"Artmed.ee","description":"\u041c\u044b \u0437\u0430\u0431\u043e\u0442\u0438\u043c\u0441\u044f \u043e \u0432\u0430\u0448\u0438\u0445 \u043d\u043e\u0433\u0430\u0445! \u041b\u0435\u0447\u0435\u0431\u043d\u044b\u0439 \u043f\u0435\u0434\u0438\u043a\u044e\u0440 \u0432 \u0422\u0430\u043b\u043b\u0438\u043d\u043d\u0435, \u0446\u0435\u043d\u0442\u0440 \u043e\u0431\u0443\u0447\u0435\u043d\u0438\u044f \u0430\u043f\u043f\u0430\u0440\u0430\u0442\u043d\u043e\u043c\u0443 \u043f\u0435\u0434\u0438\u043a\u044e\u0440\u0443. \u0423\u0441\u0442\u0430\u043d\u043e\u0432\u043a\u0430 \u043a\u043e\u0440\u0440\u0435\u043a\u0446\u0438\u043e\u043d\u043d\u043e\u0439 \u0441\u0438\u0441\u0442\u0435\u043c\u044b. \u041b\u0435\u0447\u0435\u043d\u0438\u0435 \u043d\u043e\u0433. \u0413\u0440\u0438\u0431\u043e\u043a, \u043c\u043e\u0437\u043e\u043b\u0438, \u043d\u0430\u0442\u043e\u043f\u0442\u044b\u0448\u0438, \u043f\u0435\u0434\u0438\u043a\u044e\u0440.","publisher":{"@id":"https:\/\/artmed.ee\/#organization"},"potentialAction":[{"@type":"SearchAction","target":{"@type":"EntryPoint","urlTemplate":"https:\/\/artmed.ee\/?s={search_term_string}"},"query-input":{"@type":"PropertyValueSpecification","valueRequired":true,"valueName":"search_term_string"}}],"inLanguage":"et"},{"@type":"Organization","@id":"https:\/\/artmed.ee\/#organization","name":"Artmed Podoakadeemia","url":"https:\/\/artmed.ee\/","logo":{"@type":"ImageObject","inLanguage":"et","@id":"https:\/\/artmed.ee\/#\/schema\/logo\/image\/","url":"https:\/\/artmed.ee\/wp-content\/uploads\/2025\/01\/cropped-artmed_logo_png-1.png","contentUrl":"https:\/\/artmed.ee\/wp-content\/uploads\/2025\/01\/cropped-artmed_logo_png-1.png","width":639,"height":391,"caption":"Artmed Podoakadeemia"},"image":{"@id":"https:\/\/artmed.ee\/#\/schema\/logo\/image\/"},"sameAs":["https:\/\/www.facebook.com\/artmedstuudio","https:\/\/www.instagram.com\/artmed_podoakadeemia\/"]}]}},"_links":{"self":[{"href":"https:\/\/artmed.ee\/ee\/wp-json\/wp\/v2\/product\/4908","targetHints":{"allow":["GET"]}}],"collection":[{"href":"https:\/\/artmed.ee\/ee\/wp-json\/wp\/v2\/product"}],"about":[{"href":"https:\/\/artmed.ee\/ee\/wp-json\/wp\/v2\/types\/product"}],"replies":[{"embeddable":true,"href":"https:\/\/artmed.ee\/ee\/wp-json\/wp\/v2\/comments?post=4908"}],"wp:featuredmedia":[{"embeddable":true,"href":"https:\/\/artmed.ee\/ee\/wp-json\/wp\/v2\/media\/4909"}],"wp:attachment":[{"href":"https:\/\/artmed.ee\/ee\/wp-json\/wp\/v2\/media?parent=4908"}],"wp:term":[{"taxonomy":"product_brand","embeddable":true,"href":"https:\/\/artmed.ee\/ee\/wp-json\/wp\/v2\/product_brand?post=4908"},{"taxonomy":"product_cat","embeddable":true,"href":"https:\/\/artmed.ee\/ee\/wp-json\/wp\/v2\/product_cat?post=4908"},{"taxonomy":"product_tag","embeddable":true,"href":"https:\/\/artmed.ee\/ee\/wp-json\/wp\/v2\/product_tag?post=4908"}],"curies":[{"name":"wp","href":"https:\/\/api.w.org\/{rel}","templated":true}]}}